{"id":995,"date":"2019-02-15T10:34:01","date_gmt":"2019-02-15T09:34:01","guid":{"rendered":"https:\/\/www.robotec.sk\/welding\/?post_type=product&#038;p=995"},"modified":"2020-05-21T10:02:35","modified_gmt":"2020-05-21T08:02:35","slug":"lfe","status":"publish","type":"product","link":"https:\/\/www.robotec.sk\/welding\/produkt\/lfe\/","title":{"rendered":"LFE"},"content":{"rendered":"<p>Zariadenie LFE m\u00e1 pevn\u00fa kon\u0161trukciu s pr\u00e1\u0161kovou povrchovou \u00fapravou pre zaistenie vysokej odolnosti a \u017eivotnosti. V\u010faka oddeleniu turb\u00edn od filtra\u010dnej \u010dasti sa dosiahlo v\u00fdrazn\u00e9 zn\u00ed\u017eenie hlu\u010dnosti zariadenia.<\/p>\n<p>Hrub\u00e9 \u010dastice s\u00fa oddelen\u00e9 prostredn\u00edctvom deflektoru, ktor\u00fd smeruje vzduch rovnomerne na filtra\u010dn\u00e9 patr\u00f3ny, ktor\u00e9 zachyt\u00e1vaj\u00fa ne\u010distoty. Zachyten\u00e9 \u010dastice sa z povrchu filtra\u010dn\u00fdch patr\u00f3nov odstra\u0148uj\u00fa prostredn\u00edctvom stla\u010den\u00e9ho vzduchu a s\u00fa zbieran\u00e9 v z\u00e1sobn\u00edku s kapacitou cca. 9 litrov.<\/p>\n<p>Filtra\u010dn\u00e9 patr\u00f3ny zachyt\u00e1vaj\u00fa \u010dastice na povrchu a nedoch\u00e1dza k ich prenikaniu do filtra\u010dn\u00e9ho m\u00e9dia. Nov\u00e1 gener\u00e1cia jednotiek LFE je vybaven\u00e1 filtra\u010dn\u00fdmi patr\u00f3nmi, ktor\u00e9 vyu\u017e\u00edvaj\u00fa nanotechnol\u00f3giu. V\u010faka nej nie je potrebn\u00e1 povrchov\u00e1 \u00faprava filtrov \u0161peci\u00e1lnym prachom a aj bez nej vykazuj\u00fa dlh\u00fa \u017eivotnos\u0165. V pr\u00edpade, \u017ee to aplik\u00e1cia vy\u017eaduje, je mo\u017en\u00e9 in\u0161talova\u0165 do jednotky volite\u013en\u00fd syst\u00e9m na automatick\u00fa pr\u00e1\u0161kov\u00fa impregn\u00e1ciu.<\/p>\n<p>V\u010faka unik\u00e1tnemu rie\u0161eniu a trom patr\u00f3nov\u00fdm filtrom pracuje jednotka kontinu\u00e1lne. Po\u010das f\u00e1zy \u010distenia jedn\u00e9ho filtra zost\u00e1vaj\u00fa zvy\u0161n\u00e9 dva v prev\u00e1dzke. Nie je teda potrebn\u00e9 pre \u010distenie filtrov preru\u0161i\u0165 pracovn\u00fd cyklus ods\u00e1vacieho zariadenia.<\/p>\n<p>Jednotka LFE je vybaven\u00e1 filtrom s akt\u00edvnym uhl\u00edm pre zachytenie v\u00e4\u010d\u0161iny plynov a pachov. Okrem toho je zariadenie vybaven\u00e9 aj HEPA filtrom, ktor\u00fd \u010dist\u00ed vzduch v poslednej f\u00e1ze pred v\u00fdstupom z jednotky.<\/p>\n<p>Zanesenie HEPA filtra je signalizovan\u00e9 kontrolkou ako aj sign\u00e1lom cez SUB D9 interface. Zariadenie je mo\u017en\u00e9 nap\u00e1ja\u0165 so siete s nap\u00e4t\u00edm 115 V alebo 230 V, \u010do zvy\u0161uje jeho univerz\u00e1lnos\u0165 pou\u017eitia.<\/p>\n<p>Ods\u00e1vacia jednotka je vybaven\u00e1 v\u00fdkonnou podtlakovou turb\u00ednou, ktorej ods\u00e1vac\u00ed v\u00fdkon je mo\u017en\u00e9 nastavi\u0165 z ovl\u00e1dacieho panela. Minim\u00e1lne ot\u00e1\u010dky ventil\u00e1tora s\u00fa 20%. Nastavenia jednotky s\u00fa zobrazen\u00e9 na displeji riadiacej jednotky Siemens S7, ktor\u00e1 sa nach\u00e1dza na \u010delnej strane zariadenia.<\/p>\n<p>Syst\u00e9m pre automatick\u00e9 monitorovanie zanesenia patr\u00f3nov\u00fdch filtrov indikuje nutnos\u0165 ich v\u00fdmeny. \u010casticov\u00fd filter monitoruje vystupuj\u00faci vzduch zo zariadenia a v pr\u00edpade prekro\u010denia limitov d\u00f4jde k zobrazeniu chybov\u00e9ho hl\u00e1senia na displeji riadiacej jednotky a k n\u00e1sledn\u00e9mu vypnutiu cel\u00e9ho zariadenia.<\/p>\n<p>Ovl\u00e1danie jednotky cez\u00a0 nadriaden\u00fd riadiaci syst\u00e9m je mo\u017en\u00e9 prostredn\u00edctvom interfacu Harting a 2,5 m dlh\u00e9ho prepojovacieho k\u00e1bla, ktor\u00fd je s\u00fa\u010das\u0165ou dod\u00e1vky.<\/p>\n","protected":false},"excerpt":{"rendered":"<p>Ods\u00e1vacie a filtra\u010dn\u00e9 zariadenie pre laserov\u00e9 a zv\u00e1racie aplik\u00e1cie vybaven\u00e9 patr\u00f3nov\u00fdmi filtrami a automatick\u00fdm \u010disten\u00edm, ktor\u00e9 je ur\u010den\u00e9 na kontinu\u00e1lne ods\u00e1vanie a filtr\u00e1ciu splod\u00edn vznikaj\u00facich pri laserov\u00fdch aplik\u00e1ci\u00e1ch alebo zv\u00e1ran\u00ed. Efekt\u00edvnos\u0165 filtr\u00e1cie 99,95%.<\/p>\n","protected":false},"featured_media":1468,"template":"","meta":{"_monsterinsights_skip_tracking":false,"_monsterinsights_sitenote_active":false,"_monsterinsights_sitenote_note":"","_monsterinsights_sitenote_category":0},"product_brand":[],"product_cat":[85,37],"product_tag":[38],"yst_prominent_words":[],"class_list":{"0":"post-995","1":"product","2":"type-product","3":"status-publish","4":"has-post-thumbnail","6":"product_cat-odsavacie-a-filtracne-zariadenia-teka","7":"product_cat-mobilne-odsavacie-zariadenia","8":"product_tag-teka","10":"first","11":"onbackorder","12":"taxable","13":"shipping-taxable","14":"product-type-simple"},"acf":[],"_links":{"self":[{"href":"https:\/\/www.robotec.sk\/welding\/wp-json\/wp\/v2\/product\/995","targetHints":{"allow":["GET"]}}],"collection":[{"href":"https:\/\/www.robotec.sk\/welding\/wp-json\/wp\/v2\/product"}],"about":[{"href":"https:\/\/www.robotec.sk\/welding\/wp-json\/wp\/v2\/types\/product"}],"wp:featuredmedia":[{"embeddable":true,"href":"https:\/\/www.robotec.sk\/welding\/wp-json\/wp\/v2\/media\/1468"}],"wp:attachment":[{"href":"https:\/\/www.robotec.sk\/welding\/wp-json\/wp\/v2\/media?parent=995"}],"wp:term":[{"taxonomy":"product_brand","embeddable":true,"href":"https:\/\/www.robotec.sk\/welding\/wp-json\/wp\/v2\/product_brand?post=995"},{"taxonomy":"product_cat","embeddable":true,"href":"https:\/\/www.robotec.sk\/welding\/wp-json\/wp\/v2\/product_cat?post=995"},{"taxonomy":"product_tag","embeddable":true,"href":"https:\/\/www.robotec.sk\/welding\/wp-json\/wp\/v2\/product_tag?post=995"},{"taxonomy":"yst_prominent_words","embeddable":true,"href":"https:\/\/www.robotec.sk\/welding\/wp-json\/wp\/v2\/yst_prominent_words?post=995"}],"curies":[{"name":"wp","href":"https:\/\/api.w.org\/{rel}","templated":true}]}}