{"id":980,"date":"2019-02-14T15:38:17","date_gmt":"2019-02-14T14:38:17","guid":{"rendered":"https:\/\/www.robotec.sk\/welding\/?post_type=product&#038;p=980"},"modified":"2020-05-21T10:02:34","modified_gmt":"2020-05-21T08:02:34","slug":"cartmaster","status":"publish","type":"product","link":"https:\/\/www.robotec.sk\/welding\/produkt\/cartmaster\/","title":{"rendered":"CARTMASTER"},"content":{"rendered":"<p>Cartmaster je mobiln\u00e9 ods\u00e1vacie a filtra\u010dn\u00e9 zariadenie s certifik\u00e1ciou IFA, ktor\u00e9 je vybaven\u00e9\u00a0 s dvomi patr\u00f3nov\u00fdmi filtrami. Je ur\u010den\u00e9 na dlhodob\u00e9 ods\u00e1vanie a filtr\u00e1ciu splod\u00edn vznikaj\u00facich pri zv\u00e1ran\u00ed legovan\u00fdch aj nelegovan\u00fdch ocel\u00ed. T\u00e1to jednotka je certifikovan\u00e1 IFA pre triedu W3.<\/p>\n<p>Mobiln\u00e9 ods\u00e1vacie a filtra\u010dn\u00e9 zariadenie s certifik\u00e1ciou IFA pre triedu W3, ku ktor\u00e9mu je mo\u017en\u00e9 pou\u017ei\u0165 v\u0161etky dostupn\u00e9 ods\u00e1vacie ramen\u00e1 TEKA s priemerom 150 mm alebo hadicu s d\u013a\u017ekou 12 m. \u00da\u010dinnos\u0165 separ\u00e1cie dosahuje \u2265 99%.<\/p>\n<p>\u0160peci\u00e1lne navrhnut\u00fd syst\u00e9m plnoautomatick\u00e9ho \u010distenia zabezpe\u010duje optim\u00e1lnu \u00fa\u010dinnos\u0165 v priebehu celej prev\u00e1dzky zariadenia.\u00a0 V\u00fdhoda syst\u00e9mu \u010distenia \u201ePOWER SPRAY\u201c spo\u010d\u00edva nielen v nen\u00e1ro\u010dnosti na \u00fadr\u017ebu, ale aj\u00a0 v ni\u017e\u0161\u00edch n\u00e1rokoch na tlak a spotrebu stla\u010den\u00e9ho vzduchu. Zachyten\u00e9 \u010dastice sa ukladaj\u00fa v z\u00e1sobn\u00edku, ktor\u00fd je mo\u017en\u00e9 r\u00fdchlo a jednoducho vypr\u00e1zdni\u0165.<\/p>\n<p>Riadiaci syst\u00e9m ods\u00e1vacej jednotky sp\u00fa\u0161\u0165a sekvenciu \u010distenia vtedy, ke\u010f je ventil\u00e1tor jednotky v pokoji.<\/p>\n<p>Robustn\u00e1 oce\u013eov\u00e1 kon\u0161trukcia s pr\u00e1\u0161kovou povrchovou \u00fapravou zabezpe\u010duje bez\u00fadr\u017ebov\u00fa prev\u00e1dzku, a to aj pri n\u00e1ro\u010dn\u00fdch podmienkach.<\/p>\n<p>Prvotn\u00e1 separ\u00e1cia sa vykon\u00e1va pomocou deflektoru, ktor\u00fd oddel\u00ed najhrub\u0161ie \u010dastice. N\u00e1sledne patr\u00f3nov\u00fd filter odfiltruje zost\u00e1vaj\u00face pevn\u00e9 a plynn\u00e9 \u010dastice. Tieto ods\u00e1vacie a filtra\u010dn\u00e9 zariadenia s\u00fa vybaven\u00e9 filtra\u010dn\u00fdmi patr\u00f3nami kateg\u00f3rie M, ktor\u00e9 s\u00fa povrchovo upraven\u00e9 \u0161peci\u00e1lnym prachom, v\u00fdrazne zvy\u0161uj\u00facim ich \u017eivotnos\u0165 v porovnan\u00ed s be\u017en\u00fdmi filtra\u010dn\u00fdmi patr\u00f3nami.<\/p>\n<p>Prednos\u0165ou zariadenia je jednoduch\u00e1 obsluha, ide\u00e1lna kon\u0161trukcia a n\u00edzke prev\u00e1dzkov\u00e9 n\u00e1klady v\u010faka automatick\u00e9mu \u010disteniu patr\u00f3nov\u00e9ho filtra.<\/p>\n<p><strong>\u0160tandardn\u00e1 dod\u00e1vka:<\/strong><\/p>\n<ul style=\"list-style-type: square;\">\n<li id=\"u159941-23\">plne automatick\u00e9 \u010distenie syst\u00e9mom POWER SPRAY, zalo\u017een\u00e9 na detekcii zne\u010distenia filtra<\/li>\n<li id=\"u159941-25\">predfilter a ve\u013ek\u00fd patr\u00f3nov\u00fd filter s dlhou \u017eivotnos\u0165ou<\/li>\n<li id=\"u159941-27\">ovl\u00e1dac\u00ed panel s displejom<\/li>\n<li id=\"u159941-29\">vzdu\u0161n\u00edk<\/li>\n<li id=\"u159941-31\">optick\u00e1 kontrola zanesenia filtra<\/li>\n<li id=\"u159941-33\">utesnenie jednotky<\/li>\n<li id=\"u159941-35\">po\u010d\u00edtadlo prev\u00e1dzkov\u00fdch hod\u00edn<\/li>\n<li id=\"u159941-37\">1 ods\u00e1vacie rameno s \u00d8150 mm s d\u013a\u017ekou 2, 3 alebo 4 m; mo\u017enos\u0165 pripojenia hadice s d\u013a\u017ekou 12 m<\/li>\n<li id=\"u159941-39\">5 m sie\u0165ov\u00fd k\u00e1bel<\/li>\n<li id=\"u159941-41\">PE vrecko v z\u00e1sobn\u00edku na zbieranie prachu<\/li>\n<\/ul>\n<p><strong>Volite\u013en\u00e9 pr\u00edslu\u0161enstvo:<\/strong><\/p>\n<ul style=\"list-style-type: square;\">\n<li id=\"u159941-48\">syst\u00e9m automatick\u00e9ho \u0161tartu\/vypnutia<\/li>\n<li id=\"u159941-50\">hlavn\u00fd vyp\u00edna\u010d zariadenia na ods\u00e1vacej hubici<\/li>\n<li id=\"u159941-52\">osvet\u013eovac\u00ed set v ods\u00e1vacej hubici<\/li>\n<li id=\"u159941-54\">sitko do hubice pre zachyt\u00e1vanie iskier<\/li>\n<li id=\"u159941-56\">set s akt\u00edvnym uhl\u00edm<\/li>\n<\/ul>\n","protected":false},"excerpt":{"rendered":"<p>Mobiln\u00e9 filtra\u010dn\u00e9 ods\u00e1vacie zariadenie certifikovan\u00e9 IFA v kateg\u00f3rii W3 s plnoautomatick\u00fdm \u010disten\u00edm filtrov. Zariadenie je vybaven\u00e9 jedn\u00fdm ramenom a patr\u00f3nov\u00fdm filtrom s ve\u013ekou filtra\u010dnou plochou. Maxim\u00e1lny sac\u00ed v\u00fdkon 3000 m3\/h a stupe\u0148 filtr\u00e1cie &gt;99%.<\/p>\n","protected":false},"featured_media":1461,"template":"","meta":{"_monsterinsights_skip_tracking":false,"_monsterinsights_sitenote_active":false,"_monsterinsights_sitenote_note":"","_monsterinsights_sitenote_category":0},"product_brand":[],"product_cat":[85,37],"product_tag":[38],"yst_prominent_words":[],"class_list":{"0":"post-980","1":"product","2":"type-product","3":"status-publish","4":"has-post-thumbnail","6":"product_cat-odsavacie-a-filtracne-zariadenia-teka","7":"product_cat-mobilne-odsavacie-zariadenia","8":"product_tag-teka","10":"first","11":"onbackorder","12":"taxable","13":"shipping-taxable","14":"product-type-simple"},"acf":[],"_links":{"self":[{"href":"https:\/\/www.robotec.sk\/welding\/wp-json\/wp\/v2\/product\/980","targetHints":{"allow":["GET"]}}],"collection":[{"href":"https:\/\/www.robotec.sk\/welding\/wp-json\/wp\/v2\/product"}],"about":[{"href":"https:\/\/www.robotec.sk\/welding\/wp-json\/wp\/v2\/types\/product"}],"wp:featuredmedia":[{"embeddable":true,"href":"https:\/\/www.robotec.sk\/welding\/wp-json\/wp\/v2\/media\/1461"}],"wp:attachment":[{"href":"https:\/\/www.robotec.sk\/welding\/wp-json\/wp\/v2\/media?parent=980"}],"wp:term":[{"taxonomy":"product_brand","embeddable":true,"href":"https:\/\/www.robotec.sk\/welding\/wp-json\/wp\/v2\/product_brand?post=980"},{"taxonomy":"product_cat","embeddable":true,"href":"https:\/\/www.robotec.sk\/welding\/wp-json\/wp\/v2\/product_cat?post=980"},{"taxonomy":"product_tag","embeddable":true,"href":"https:\/\/www.robotec.sk\/welding\/wp-json\/wp\/v2\/product_tag?post=980"},{"taxonomy":"yst_prominent_words","embeddable":true,"href":"https:\/\/www.robotec.sk\/welding\/wp-json\/wp\/v2\/yst_prominent_words?post=980"}],"curies":[{"name":"wp","href":"https:\/\/api.w.org\/{rel}","templated":true}]}}