{"id":973,"date":"2019-02-14T14:19:14","date_gmt":"2019-02-14T13:19:14","guid":{"rendered":"https:\/\/www.robotec.sk\/welding\/?post_type=product&#038;p=973"},"modified":"2020-05-21T10:02:34","modified_gmt":"2020-05-21T08:02:34","slug":"strongmaster","status":"publish","type":"product","link":"https:\/\/www.robotec.sk\/welding\/produkt\/strongmaster\/","title":{"rendered":"STRONGMASTER"},"content":{"rendered":"<p>Strongmaster je mobiln\u00e9 ods\u00e1vacie a filtra\u010dn\u00e9 zariadenie s certifik\u00e1ciou IFA, ktor\u00e9 vybaven\u00e9\u00a0 patr\u00f3nov\u00fdmi filtrami s mo\u017enos\u0165ou \u010distenia. Je ur\u010den\u00e9 na dlhodob\u00e9 ods\u00e1vanie a filtr\u00e1ciu splod\u00edn vznikaj\u00facich pri zv\u00e1ran\u00ed legovan\u00fdch aj nelegovan\u00fdch ocel\u00ed. T\u00e1to jednotka je certifikovan\u00e1 IFA pre triedu W3.<\/p>\n<p id=\"u151572-2\">Strongmaster je mobiln\u00e9 ods\u00e1vacie a filtra\u010dn\u00e9 zariadenie s certifik\u00e1ciou IFA, ku ktor\u00e9mu je mo\u017en\u00e9 pou\u017ei\u0165 v\u0161etky dostupn\u00e9 ods\u00e1vacie ramen\u00e1 TEKA s priemerom 150 mm. \u00da\u010dinnos\u0165 separ\u00e1cie dosahuje \u2265 99%.<\/p>\n<p id=\"u151572-5\">Zariadenie sa vyzna\u010duje stabilnou kon\u0161trukciou a vy\u017eaduje minim\u00e1lnu \u00fadr\u017ebu aj pri pou\u017eit\u00ed v n\u00e1ro\u010dn\u00fdch podmienkach. Prvotn\u00e1 separ\u00e1cia sa vykon\u00e1va pomocou deflektoru, ktor\u00fd oddel\u00ed najhrub\u0161ie \u010dastice. N\u00e1sledne patr\u00f3nov\u00fd filter odfiltruje zost\u00e1vaj\u00face pevn\u00e9 a plynn\u00e9 \u010dastice.<\/p>\n<p id=\"u151572-8\">Filtre zariadenia sa \u010distia cez servisn\u00e9 dvere pomocou stla\u010den\u00e9ho vzduchu zo strany vyfukovania \u010dist\u00e9ho vzduchu. Prach je zbieran\u00fd v z\u00e1sobn\u00edku, ktor\u00fd sa nakoniec vypr\u00e1zdni. Vy\u010disten\u00fd vzduch je vyfukovan\u00fd v zadnej \u010dasti jednotky a st\u00fapa nahor, tak\u017ee u\u017e vo vzdialenosti 1 m a v\u00e4\u010d\u0161ej nie je c\u00edti\u0165 \u017eiadne ru\u0161iv\u00e9 pr\u00fadenie vzduchu.<\/p>\n<p id=\"u151572-11\">Zariadenie je vybaven\u00e9 v\u00fdkonn\u00fdm slim\u00e1kov\u00fdm ventil\u00e1torom, ktor\u00fd vyv\u00edja ve\u013ek\u00fd podtlak zaru\u010duj\u00faci vysok\u00fd volumetrick\u00fd prietok aj pri zanesen\u00ed filtra\u010dn\u00fdch patr\u00f3nov. Tieto ods\u00e1vacie a filtra\u010dn\u00e9 zariadenia s\u00fa vybaven\u00e9 filtra\u010dn\u00fdmi patr\u00f3nami kateg\u00f3rie M, ktor\u00e9 s\u00fa povrchovo upraven\u00e9 \u0161peci\u00e1lnym prachom, v\u00fdrazne zvy\u0161uj\u00facim ich \u017eivotnos\u0165 v porovnan\u00ed s be\u017en\u00fdmi filtra\u010dn\u00fdmi patr\u00f3nami.<\/p>\n<p><strong>\u0160tandardn\u00e1 dod\u00e1vka:<\/strong><\/p>\n<ul style=\"list-style-type: square;\">\n<li id=\"u151572-18\">ve\u013ek\u00fd predfilter<\/li>\n<li id=\"u151572-20\">patr\u00f3nov\u00fd filter s dlhou \u017eivotnos\u0165ou a mo\u017enos\u0165ou \u010distenia<\/li>\n<li id=\"u151572-22\">\u010dasticov\u00fd filter s efektivitou separ\u00e1cie \u226599%<\/li>\n<li id=\"u151572-24\">optick\u00e1 kontrola a akustick\u00e1 signaliz\u00e1cia zanesenia filtra<\/li>\n<li id=\"u151572-26\">utesnenie jednotky<\/li>\n<li id=\"u151572-28\">po\u010d\u00edtadlo prev\u00e1dzkov\u00fdch hod\u00edn<\/li>\n<li id=\"u151572-30\">kontrolka signaliz\u00e1cie chodu zariadenia<\/li>\n<li id=\"u151572-32\">1 alebo 2 ods\u00e1vacie ramen\u00e1 s \u00d8150 mm alebo 1 \u010di 2 hadice s d\u013a\u017ekou 12 m a \u00d8 150mm<\/li>\n<li id=\"u151572-34\">d\u013a\u017eka ods\u00e1vacieho ramena \/ hadice 2, 3 alebo 4 m<\/li>\n<li id=\"u151572-36\">5 m sie\u0165ov\u00fd k\u00e1bel<\/li>\n<li id=\"u151572-38\">PE vrecko v z\u00e1sobn\u00edku na zbieranie prachu<\/li>\n<\/ul>\n<p><strong>Volite\u013en\u00e9 pr\u00edslu\u0161enstvo:<\/strong><\/p>\n<ul style=\"list-style-type: square;\">\n<li id=\"u151572-45\">\u010distiaci set (\u0161peci\u00e1lna tryska a hadica na stla\u010den\u00fd vzduch)<\/li>\n<li id=\"u151572-47\">syst\u00e9m automatick\u00e9ho \u0161tartu\/vypnutia<\/li>\n<li id=\"u151572-49\">hlavn\u00fd vyp\u00edna\u010d zariadenia na ods\u00e1vacej hubici<\/li>\n<li id=\"u151572-51\">osvet\u013eovac\u00ed set v ods\u00e1vacej hubici<\/li>\n<li id=\"u151572-53\">hlin\u00edkov\u00e9 sitko ako predfilter<\/li>\n<li id=\"u151572-55\">sitko do hubice pre zachyt\u00e1vanie iskier<\/li>\n<\/ul>\n","protected":false},"excerpt":{"rendered":"<p>Mobiln\u00e9 ods\u00e1vacie filtra\u010dn\u00e9 zariadenie s patr\u00f3nov\u00fdm filtrom, vybaven\u00e9 jedn\u00fdm ods\u00e1vac\u00edm ramenom. Vhodn\u00e9 pre ods\u00e1vanie splod\u00edn vznikaj\u00facich pri zv\u00e1ran\u00ed legovan\u00fdch ocel\u00ed, galv. materi\u00e1lov a hlin\u00edka. Zariadenie je certifikovan\u00e9 IFA v kateg\u00f3rii W3. Maxim\u00e1lny sac\u00ed v\u00fdkon 3000 m3\/h a stupe\u0148 filtr\u00e1cie &gt;99%.<\/p>\n","protected":false},"featured_media":1469,"template":"","meta":{"_monsterinsights_skip_tracking":false,"_monsterinsights_sitenote_active":false,"_monsterinsights_sitenote_note":"","_monsterinsights_sitenote_category":0},"product_brand":[],"product_cat":[85,37],"product_tag":[38],"yst_prominent_words":[],"class_list":{"0":"post-973","1":"product","2":"type-product","3":"status-publish","4":"has-post-thumbnail","6":"product_cat-odsavacie-a-filtracne-zariadenia-teka","7":"product_cat-mobilne-odsavacie-zariadenia","8":"product_tag-teka","10":"first","11":"onbackorder","12":"taxable","13":"shipping-taxable","14":"product-type-simple"},"acf":[],"_links":{"self":[{"href":"https:\/\/www.robotec.sk\/welding\/wp-json\/wp\/v2\/product\/973","targetHints":{"allow":["GET"]}}],"collection":[{"href":"https:\/\/www.robotec.sk\/welding\/wp-json\/wp\/v2\/product"}],"about":[{"href":"https:\/\/www.robotec.sk\/welding\/wp-json\/wp\/v2\/types\/product"}],"wp:featuredmedia":[{"embeddable":true,"href":"https:\/\/www.robotec.sk\/welding\/wp-json\/wp\/v2\/media\/1469"}],"wp:attachment":[{"href":"https:\/\/www.robotec.sk\/welding\/wp-json\/wp\/v2\/media?parent=973"}],"wp:term":[{"taxonomy":"product_brand","embeddable":true,"href":"https:\/\/www.robotec.sk\/welding\/wp-json\/wp\/v2\/product_brand?post=973"},{"taxonomy":"product_cat","embeddable":true,"href":"https:\/\/www.robotec.sk\/welding\/wp-json\/wp\/v2\/product_cat?post=973"},{"taxonomy":"product_tag","embeddable":true,"href":"https:\/\/www.robotec.sk\/welding\/wp-json\/wp\/v2\/product_tag?post=973"},{"taxonomy":"yst_prominent_words","embeddable":true,"href":"https:\/\/www.robotec.sk\/welding\/wp-json\/wp\/v2\/yst_prominent_words?post=973"}],"curies":[{"name":"wp","href":"https:\/\/api.w.org\/{rel}","templated":true}]}}