{"id":949,"date":"2019-02-13T11:58:51","date_gmt":"2019-02-13T10:58:51","guid":{"rendered":"https:\/\/www.robotec.sk\/welding\/?post_type=product&#038;p=949"},"modified":"2020-05-27T23:40:41","modified_gmt":"2020-05-27T21:40:41","slug":"filtoo","status":"publish","type":"product","link":"https:\/\/www.robotec.sk\/welding\/produkt\/filtoo\/","title":{"rendered":"FILTOO"},"content":{"rendered":"<p>Filtoo je mobiln\u00e9 ods\u00e1vacie a filtra\u010dn\u00e9 zariadenie s certifik\u00e1ciou IFA, ktor\u00e9 vybaven\u00e9 jednor\u00e1zov\u00fdm viacstup\u0148ov\u00fdm kazetov\u00fdm filtrom. Je vhodn\u00e9 na ods\u00e1vanie splod\u00edn vznikaj\u00facich pri zv\u00e1ran\u00ed, rezan\u00ed plazmou, rezan\u00ed laserom, br\u00fasen\u00ed, lepen\u00ed, v\u0155tan\u00ed a pri mnoh\u00fdch \u010fal\u0161\u00edch aplik\u00e1ci\u00e1ch.<\/p>\n<p>Mobiln\u00e9 ods\u00e1vacie a filtra\u010dn\u00e9 zariadenie Filtoo sa pou\u017e\u00edva pri r\u00f4znych aplik\u00e1ci\u00e1ch. Sl\u00fa\u017ei na filtr\u00e1ciu splod\u00edn, prachov\u00fdch \u010dast\u00edc a neutralizovanie pachov. Ods\u00e1vacie rameno, ktor\u00e9 m\u00f4\u017ee by\u0165 alternat\u00edvne v hadicovom preveden\u00ed, ods\u00e1va splodiny pri mieste ich vzniku. Zariadenie filtruje plynn\u00e9 a pevn\u00e9 \u010dastice v \u0161tvorstup\u0148ovom filtri, ktor\u00fd pozost\u00e1va z hrub\u00e9ho filtra, predfiltra, filtra s akt\u00edvnym uhl\u00edm a hlavn\u00e9ho filtra.<\/p>\n<p>Jednotka sp\u013a\u0148a po\u017eiadavky kladen\u00e9 na ods\u00e1vacie zariadenia kateg\u00f3rie W3 (ods\u00e1vanie splod\u00edn vznikaj\u00facich pri zv\u00e1ran\u00ed vysokolegovan\u00fdch ocel\u00ed). Pri spr\u00e1vnom pou\u017e\u00edvan\u00ed je mo\u017en\u00e9 jednotku pou\u017e\u00edva\u0165 na recykl\u00e1ciu vzduchu v miestnosti, ke\u010f\u017ee sp\u013a\u0148a pr\u00edsne po\u017eiadavky nov\u00fdch nemeck\u00fdch nariaden\u00ed pre pr\u00e1cu s nebezpe\u010dn\u00fdmi substanciami (GefStoffV).<\/p>\n<p>Ods\u00e1vacie zariadenie Filtoo\u00ae dostalo certifik\u00e1t GS, ktor\u00fd potvrdzuje, \u017ee zariadenie sp\u013a\u0148a nemeck\u00e9 krit\u00e9ri\u00e1 na zariadenia a bezpe\u010dnos\u0165 (GPSG).<\/p>\n<h3>\u0160tandardn\u00e1 dod\u00e1vka:<\/h3>\n<ul style=\"list-style-type: square;\">\n<li>hrub\u00fd filter s ve\u013ekou filtra\u010dnou plochou<\/li>\n<li>predfilter<\/li>\n<li>filter s akt\u00edvnym uhl\u00edm<\/li>\n<li>hlavn\u00fd filter s \u00fa\u010dinnos\u0165ou separ\u00e1cie \u226599%<\/li>\n<li>elektronick\u00e9 monitorovanie filtra<\/li>\n<li>po\u010d\u00edtadlo pracovn\u00fdch hod\u00edn<\/li>\n<li>5 m sie\u0165ov\u00fd k\u00e1bel<\/li>\n<li>ods\u00e1vacie rameno s d\u013a\u017ekou 3 m alebo ods\u00e1vacia hadica s magnetick\u00fdm dr\u017eiakom<\/li>\n<\/ul>\n<h3>Volite\u013en\u00e9 pr\u00edslu\u0161enstvo:<\/h3>\n<ul style=\"list-style-type: square;\">\n<li>pred separ\u00e1tor STAVO<\/li>\n<li>sitko do hubice pre zachyt\u00e1vanie iskier<\/li>\n<\/ul>\n<h3>Predfilter STAVO<\/h3>\n<p>Mobiln\u00e1 ods\u00e1vacia jednotka filtoo \u00ae m\u00f4\u017ee by\u0165 vybaven\u00e1 predfiltrom STAVO, ktor\u00fd zachyt\u00ed ve\u013ek\u00fa \u010das\u0165 pevn\u00fdch \u010dast\u00edc sk\u00f4r ako sa dostan\u00fa ku kazetov\u00fdm filtrom zariadenia \u010d\u00edm v\u00fdrazne predl\u017euje ich \u017eivotnos\u0165. Pevn\u00e9 \u010dastice str\u00e1caj\u00fa v predfiltri STAVO kinetick\u00fa energiu a padaj\u00fa do jeho z\u00e1sobn\u00edku. Tento syst\u00e9m umo\u017e\u0148uje aj efekt\u00edvne zachytenie iskier vznikaj\u00facich pri br\u00fasen\u00ed.<\/p>\n<ul style=\"list-style-type: square;\">\n<li>zvy\u0161uje \u017eivotnos\u0165 filtra a zni\u017euje prev\u00e1dzkov\u00e9 n\u00e1klady<\/li>\n<li>umo\u017e\u0148uje jednoduch\u00e9 odstr\u00e1nenie zachyten\u00fdch \u010dast\u00ed v z\u00e1sobn\u00edku<\/li>\n<li>umo\u017en\u00ed pou\u017eitie ods\u00e1vacej jednotky filtoo\u00ae aj pre br\u00fasiace aplik\u00e1cie<\/li>\n<li>umo\u017e\u0148uje jednoduch\u00fa in\u0161tal\u00e1ciu a pou\u017eitie aj v u\u017e zak\u00fapen\u00fdch jednotk\u00e1ch filtoo\u00ae<\/li>\n<\/ul>\n<div id=\"attachment_953\" style=\"width: 710px\" class=\"wp-caption alignnone\"><img decoding=\"async\" aria-describedby=\"caption-attachment-953\" class=\"wp-image-953 size-full\" src=\"https:\/\/www.robotec.sk\/welding\/wp-content\/uploads\/2019\/02\/filtoo-stavo.jpg\" alt=\"Mobiln\u00e9 ods\u00e1vacie a filtra\u010dn\u00e9 zariadenie pre zv\u00e1ranie, rezanie a br\u00fasenie.\" width=\"700\" height=\"359\" srcset=\"https:\/\/www.robotec.sk\/welding\/wp-content\/uploads\/2019\/02\/filtoo-stavo-200x103.jpg 200w, https:\/\/www.robotec.sk\/welding\/wp-content\/uploads\/2019\/02\/filtoo-stavo-300x154.jpg 300w, https:\/\/www.robotec.sk\/welding\/wp-content\/uploads\/2019\/02\/filtoo-stavo-400x205.jpg 400w, https:\/\/www.robotec.sk\/welding\/wp-content\/uploads\/2019\/02\/filtoo-stavo-500x256.jpg 500w, https:\/\/www.robotec.sk\/welding\/wp-content\/uploads\/2019\/02\/filtoo-stavo-600x308.jpg 600w, https:\/\/www.robotec.sk\/welding\/wp-content\/uploads\/2019\/02\/filtoo-stavo.jpg 700w\" sizes=\"(max-width: 700px) 100vw, 700px\" \/><p id=\"caption-attachment-953\" class=\"wp-caption-text\">Mobiln\u00e9 ods\u00e1vacie a filtra\u010dn\u00e9 zariadenie Filtoo je mo\u017en\u00e9 vybavi\u0165 separ\u00e1torom STAVO pre pou\u017eitie pri br\u00fasiacich aplik\u00e1ci\u00e1ch.<\/p><\/div>\n<p>&nbsp;<\/p>\n<p><iframe src=\"\/\/www.youtube.com\/embed\/RxubNNSYLOI\" width=\"560\" height=\"314\" allowfullscreen=\"allowfullscreen\"><\/iframe><\/p>\n","protected":false},"excerpt":{"rendered":"<p>Mobiln\u00e9 ods\u00e1vacie a filtra\u010dn\u00e9 zariadenie s jedn\u00fdm ods\u00e1vac\u00edm ramenom, vybaven\u00e9 kazetov\u00fdmi filtrami a s certifik\u00e1ciou IFA. Po vybaven\u00ed predsepar\u00e1torom iskier STAVO je mo\u017en\u00e9 jednotku vyu\u017ei\u0165 aj pre ods\u00e1vanie prachu pri br\u00fasen\u00ed. Maxim\u00e1lny sac\u00ed v\u00fdkon 2500 m3\/h. Efekt\u00edvnos\u0165 filtr\u00e1cie &gt;99%.<\/p>\n","protected":false},"featured_media":1467,"template":"","meta":{"_monsterinsights_skip_tracking":false,"_monsterinsights_sitenote_active":false,"_monsterinsights_sitenote_note":"","_monsterinsights_sitenote_category":0},"product_brand":[],"product_cat":[85,37],"product_tag":[38],"yst_prominent_words":[],"class_list":{"0":"post-949","1":"product","2":"type-product","3":"status-publish","4":"has-post-thumbnail","6":"product_cat-odsavacie-a-filtracne-zariadenia-teka","7":"product_cat-mobilne-odsavacie-zariadenia","8":"product_tag-teka","10":"first","11":"onbackorder","12":"taxable","13":"shipping-taxable","14":"product-type-simple"},"acf":[],"_links":{"self":[{"href":"https:\/\/www.robotec.sk\/welding\/wp-json\/wp\/v2\/product\/949","targetHints":{"allow":["GET"]}}],"collection":[{"href":"https:\/\/www.robotec.sk\/welding\/wp-json\/wp\/v2\/product"}],"about":[{"href":"https:\/\/www.robotec.sk\/welding\/wp-json\/wp\/v2\/types\/product"}],"wp:featuredmedia":[{"embeddable":true,"href":"https:\/\/www.robotec.sk\/welding\/wp-json\/wp\/v2\/media\/1467"}],"wp:attachment":[{"href":"https:\/\/www.robotec.sk\/welding\/wp-json\/wp\/v2\/media?parent=949"}],"wp:term":[{"taxonomy":"product_brand","embeddable":true,"href":"https:\/\/www.robotec.sk\/welding\/wp-json\/wp\/v2\/product_brand?post=949"},{"taxonomy":"product_cat","embeddable":true,"href":"https:\/\/www.robotec.sk\/welding\/wp-json\/wp\/v2\/product_cat?post=949"},{"taxonomy":"product_tag","embeddable":true,"href":"https:\/\/www.robotec.sk\/welding\/wp-json\/wp\/v2\/product_tag?post=949"},{"taxonomy":"yst_prominent_words","embeddable":true,"href":"https:\/\/www.robotec.sk\/welding\/wp-json\/wp\/v2\/yst_prominent_words?post=949"}],"curies":[{"name":"wp","href":"https:\/\/api.w.org\/{rel}","templated":true}]}}