{"id":4129,"date":"2026-02-13T13:34:48","date_gmt":"2026-02-13T12:34:48","guid":{"rendered":"https:\/\/www.robotec.sk\/welding\/?post_type=product&#038;p=4129"},"modified":"2026-02-13T13:44:55","modified_gmt":"2026-02-13T12:44:55","slug":"bmk-20i","status":"publish","type":"product","link":"https:\/\/www.robotec.sk\/welding\/produkt\/bmk-20i\/","title":{"rendered":"BMK- 20i"},"content":{"rendered":"<div class=\"fusion-fullwidth fullwidth-box fusion-builder-row-1 fusion-flex-container nonhundred-percent-fullwidth non-hundred-percent-height-scrolling\" style=\"--awb-border-radius-top-left:0px;--awb-border-radius-top-right:0px;--awb-border-radius-bottom-right:0px;--awb-border-radius-bottom-left:0px;--awb-flex-wrap:wrap;\" ><div class=\"fusion-builder-row fusion-row fusion-flex-align-items-flex-start fusion-flex-content-wrap\" style=\"max-width:1248px;margin-left: calc(-4% \/ 2 );margin-right: calc(-4% \/ 2 );\"><div class=\"fusion-layout-column fusion_builder_column fusion-builder-column-0 fusion_builder_column_1_1 1_1 fusion-flex-column\" style=\"--awb-bg-size:cover;--awb-width-large:100%;--awb-margin-top-large:0px;--awb-spacing-right-large:1.92%;--awb-margin-bottom-large:0px;--awb-spacing-left-large:1.92%;--awb-width-medium:100%;--awb-spacing-right-medium:1.92%;--awb-spacing-left-medium:1.92%;--awb-width-small:100%;--awb-spacing-right-small:1.92%;--awb-spacing-left-small:1.92%;\"><div class=\"fusion-column-wrapper fusion-flex-justify-content-flex-start fusion-content-layout-column\"><div class=\"fusion-text fusion-text-1\"><p align=\"justify\">BMK-20i je trojf\u00e1zovo nap\u00e1jan\u00fd kompaktn\u00fd invertorov\u00fd zv\u00e1rac\u00ed zdroj, ktor\u00fd umo\u017e\u0148uje priv\u00e1ranie svorn\u00edkov v magnetickom poli s vyu\u017eit\u00edm technol\u00f3gie SRM. Jeho v\u00fdhodou je vynikaj\u00faci pomer cena &#8211; v\u00fdkon a mo\u017enos\u0165 pou\u017eitia pre mobiln\u00e9 aplik\u00e1cie v\u010faka jeho mal\u00fdm rozmerom a malej hmotnosti .<\/p>\n<ul>\n<li>Maxim\u00e1lny zv\u00e1rac\u00ed pr\u00fad a\u017e 1200 A.<\/li>\n<li>Priv\u00e1ranie svorn\u00edkov M3-M16.<\/li>\n<li>Vysoko kvalitn\u00e9 zv\u00e1ranie aj v n\u00e1ro\u010dn\u00fdch podmienkach a mo\u017enos\u0165 zv\u00e1rania aj v poz\u00edci\u00e1ch.<\/li>\n<li>Mo\u017enos\u0165 zv\u00e1rania v inertnom plyne.<\/li>\n<li>Vysok\u00e1 energetick\u00e1 \u00fa\u010dinnos\u0165.<\/li>\n<li>Nap\u00e1janie z trojf\u00e1zovej siete 400 V.<\/li>\n<li>Vyu\u017e\u00edva technol\u00f3giu priv\u00e1rania v magnetickom poli &#8211;\u00a0 SRM Technology\u00ae.<\/li>\n<li>Hmotnos\u0165 (25 kg) a kompaktn\u00e9 rozmery u\u013eah\u010duj\u00fa prenos zariadenia.<\/li>\n<\/ul>\n<\/div><\/div><\/div><\/div><\/div>\n","protected":false},"excerpt":{"rendered":"<p>Invertorov\u00fd zv\u00e1rac\u00ed zdroj ur\u010den\u00fd na priv\u00e1ranie svorn\u00edkov M3 a\u017e M16 v magnetickom poli.<\/p>\n","protected":false},"featured_media":4128,"template":"","meta":{"_monsterinsights_skip_tracking":false,"_monsterinsights_sitenote_active":false,"_monsterinsights_sitenote_note":"","_monsterinsights_sitenote_category":0},"product_brand":[],"product_cat":[66],"product_tag":[57],"yst_prominent_words":[],"class_list":{"0":"post-4129","1":"product","2":"type-product","3":"status-publish","4":"has-post-thumbnail","6":"product_cat-srm-zvaracie-zdroje","7":"product_tag-soyer","9":"first","10":"onbackorder","11":"taxable","12":"shipping-taxable","13":"product-type-simple"},"acf":[],"_links":{"self":[{"href":"https:\/\/www.robotec.sk\/welding\/wp-json\/wp\/v2\/product\/4129","targetHints":{"allow":["GET"]}}],"collection":[{"href":"https:\/\/www.robotec.sk\/welding\/wp-json\/wp\/v2\/product"}],"about":[{"href":"https:\/\/www.robotec.sk\/welding\/wp-json\/wp\/v2\/types\/product"}],"wp:featuredmedia":[{"embeddable":true,"href":"https:\/\/www.robotec.sk\/welding\/wp-json\/wp\/v2\/media\/4128"}],"wp:attachment":[{"href":"https:\/\/www.robotec.sk\/welding\/wp-json\/wp\/v2\/media?parent=4129"}],"wp:term":[{"taxonomy":"product_brand","embeddable":true,"href":"https:\/\/www.robotec.sk\/welding\/wp-json\/wp\/v2\/product_brand?post=4129"},{"taxonomy":"product_cat","embeddable":true,"href":"https:\/\/www.robotec.sk\/welding\/wp-json\/wp\/v2\/product_cat?post=4129"},{"taxonomy":"product_tag","embeddable":true,"href":"https:\/\/www.robotec.sk\/welding\/wp-json\/wp\/v2\/product_tag?post=4129"},{"taxonomy":"yst_prominent_words","embeddable":true,"href":"https:\/\/www.robotec.sk\/welding\/wp-json\/wp\/v2\/yst_prominent_words?post=4129"}],"curies":[{"name":"wp","href":"https:\/\/api.w.org\/{rel}","templated":true}]}}