{"id":4122,"date":"2026-02-13T10:40:13","date_gmt":"2026-02-13T09:40:13","guid":{"rendered":"https:\/\/www.robotec.sk\/welding\/?post_type=product&#038;p=4122"},"modified":"2026-02-13T12:50:55","modified_gmt":"2026-02-13T11:50:55","slug":"bms-9-accu","status":"publish","type":"product","link":"https:\/\/www.robotec.sk\/welding\/produkt\/bms-9-accu\/","title":{"rendered":"BMS-9 ACCU"},"content":{"rendered":"<div class=\"fusion-fullwidth fullwidth-box fusion-builder-row-1 fusion-flex-container nonhundred-percent-fullwidth non-hundred-percent-height-scrolling\" style=\"--awb-border-radius-top-left:0px;--awb-border-radius-top-right:0px;--awb-border-radius-bottom-right:0px;--awb-border-radius-bottom-left:0px;--awb-flex-wrap:wrap;\" ><div class=\"fusion-builder-row fusion-row fusion-flex-align-items-flex-start fusion-flex-content-wrap\" style=\"max-width:1248px;margin-left: calc(-4% \/ 2 );margin-right: calc(-4% \/ 2 );\"><div class=\"fusion-layout-column fusion_builder_column fusion-builder-column-0 fusion_builder_column_1_1 1_1 fusion-flex-column\" style=\"--awb-bg-size:cover;--awb-width-large:100%;--awb-margin-top-large:0px;--awb-spacing-right-large:1.92%;--awb-margin-bottom-large:0px;--awb-spacing-left-large:1.92%;--awb-width-medium:100%;--awb-spacing-right-medium:1.92%;--awb-spacing-left-medium:1.92%;--awb-width-small:100%;--awb-spacing-right-small:1.92%;--awb-spacing-left-small:1.92%;\"><div class=\"fusion-column-wrapper fusion-flex-justify-content-flex-start fusion-content-layout-column\"><div class=\"fusion-text fusion-text-1\"><p>BMS-9 ACCU je mimoriadne \u013eahk\u00fd kondenz\u00e1torov\u00fd zv\u00e1rac\u00ed zdroj na priv\u00e1ranie svorn\u00edkov M3 &#8211; M8 vyu\u017e\u00edvaj\u00faci najnov\u0161iu bat\u00e9riov\u00fa technol\u00f3giu. Predstavuje ide\u00e1lne rie\u0161enie pre mobiln\u00e9 pracovisk\u00e1 bez pr\u00edstupu k elektrickej sieti \u2013 napr\u00edklad pri mont\u00e1\u017each priamo v ter\u00e9ne.<\/p>\n<p>V\u010faka kompaktn\u00e9mu a ergonomick\u00e9mu dizajnu poskytuje maxim\u00e1lnu flexibilitu a jednoduch\u00fa manipul\u00e1ciu aj v n\u00e1ro\u010dn\u00fdch podmienkach. V\u00fdkonn\u00fa nab\u00edjate\u013en\u00fa bat\u00e9riu mo\u017eno r\u00fdchlo a jednoducho vymeni\u0165, pri\u010dom jej op\u00e4tovn\u00e9 nabitie zabezpe\u010duje extern\u00e1 nab\u00edja\u010dka.<\/p>\n<p>Spo\u013eahliv\u00fd v\u00fdkon, vysok\u00e1 mobilita a jednoduch\u00e1 obsluha robia z BMS-9 ACCU ide\u00e1lne rie\u0161enie pre profesion\u00e1lne mont\u00e1\u017ene a servisn\u00e9 pr\u00e1ce.<\/p>\n<ul>\n<li>Hmotnos\u0165 iba 7,2 kg.<\/li>\n<li>R\u00fdchla v\u00fdmena bat\u00e9rie.<\/li>\n<li>Extern\u00e1 nab\u00edja\u010dka pre bat\u00e9riu.<\/li>\n<li>Efekt\u00edvna invertorov\u00e1 technol\u00f3gia.<\/li>\n<li>Ide\u00e1lne zariadenie pre aplik\u00e1cie vy\u017eaduj\u00face vysok\u00fa mobilitu zv\u00e1racieho zariadenia.<\/li>\n<\/ul>\n<\/div><\/div><\/div><\/div><\/div>\n","protected":false},"excerpt":{"rendered":"<p>Kompaktn\u00e9, \u013eahk\u00e9 zariadenie nap\u00e1jan\u00e9 bat\u00e9riou, ur\u010den\u00e9 pre dielne a mobiln\u00e9 mont\u00e1\u017ene pr\u00e1ce.<\/p>\n","protected":false},"featured_media":4123,"template":"","meta":{"_monsterinsights_skip_tracking":false,"_monsterinsights_sitenote_active":false,"_monsterinsights_sitenote_note":"","_monsterinsights_sitenote_category":0},"product_brand":[],"product_cat":[60],"product_tag":[57],"yst_prominent_words":[],"class_list":{"0":"post-4122","1":"product","2":"type-product","3":"status-publish","4":"has-post-thumbnail","6":"product_cat-kapacitne-zvaracie-zdroje","7":"product_tag-soyer","9":"first","10":"onbackorder","11":"taxable","12":"shipping-taxable","13":"product-type-simple"},"acf":[],"_links":{"self":[{"href":"https:\/\/www.robotec.sk\/welding\/wp-json\/wp\/v2\/product\/4122","targetHints":{"allow":["GET"]}}],"collection":[{"href":"https:\/\/www.robotec.sk\/welding\/wp-json\/wp\/v2\/product"}],"about":[{"href":"https:\/\/www.robotec.sk\/welding\/wp-json\/wp\/v2\/types\/product"}],"wp:featuredmedia":[{"embeddable":true,"href":"https:\/\/www.robotec.sk\/welding\/wp-json\/wp\/v2\/media\/4123"}],"wp:attachment":[{"href":"https:\/\/www.robotec.sk\/welding\/wp-json\/wp\/v2\/media?parent=4122"}],"wp:term":[{"taxonomy":"product_brand","embeddable":true,"href":"https:\/\/www.robotec.sk\/welding\/wp-json\/wp\/v2\/product_brand?post=4122"},{"taxonomy":"product_cat","embeddable":true,"href":"https:\/\/www.robotec.sk\/welding\/wp-json\/wp\/v2\/product_cat?post=4122"},{"taxonomy":"product_tag","embeddable":true,"href":"https:\/\/www.robotec.sk\/welding\/wp-json\/wp\/v2\/product_tag?post=4122"},{"taxonomy":"yst_prominent_words","embeddable":true,"href":"https:\/\/www.robotec.sk\/welding\/wp-json\/wp\/v2\/yst_prominent_words?post=4122"}],"curies":[{"name":"wp","href":"https:\/\/api.w.org\/{rel}","templated":true}]}}