{"id":4001,"date":"2025-05-15T14:58:18","date_gmt":"2025-05-15T12:58:18","guid":{"rendered":"https:\/\/www.robotec.sk\/welding\/?post_type=product&#038;p=4001"},"modified":"2025-05-15T15:15:18","modified_gmt":"2025-05-15T13:15:18","slug":"ots-8-orbitalna-rezacka","status":"publish","type":"product","link":"https:\/\/www.robotec.sk\/welding\/produkt\/ots-8-orbitalna-rezacka\/","title":{"rendered":"OTS-8"},"content":{"rendered":"<div class=\"fusion-fullwidth fullwidth-box fusion-builder-row-1 fusion-flex-container nonhundred-percent-fullwidth non-hundred-percent-height-scrolling\" style=\"--awb-border-radius-top-left:0px;--awb-border-radius-top-right:0px;--awb-border-radius-bottom-right:0px;--awb-border-radius-bottom-left:0px;--awb-flex-wrap:wrap;\" ><div class=\"fusion-builder-row fusion-row fusion-flex-align-items-flex-start fusion-flex-content-wrap\" style=\"max-width:1248px;margin-left: calc(-4% \/ 2 );margin-right: calc(-4% \/ 2 );\"><div class=\"fusion-layout-column fusion_builder_column fusion-builder-column-0 fusion_builder_column_1_1 1_1 fusion-flex-column\" style=\"--awb-bg-size:cover;--awb-width-large:100%;--awb-margin-top-large:0px;--awb-spacing-right-large:1.92%;--awb-margin-bottom-large:0px;--awb-spacing-left-large:1.92%;--awb-width-medium:100%;--awb-spacing-right-medium:1.92%;--awb-spacing-left-medium:1.92%;--awb-width-small:100%;--awb-spacing-right-small:1.92%;--awb-spacing-left-small:1.92%;\"><div class=\"fusion-column-wrapper fusion-flex-justify-content-flex-start fusion-content-layout-column\"><div class=\"fusion-text fusion-text-1\"><p>OTS-8\u00a0 je orbit\u00e1lna reza\u010dka pre rezanie r\u00far s priemerom od 55 do 228 mm (2.165\u2033 &#8211; 8.976\u2033).<\/p>\n<p><strong>Vlastnosti zariadenia<\/strong><\/p>\n<ul>\n<li class=\"\" data-start=\"135\" data-end=\"358\">\n<p class=\"\" data-start=\"137\" data-end=\"358\"><strong data-start=\"137\" data-end=\"156\">Rozsah rezania:<\/strong> Z\u00e1kladn\u00e9 \u010de\u013euste z nehrdzavej\u00facej ocele umo\u017e\u0148uj\u00fa presn\u00e9 rezanie r\u00far s priemerom od \u00d8 55 mm do \u00d8 228 mm (2.165\u2033 &#8211; 8.976\u2033) a hr\u00fabkou steny do 5 mm.<\/p>\n<\/li>\n<li class=\"\" data-start=\"135\" data-end=\"358\">\n<p class=\"\" data-start=\"137\" data-end=\"358\"><strong data-start=\"521\" data-end=\"546\">Vysok\u00e1 presnos\u0165 rezu:<\/strong> Reza\u010dka zabezpe\u010duje \u010dist\u00fd, kolm\u00fd rez s odch\u00fdlkou menej ako 0,25 mm \u2013 ide\u00e1lne pre aplik\u00e1cie s vysok\u00fdmi n\u00e1rokmi na presnos\u0165.<\/p>\n<\/li>\n<li class=\"\" data-start=\"135\" data-end=\"358\">\n<p class=\"\" data-start=\"137\" data-end=\"358\"><strong data-start=\"672\" data-end=\"694\">Plynul\u00e9 ovl\u00e1danie:<\/strong> Oto\u010dn\u00e1 rukov\u00e4\u0165 umo\u017e\u0148uje presn\u00fa kontrolu r\u00fdchlosti rezania pre bezpe\u010dn\u00fa a rovnomern\u00fa pr\u00e1cu.<\/p>\n<\/li>\n<li class=\"\" data-start=\"135\" data-end=\"358\">\n<p class=\"\" data-start=\"137\" data-end=\"358\"><strong data-start=\"788\" data-end=\"815\">Rezanie bez deform\u00e1cie:<\/strong> Koncentrick\u00e9 viacn\u00e1sobn\u00e9 upnutie zaru\u010duje stabiln\u00e9 uchytenie r\u00fary a zabra\u0148uje jej deform\u00e1cii po\u010das rezania.<\/p>\n<\/li>\n<li class=\"\" data-start=\"135\" data-end=\"358\">\n<p class=\"\" data-start=\"137\" data-end=\"358\"><strong data-start=\"926\" data-end=\"947\">Zn\u00ed\u017een\u00e9 vibr\u00e1cie:<\/strong> \u010ce\u013euste s\u00fa umiestnen\u00e9 bl\u00edzko p\u00edlov\u00e9ho kot\u00fa\u010da, \u010do minimalizuje vibr\u00e1cie a zvy\u0161uje stabilitu. Uchytenie je mo\u017en\u00e9 prisp\u00f4sobi\u0165 pod\u013ea potreby.<\/p>\n<\/li>\n<li class=\"\" data-start=\"135\" data-end=\"358\">\n<p class=\"\" data-start=\"137\" data-end=\"358\"><strong data-start=\"1088\" data-end=\"1111\">Bezpe\u010dn\u00e9 pre nerez:<\/strong> V\u0161etky up\u00ednacie prvky s\u00fa z nehrdzavej\u00facej ocele, \u010d\u00edm sa predch\u00e1dza kontamin\u00e1cii nerezu pri pr\u00e1ci s hygienicky citliv\u00fdmi materi\u00e1lmi.<\/p>\n<\/li>\n<li class=\"\" data-start=\"135\" data-end=\"358\">\n<p class=\"\" data-start=\"137\" data-end=\"358\"><strong data-start=\"1357\" data-end=\"1381\">Hmotnos\u0165 zariadenia:<\/strong> 55 kg \u2013 robustn\u00e1 a stabiln\u00e1 kon\u0161trukcia vhodn\u00e1 pre profesion\u00e1lne pou\u017eitie.<\/p>\n<\/li>\n<\/ul>\n<\/div><\/div><\/div><\/div><\/div>\n","protected":false},"excerpt":{"rendered":"<p>OTS-8\u00a0 je orbit\u00e1lna reza\u010dka pre rezanie r\u00far s priemerom od 55 do 228 mm (2.165\u2033 &#8211; 8.976\u2033).<\/p>\n","protected":false},"featured_media":3997,"template":"","meta":{"_monsterinsights_skip_tracking":false,"_monsterinsights_sitenote_active":false,"_monsterinsights_sitenote_note":"","_monsterinsights_sitenote_category":0},"product_brand":[],"product_cat":[130],"product_tag":[102],"yst_prominent_words":[],"class_list":{"0":"post-4001","1":"product","2":"type-product","3":"status-publish","4":"has-post-thumbnail","6":"product_cat-orbitalne-rezacky","7":"product_tag-orbitalservice","9":"first","10":"onbackorder","11":"taxable","12":"shipping-taxable","13":"product-type-simple"},"acf":[],"_links":{"self":[{"href":"https:\/\/www.robotec.sk\/welding\/wp-json\/wp\/v2\/product\/4001","targetHints":{"allow":["GET"]}}],"collection":[{"href":"https:\/\/www.robotec.sk\/welding\/wp-json\/wp\/v2\/product"}],"about":[{"href":"https:\/\/www.robotec.sk\/welding\/wp-json\/wp\/v2\/types\/product"}],"wp:featuredmedia":[{"embeddable":true,"href":"https:\/\/www.robotec.sk\/welding\/wp-json\/wp\/v2\/media\/3997"}],"wp:attachment":[{"href":"https:\/\/www.robotec.sk\/welding\/wp-json\/wp\/v2\/media?parent=4001"}],"wp:term":[{"taxonomy":"product_brand","embeddable":true,"href":"https:\/\/www.robotec.sk\/welding\/wp-json\/wp\/v2\/product_brand?post=4001"},{"taxonomy":"product_cat","embeddable":true,"href":"https:\/\/www.robotec.sk\/welding\/wp-json\/wp\/v2\/product_cat?post=4001"},{"taxonomy":"product_tag","embeddable":true,"href":"https:\/\/www.robotec.sk\/welding\/wp-json\/wp\/v2\/product_tag?post=4001"},{"taxonomy":"yst_prominent_words","embeddable":true,"href":"https:\/\/www.robotec.sk\/welding\/wp-json\/wp\/v2\/yst_prominent_words?post=4001"}],"curies":[{"name":"wp","href":"https:\/\/api.w.org\/{rel}","templated":true}]}}