{"id":3915,"date":"2024-10-23T07:52:23","date_gmt":"2024-10-23T05:52:23","guid":{"rendered":"https:\/\/www.robotec.sk\/welding\/?post_type=product&#038;p=3915"},"modified":"2024-10-23T11:53:37","modified_gmt":"2024-10-23T09:53:37","slug":"bruska-volframovych-elektrod","status":"publish","type":"product","link":"https:\/\/www.robotec.sk\/welding\/produkt\/bruska-volframovych-elektrod\/","title":{"rendered":"TG-30 Br\u00faska volfr\u00e1mov\u00fdch elektr\u00f3d"},"content":{"rendered":"<div class=\"fusion-fullwidth fullwidth-box fusion-builder-row-1 fusion-flex-container nonhundred-percent-fullwidth non-hundred-percent-height-scrolling\" style=\"--awb-border-radius-top-left:0px;--awb-border-radius-top-right:0px;--awb-border-radius-bottom-right:0px;--awb-border-radius-bottom-left:0px;--awb-flex-wrap:wrap;\" ><div class=\"fusion-builder-row fusion-row fusion-flex-align-items-flex-start fusion-flex-content-wrap\" style=\"max-width:1248px;margin-left: calc(-4% \/ 2 );margin-right: calc(-4% \/ 2 );\"><div class=\"fusion-layout-column fusion_builder_column fusion-builder-column-0 fusion_builder_column_1_1 1_1 fusion-flex-column\" style=\"--awb-bg-size:cover;--awb-width-large:100%;--awb-margin-top-large:0px;--awb-spacing-right-large:1.92%;--awb-margin-bottom-large:0px;--awb-spacing-left-large:1.92%;--awb-width-medium:100%;--awb-spacing-right-medium:1.92%;--awb-spacing-left-medium:1.92%;--awb-width-small:100%;--awb-spacing-right-small:1.92%;--awb-spacing-left-small:1.92%;\"><div class=\"fusion-column-wrapper fusion-flex-justify-content-flex-start fusion-content-layout-column\"><div class=\"fusion-text fusion-text-1\"><p>TG-30 je br\u00faska na volfr\u00e1mov\u00e9 elektr\u00f3dy. T\u00e1to praktick\u00e9 a v\u00fdkonn\u00e1 br\u00faska sl\u00fa\u017ei na br\u00fasenie, ostrenie a rezanie volfr\u00e1mov\u00fdch elektr\u00f3d. Br\u00faska TG-30 je vhodn\u00e1 na elektr\u00f3dy s priemerom 1,0 &#8211; 3,2 mm (1,0 | 1,6 | 2,4 | 3,2 mm).<\/p>\n<p>Ot\u00e1\u010dky br\u00fasky na volfr\u00e1mov\u00e9 elektr\u00f3dy mo\u017eno nastavi\u0165 v 6 stup\u0148och v rozsahu 800 &#8211; 27 000 ot\u00e1\u010dok za min\u00fatu. Uhol br\u00fasenia je 22,5\u00b0 alebo 30\u00b0. Diamantov\u00fd br\u00fasny kot\u00fa\u010d s priemerom 37 mm zabezpe\u010duje presn\u00e9 br\u00fasenie pod po\u017eadovan\u00fdm uhlom. Jednoducho zave\u010fte elektr\u00f3d do otvoru pre dan\u00fd priemer elektr\u00f3dy a pri s\u00favislom ot\u00e1\u010dan\u00ed dosiahnete v\u017edy ide\u00e1lny v\u00fdsledok.<\/p>\n<p>Robustn\u00e1 kon\u0161trukcia hlavy volfr\u00e1movej br\u00fasky zaru\u010duje dlh\u00fa \u017eivotnos\u0165 a predur\u010duje ju na mobiln\u00e9 pou\u017eitie v priemysle \u010di remeseln\u00edckych diel\u0148ach.<\/p>\n<p><strong>Vlastnosti zariadenia<\/strong><\/p>\n<ul>\n<li>Br\u00faska na br\u00fasenie a ostrenie volfr\u00e1mov\u00fdch elektr\u00f3d s priemerom 1,0 &#8211; 3,2 mm.<\/li>\n<li>Ot\u00e1\u010dky br\u00fasky sa nastavuj\u00fa v 6 stup\u0148och v rozsahu 800 &#8211; 27000 ot\u00e1\u010dok za min\u00fatu.<\/li>\n<li>Uhol ostrenia 22,5\u00b0 alebo 30\u00b0.<\/li>\n<li>Diamantov\u00fd br\u00fasny kot\u00fa\u010d s priemerom 37 mm.<\/li>\n<li>Nap\u00e1janie 230 V &#8211; 50 Hz.<\/li>\n<li>V\u00fdkon 400 W.<\/li>\n<li>Hmotnos\u0165 1 kg.<\/li>\n<li>Dod\u00e1van\u00e1 so s\u00fapravou n\u00e1radia pre v\u00fdmenu kot\u00fa\u010da.<\/li>\n<\/ul>\n<\/div><\/div><\/div><\/div><\/div>\n","protected":false},"excerpt":{"rendered":"<p>Br\u00faska na volfr\u00e1mov\u00e9 elektr\u00f3dy TG-30 Mini\u00a0 je v\u00fdkonn\u00e1 br\u00faska na br\u00fasenie, ostrenie a rezanie volfr\u00e1mov\u00fdch elektr\u00f3d s priemerom 1,0 &#8211; 3,2 mm (1,0 | 1,6 | 2,4 | 3,2 mm).<\/p>\n","protected":false},"featured_media":3913,"template":"","meta":{"_monsterinsights_skip_tracking":false,"_monsterinsights_sitenote_active":false,"_monsterinsights_sitenote_note":"","_monsterinsights_sitenote_category":0},"product_brand":[],"product_cat":[127],"product_tag":[102],"yst_prominent_words":[],"class_list":{"0":"post-3915","1":"product","2":"type-product","3":"status-publish","4":"has-post-thumbnail","6":"product_cat-brusky-volframovych-elektrod","7":"product_tag-orbitalservice","9":"first","10":"onbackorder","11":"taxable","12":"shipping-taxable","13":"product-type-simple"},"acf":[],"_links":{"self":[{"href":"https:\/\/www.robotec.sk\/welding\/wp-json\/wp\/v2\/product\/3915","targetHints":{"allow":["GET"]}}],"collection":[{"href":"https:\/\/www.robotec.sk\/welding\/wp-json\/wp\/v2\/product"}],"about":[{"href":"https:\/\/www.robotec.sk\/welding\/wp-json\/wp\/v2\/types\/product"}],"wp:featuredmedia":[{"embeddable":true,"href":"https:\/\/www.robotec.sk\/welding\/wp-json\/wp\/v2\/media\/3913"}],"wp:attachment":[{"href":"https:\/\/www.robotec.sk\/welding\/wp-json\/wp\/v2\/media?parent=3915"}],"wp:term":[{"taxonomy":"product_brand","embeddable":true,"href":"https:\/\/www.robotec.sk\/welding\/wp-json\/wp\/v2\/product_brand?post=3915"},{"taxonomy":"product_cat","embeddable":true,"href":"https:\/\/www.robotec.sk\/welding\/wp-json\/wp\/v2\/product_cat?post=3915"},{"taxonomy":"product_tag","embeddable":true,"href":"https:\/\/www.robotec.sk\/welding\/wp-json\/wp\/v2\/product_tag?post=3915"},{"taxonomy":"yst_prominent_words","embeddable":true,"href":"https:\/\/www.robotec.sk\/welding\/wp-json\/wp\/v2\/yst_prominent_words?post=3915"}],"curies":[{"name":"wp","href":"https:\/\/api.w.org\/{rel}","templated":true}]}}