{"id":3809,"date":"2023-10-13T10:18:18","date_gmt":"2023-10-13T08:18:18","guid":{"rendered":"https:\/\/www.robotec.sk\/welding\/?post_type=product&#038;p=3809"},"modified":"2023-10-13T12:34:58","modified_gmt":"2023-10-13T10:34:58","slug":"zvaracska-maska-pre-laserove-zvaranie","status":"publish","type":"product","link":"https:\/\/www.robotec.sk\/welding\/produkt\/zvaracska-maska-pre-laserove-zvaranie\/","title":{"rendered":"Zv\u00e1ra\u010dsk\u00e1 maska pre laserov\u00e9 zv\u00e1ranie"},"content":{"rendered":"<div class=\"fusion-fullwidth fullwidth-box fusion-builder-row-1 fusion-flex-container nonhundred-percent-fullwidth non-hundred-percent-height-scrolling\" style=\"--awb-border-radius-top-left:0px;--awb-border-radius-top-right:0px;--awb-border-radius-bottom-right:0px;--awb-border-radius-bottom-left:0px;--awb-flex-wrap:wrap;\" ><div class=\"fusion-builder-row fusion-row fusion-flex-align-items-flex-start fusion-flex-content-wrap\" style=\"max-width:1248px;margin-left: calc(-4% \/ 2 );margin-right: calc(-4% \/ 2 );\"><div class=\"fusion-layout-column fusion_builder_column fusion-builder-column-0 fusion_builder_column_1_1 1_1 fusion-flex-column\" style=\"--awb-bg-size:cover;--awb-width-large:100%;--awb-margin-top-large:0px;--awb-spacing-right-large:1.92%;--awb-margin-bottom-large:0px;--awb-spacing-left-large:1.92%;--awb-width-medium:100%;--awb-spacing-right-medium:1.92%;--awb-spacing-left-medium:1.92%;--awb-width-small:100%;--awb-spacing-right-small:1.92%;--awb-spacing-left-small:1.92%;\"><div class=\"fusion-column-wrapper fusion-flex-justify-content-flex-start fusion-content-layout-column\"><div class=\"fusion-text fusion-text-1\"><p>Zv\u00e1ra\u010dsk\u00e1 maska Beta e90 LASER je ur\u010den\u00e1 na ochranu pred rozpt\u00fdlen\u00fdm elektromagnetick\u00fdm \u017eiaren\u00edm vznikaj\u00facim pri laserovom zv\u00e1ran\u00ed. Tento \u0161peci\u00e1lny ochrann\u00fd set zais\u0165uje oper\u00e1torovi ochranu zraku, tv\u00e1re ako aj krku pri aplik\u00e1ci\u00e1ch ru\u010dn\u00e9ho laserov\u00e9ho zv\u00e1rania.<\/p>\n<p>Zv\u00e1racia maska Beta e90 LASER ja vybaven\u00e1 certifikovan\u00fdm 3 mm hrub\u00fdm ochrann\u00fdm filtrom pre laserov\u00e9 zv\u00e1ranie. Tento laserov\u00fd filter je vyroben\u00fd so \u0161peci\u00e1lneho plastu a zabra\u0148uje prieniku elektromagnetick\u00e9ho \u017eiarenia s vlnovou d\u013a\u017ekou v rozsahu 900 \u2013 1075 nm. Je kategorizovan\u00fd pod\u013ea STN EN 12254 do stup\u0148a ochrany OD6+.<\/p>\n<p>Za ochrann\u00fdm laserov\u00fdm filtrom sa nach\u00e1dza zv\u00e1ra\u010dsk\u00fd filter tmavosti 4.<\/p>\n<p>Ko\u017een\u00e1 ochrana krku zabra\u0148uje prieniku elektromagnetick\u00e9mu \u017eiareniu do poko\u017eky.<\/p>\n<p><strong>Vlastnosti<\/strong><\/p>\n<ul>\n<li>Zv\u00e1ra\u010dsk\u00e1 maska ur\u010den\u00e1 pre ru\u010dn\u00e9 laserov\u00e9 zv\u00e1ranie.<\/li>\n<li>Laserov\u00fd zv\u00e1ra\u010dsk\u00fd filter kateg\u00f3rie OD6+ s certifik\u00e1tom CE.<\/li>\n<li>Zv\u00e1rac\u00ed filter stupe\u0148 tmavosti 4.<\/li>\n<li>Dizajn masky zais\u0165uje zv\u00fd\u0161en\u00fa ochranu tv\u00e1rovej \u010dasti.<\/li>\n<li>Ko\u017een\u00e1 ochrana krku pre zv\u00fd\u0161enie bezpe\u010dnosti.<\/li>\n<li>Pevn\u00fd, komfortn\u00fd a plne nastavite\u013en\u00fd hlavov\u00fd kr\u00ed\u017e pre pohodln\u00e9 nosenie.<\/li>\n<li>Po vyklopen\u00ed \u010dasti s ochrannou kazetou smerom nahor, je mo\u017en\u00e9 masku pou\u017ei\u0165 na br\u00fasenie.<\/li>\n<li>Ochrana pred letiacimi \u00falomkami sp\u013a\u0148a normu EN175B.<\/li>\n<li>N\u00edzka hmotnos\u0165.<\/li>\n<\/ul>\n<\/div><\/div><\/div><\/div><\/div>\n","protected":false},"excerpt":{"rendered":"<p>Zv\u00e1ra\u010dsk\u00e1 maska pre ru\u010dn\u00e9 laserov\u00e9 zv\u00e1ranie. Ochrana zraku, tv\u00e1re a krku pred pred rozpt\u00fdlen\u00fdm laserov\u00fdm \u017eiaren\u00edm.<\/p>\n","protected":false},"featured_media":3815,"template":"","meta":{"_monsterinsights_skip_tracking":false,"_monsterinsights_sitenote_active":false,"_monsterinsights_sitenote_note":"","_monsterinsights_sitenote_category":0},"product_brand":[],"product_cat":[119],"product_tag":[],"yst_prominent_words":[],"class_list":{"0":"post-3809","1":"product","2":"type-product","3":"status-publish","4":"has-post-thumbnail","6":"product_cat-rucne-laserove-zvaracie-zdroje","8":"first","9":"instock","10":"taxable","11":"shipping-taxable","12":"product-type-simple"},"acf":[],"_links":{"self":[{"href":"https:\/\/www.robotec.sk\/welding\/wp-json\/wp\/v2\/product\/3809","targetHints":{"allow":["GET"]}}],"collection":[{"href":"https:\/\/www.robotec.sk\/welding\/wp-json\/wp\/v2\/product"}],"about":[{"href":"https:\/\/www.robotec.sk\/welding\/wp-json\/wp\/v2\/types\/product"}],"wp:featuredmedia":[{"embeddable":true,"href":"https:\/\/www.robotec.sk\/welding\/wp-json\/wp\/v2\/media\/3815"}],"wp:attachment":[{"href":"https:\/\/www.robotec.sk\/welding\/wp-json\/wp\/v2\/media?parent=3809"}],"wp:term":[{"taxonomy":"product_brand","embeddable":true,"href":"https:\/\/www.robotec.sk\/welding\/wp-json\/wp\/v2\/product_brand?post=3809"},{"taxonomy":"product_cat","embeddable":true,"href":"https:\/\/www.robotec.sk\/welding\/wp-json\/wp\/v2\/product_cat?post=3809"},{"taxonomy":"product_tag","embeddable":true,"href":"https:\/\/www.robotec.sk\/welding\/wp-json\/wp\/v2\/product_tag?post=3809"},{"taxonomy":"yst_prominent_words","embeddable":true,"href":"https:\/\/www.robotec.sk\/welding\/wp-json\/wp\/v2\/yst_prominent_words?post=3809"}],"curies":[{"name":"wp","href":"https:\/\/api.w.org\/{rel}","templated":true}]}}