{"id":3618,"date":"2023-05-22T08:15:31","date_gmt":"2023-05-22T06:15:31","guid":{"rendered":"https:\/\/www.robotec.sk\/welding\/?post_type=product&#038;p=3618"},"modified":"2023-05-24T10:11:21","modified_gmt":"2023-05-24T08:11:21","slug":"laserovy-zvarci-zdroj-iwelder","status":"publish","type":"product","link":"https:\/\/www.robotec.sk\/welding\/produkt\/laserovy-zvarci-zdroj-iwelder\/","title":{"rendered":"Laserov\u00fd zv\u00e1rac\u00ed zdroj i-WELDER"},"content":{"rendered":"<div class=\"fusion-fullwidth fullwidth-box fusion-builder-row-1 fusion-flex-container nonhundred-percent-fullwidth non-hundred-percent-height-scrolling\" style=\"--awb-border-radius-top-left:0px;--awb-border-radius-top-right:0px;--awb-border-radius-bottom-right:0px;--awb-border-radius-bottom-left:0px;--awb-flex-wrap:wrap;\" ><div class=\"fusion-builder-row fusion-row fusion-flex-align-items-flex-start fusion-flex-content-wrap\" style=\"max-width:1248px;margin-left: calc(-4% \/ 2 );margin-right: calc(-4% \/ 2 );\"><div class=\"fusion-layout-column fusion_builder_column fusion-builder-column-0 fusion_builder_column_1_1 1_1 fusion-flex-column\" style=\"--awb-bg-size:cover;--awb-width-large:100%;--awb-margin-top-large:0px;--awb-spacing-right-large:1.92%;--awb-margin-bottom-large:0px;--awb-spacing-left-large:1.92%;--awb-width-medium:100%;--awb-spacing-right-medium:1.92%;--awb-spacing-left-medium:1.92%;--awb-width-small:100%;--awb-spacing-right-small:1.92%;--awb-spacing-left-small:1.92%;\"><div class=\"fusion-column-wrapper fusion-flex-justify-content-flex-start fusion-content-layout-column\"><div class=\"fusion-text fusion-text-1\"><p>Ru\u010dn\u00fd laserov\u00fd zv\u00e1rac\u00ed zdroj i-WELDER zdru\u017euje najmodernej\u0161iu technol\u00f3giu a v\u00fdkon do kompaktn\u00e9ho zariadenia. V\u00fdhodou laserov\u00e9ho zv\u00e1rania je najm\u00e4 r\u00fdchlos\u0165, stabilita procesu a minim\u00e1lne deform\u00e1cie materi\u00e1lu. V\u010faka jednoduchosti pou\u017eitia, vysokej r\u00fdchlosti a kvality zv\u00e1rania m\u00f4\u017ee \u013eahko nahradi\u0165 tradi\u010dn\u00e9 obl\u00fakov\u00e9 zv\u00e1ranie met\u00f3dou TIG. Zv\u00e1rajte a\u017e 10 kr\u00e1t r\u00fdchlej\u0161ie a efekt\u00edvnej\u0161ie!<\/p>\n<p>i-WELDER je predstavite\u013eom najnov\u0161ej gener\u00e1cie vl\u00e1knov\u00e9ho lasera so \u0161pi\u010dkov\u00fdm zdrojom od spolo\u010dnosti Maxphotonics. Optick\u00fd syst\u00e9m zabezpe\u010duje stabiln\u00fd v\u00fdkon a vysok\u00fa kvalitu laserov\u00e9ho zv\u00e4zku.<\/p>\n<p>Laserov\u00e1 zv\u00e1ra\u010dka i-WELDER je vybaven\u00e1 modernou ru\u010dnou laserovou zv\u00e1racou hlavou s oscil\u00e1ciou. Patentovan\u00fd syst\u00e9m zv\u00e1racej hlavy automaticky men\u00ed \u0161\u00edrku a smerovanie laserov\u00e9ho l\u00fa\u010da, aby korigovala nepresnosti zv\u00e1ran\u00e9ho materi\u00e1lu. V\u010faka vysokokvalitnej optike a chladeniu inertn\u00fdm plynom umo\u017e\u0148uje vytv\u00e1ranie kvalitn\u00fdch a poh\u013eadov\u00fdch zvarov r\u00fdchlos\u0165ou a\u017e 60 mm\/s.<\/p>\n<p>Laserov\u00e9 zv\u00e1ranie je vysoko efekt\u00edvne, kvalitn\u00e9, energeticky \u00fasporn\u00e9 a \u0161etrn\u00e9 k \u017eivotn\u00e9mu prostrediu. Zv\u00e1ra\u0165 je mo\u017en\u00e9 bez pr\u00eddavn\u00e9ho dr\u00f4tu, ako aj s pr\u00eddavn\u00fdm materi\u00e1lom po pripojen\u00ed pod\u00e1va\u010da dr\u00f4tu, ktor\u00fd je s\u00fa\u010das\u0165ou dod\u00e1vky.<\/p>\n<p><strong>Vlastnosti zariadenia<\/strong><\/p>\n<ul>\n<li>Vysokokvalitn\u00e1 ru\u010dn\u00e1 laserov\u00e1 zv\u00e1ra\u010dka s maxim\u00e1lnym v\u00fdstupn\u00fdm v\u00fdkonom 2000 W.<\/li>\n<li>Vl\u00e1knov\u00fd laser s vlnovou d\u013a\u017ekou laserov\u00e9ho \u017eiarenia 1070 nm.<\/li>\n<li>Ergonomicky rie\u0161en\u00e1 ru\u010dn\u00e1 laserov\u00e1 zv\u00e1racia hlava.<\/li>\n<li>Jednoduch\u00e1 obsluha a dotykov\u00fd displej v slovenskom jazyku.<\/li>\n<li>Pam\u00e4\u0165ov\u00e9 kan\u00e1ly pre ulo\u017eenie zv\u00e1rac\u00edch parametrov.<\/li>\n<li>Integrovan\u00e1 vodn\u00e1 chladiaca jednotka.<\/li>\n<li>Hmotnos\u0165 150 kg.<\/li>\n<li>Rozmery: 900 x 750 x 450 mm.<\/li>\n<\/ul>\n<p><strong>S\u00fa\u010das\u0165 dod\u00e1vky<\/strong><\/p>\n<ul>\n<li>Plne automatick\u00fd pod\u00e1va\u010d dr\u00f4tu.<\/li>\n<li>Sada pr\u00edslu\u0161enstva (hubice, ochrann\u00e9 \u0161o\u0161ovky).<\/li>\n<li>2 ks ochrann\u00fdch okuliarov pre laserov\u00e9 zv\u00e1ranie s optickou hustotou OD 7+.<\/li>\n<li>Ochrann\u00fd \u0161t\u00edt pre laserov\u00e9 zv\u00e1ranie s optickou hustotou OD 7+.<\/li>\n<\/ul>\n<p><strong>V\u00ddHODY LASEROV\u00c9HO ZV\u00c1RANIA<\/strong><\/p>\n<ul>\n<li>N\u00edzky tepeln\u00fd pr\u00edkon a deform\u00e1cia zv\u00e1ran\u00fdch dielov.<\/li>\n<li>Pravideln\u00fd, hladk\u00fd zvar s n\u00edzkou p\u00f3rovitos\u0165ou.<\/li>\n<li>Vysok\u00e1 stabilita procesu pri vysok\u00fdch r\u00fdchlostiach zv\u00e1rania.<\/li>\n<li>Optim\u00e1lna technol\u00f3gia pre automatiz\u00e1ciu.<\/li>\n<li>Mo\u017enos\u0165 zv\u00e1rania be\u017ene nezv\u00e1rate\u013en\u00fdch materi\u00e1lov.<\/li>\n<\/ul>\n<\/div><\/div><\/div><\/div><\/div>\n","protected":false},"excerpt":{"rendered":"<p>Laserov\u00fd zv\u00e1rac\u00ed zdroj pre ru\u010dn\u00e9 laserov\u00e9 zv\u00e1ranie s maxim\u00e1lnym v\u00fdkonom a\u017e 2000 W. Revolu\u010dn\u00e1 technol\u00f3gia laserov\u00e9ho zv\u00e1rania prin\u00e1\u0161a vysok\u00fa produktivitu, kvalitu a stabilitu zv\u00e1racieho procesu.<\/p>\n","protected":false},"featured_media":3619,"template":"","meta":{"_monsterinsights_skip_tracking":false,"_monsterinsights_sitenote_active":false,"_monsterinsights_sitenote_note":"","_monsterinsights_sitenote_category":0},"product_brand":[],"product_cat":[119],"product_tag":[120],"yst_prominent_words":[],"class_list":{"0":"post-3618","1":"product","2":"type-product","3":"status-publish","4":"has-post-thumbnail","6":"product_cat-rucne-laserove-zvaracie-zdroje","7":"product_tag-herolaser","9":"first","10":"instock","11":"taxable","12":"shipping-taxable","13":"product-type-simple"},"acf":[],"_links":{"self":[{"href":"https:\/\/www.robotec.sk\/welding\/wp-json\/wp\/v2\/product\/3618","targetHints":{"allow":["GET"]}}],"collection":[{"href":"https:\/\/www.robotec.sk\/welding\/wp-json\/wp\/v2\/product"}],"about":[{"href":"https:\/\/www.robotec.sk\/welding\/wp-json\/wp\/v2\/types\/product"}],"wp:featuredmedia":[{"embeddable":true,"href":"https:\/\/www.robotec.sk\/welding\/wp-json\/wp\/v2\/media\/3619"}],"wp:attachment":[{"href":"https:\/\/www.robotec.sk\/welding\/wp-json\/wp\/v2\/media?parent=3618"}],"wp:term":[{"taxonomy":"product_brand","embeddable":true,"href":"https:\/\/www.robotec.sk\/welding\/wp-json\/wp\/v2\/product_brand?post=3618"},{"taxonomy":"product_cat","embeddable":true,"href":"https:\/\/www.robotec.sk\/welding\/wp-json\/wp\/v2\/product_cat?post=3618"},{"taxonomy":"product_tag","embeddable":true,"href":"https:\/\/www.robotec.sk\/welding\/wp-json\/wp\/v2\/product_tag?post=3618"},{"taxonomy":"yst_prominent_words","embeddable":true,"href":"https:\/\/www.robotec.sk\/welding\/wp-json\/wp\/v2\/yst_prominent_words?post=3618"}],"curies":[{"name":"wp","href":"https:\/\/api.w.org\/{rel}","templated":true}]}}