{"id":3510,"date":"2023-04-06T07:47:08","date_gmt":"2023-04-06T05:47:08","guid":{"rendered":"https:\/\/www.robotec.sk\/welding\/?post_type=product&#038;p=3510"},"modified":"2023-04-06T10:45:08","modified_gmt":"2023-04-06T08:45:08","slug":"system-protivah-pre-centrovacie-kruhy","status":"publish","type":"product","link":"https:\/\/www.robotec.sk\/welding\/produkt\/system-protivah-pre-centrovacie-kruhy\/","title":{"rendered":"Syst\u00e9m protiv\u00e1h pre centrovacie kruhy"},"content":{"rendered":"<div class=\"fusion-fullwidth fullwidth-box fusion-builder-row-1 fusion-flex-container nonhundred-percent-fullwidth non-hundred-percent-height-scrolling\" style=\"--awb-border-radius-top-left:0px;--awb-border-radius-top-right:0px;--awb-border-radius-bottom-right:0px;--awb-border-radius-bottom-left:0px;--awb-flex-wrap:wrap;\" ><div class=\"fusion-builder-row fusion-row fusion-flex-align-items-flex-start fusion-flex-content-wrap\" style=\"max-width:1248px;margin-left: calc(-4% \/ 2 );margin-right: calc(-4% \/ 2 );\"><div class=\"fusion-layout-column fusion_builder_column fusion-builder-column-0 fusion_builder_column_1_1 1_1 fusion-flex-column\" style=\"--awb-bg-size:cover;--awb-width-large:100%;--awb-margin-top-large:0px;--awb-spacing-right-large:1.92%;--awb-margin-bottom-large:0px;--awb-spacing-left-large:1.92%;--awb-width-medium:100%;--awb-spacing-right-medium:1.92%;--awb-spacing-left-medium:1.92%;--awb-width-small:100%;--awb-spacing-right-small:1.92%;--awb-spacing-left-small:1.92%;\"><div class=\"fusion-column-wrapper fusion-flex-justify-content-flex-start fusion-content-layout-column\"><div class=\"fusion-text fusion-text-1\"><p>Protiv\u00e1hy pre centrovacie kruhy u\u013eah\u010duj\u00fa in\u0161tal\u00e1ciu a zv\u00e1ranie \u0165a\u017ek\u00fdch r\u00far s kolenami a vy\u010dnievaj\u00facimi \u010das\u0165ami.<\/p>\n<h3 style=\"text-align: left;\">Vlastnosti<\/h3>\n<ul>\n<li>Dod\u00e1vka obsahuje nap\u00edna\u010d pre protiv\u00e1hu vybaven\u00fd axi\u00e1lnymi lo\u017eiskami a 4 ks z\u00e1va\u017e\u00ed.<\/li>\n<li>Z\u00e1va\u017eia: pozinkovan\u00e1 oce\u013e.<\/li>\n<li>Prepravn\u00fd kufr\u00edk na z\u00e1va\u017eie.<\/li>\n<li>Hmotnos\u0165 jedn\u00e9ho z\u00e1va\u017eia cca. 9 kg.<\/li>\n<\/ul>\n<h3 style=\"text-align: left;\">Video<\/h3>\n<div class=\"fusion-video fusion-youtube\" style=\"--awb-max-width:600px;--awb-max-height:360px;\"><div class=\"video-shortcode\"><div class=\"fluid-width-video-wrapper\" style=\"padding-top:60%;\" ><iframe title=\"YouTube video player 1\" src=\"https:\/\/www.youtube.com\/embed\/TZ467yfTenI?wmode=transparent&autoplay=0&amp;rel=0\" width=\"600\" height=\"360\" allowfullscreen allow=\"autoplay; clipboard-write; encrypted-media; gyroscope; picture-in-picture;\"><\/iframe><\/div><\/div><\/div>\n<\/div><\/div><\/div><\/div><\/div>\n","protected":false},"excerpt":{"rendered":"<p>Protiv\u00e1hy pre centrovacie kruhy u\u013eah\u010duj\u00fa in\u0161tal\u00e1ciu a zv\u00e1ranie \u0165a\u017ek\u00fdch r\u00far s kolenami a vy\u010dnievaj\u00facimi \u010das\u0165ami.<\/p>\n","protected":false},"featured_media":3477,"template":"","meta":{"_monsterinsights_skip_tracking":false,"_monsterinsights_sitenote_active":false,"_monsterinsights_sitenote_note":"","_monsterinsights_sitenote_category":0},"product_brand":[],"product_cat":[116],"product_tag":[115],"yst_prominent_words":[],"class_list":{"0":"post-3510","1":"product","2":"type-product","3":"status-publish","4":"has-post-thumbnail","6":"product_cat-prislusenstvo-pre-zvaranie-rur","7":"product_tag-ama","9":"first","10":"onbackorder","11":"taxable","12":"shipping-taxable","13":"product-type-simple"},"acf":[],"_links":{"self":[{"href":"https:\/\/www.robotec.sk\/welding\/wp-json\/wp\/v2\/product\/3510","targetHints":{"allow":["GET"]}}],"collection":[{"href":"https:\/\/www.robotec.sk\/welding\/wp-json\/wp\/v2\/product"}],"about":[{"href":"https:\/\/www.robotec.sk\/welding\/wp-json\/wp\/v2\/types\/product"}],"wp:featuredmedia":[{"embeddable":true,"href":"https:\/\/www.robotec.sk\/welding\/wp-json\/wp\/v2\/media\/3477"}],"wp:attachment":[{"href":"https:\/\/www.robotec.sk\/welding\/wp-json\/wp\/v2\/media?parent=3510"}],"wp:term":[{"taxonomy":"product_brand","embeddable":true,"href":"https:\/\/www.robotec.sk\/welding\/wp-json\/wp\/v2\/product_brand?post=3510"},{"taxonomy":"product_cat","embeddable":true,"href":"https:\/\/www.robotec.sk\/welding\/wp-json\/wp\/v2\/product_cat?post=3510"},{"taxonomy":"product_tag","embeddable":true,"href":"https:\/\/www.robotec.sk\/welding\/wp-json\/wp\/v2\/product_tag?post=3510"},{"taxonomy":"yst_prominent_words","embeddable":true,"href":"https:\/\/www.robotec.sk\/welding\/wp-json\/wp\/v2\/yst_prominent_words?post=3510"}],"curies":[{"name":"wp","href":"https:\/\/api.w.org\/{rel}","templated":true}]}}