{"id":3509,"date":"2023-04-05T15:39:34","date_gmt":"2023-04-05T13:39:34","guid":{"rendered":"https:\/\/www.robotec.sk\/welding\/?post_type=product&#038;p=3509"},"modified":"2023-04-05T16:02:53","modified_gmt":"2023-04-05T14:02:53","slug":"centrovacie-kruhy-pre-montaz-zvaranie-rur","status":"publish","type":"product","link":"https:\/\/www.robotec.sk\/welding\/produkt\/centrovacie-kruhy-pre-montaz-zvaranie-rur\/","title":{"rendered":"Centrovacie kruhy pre mont\u00e1\u017e a zv\u00e1ranie r\u00far"},"content":{"rendered":"<div class=\"fusion-fullwidth fullwidth-box fusion-builder-row-1 fusion-flex-container nonhundred-percent-fullwidth non-hundred-percent-height-scrolling\" style=\"--awb-border-radius-top-left:0px;--awb-border-radius-top-right:0px;--awb-border-radius-bottom-right:0px;--awb-border-radius-bottom-left:0px;--awb-flex-wrap:wrap;\" ><div class=\"fusion-builder-row fusion-row fusion-flex-align-items-flex-start fusion-flex-content-wrap\" style=\"max-width:1248px;margin-left: calc(-4% \/ 2 );margin-right: calc(-4% \/ 2 );\"><div class=\"fusion-layout-column fusion_builder_column fusion-builder-column-0 fusion_builder_column_1_1 1_1 fusion-flex-column\" style=\"--awb-bg-size:cover;--awb-width-large:100%;--awb-margin-top-large:0px;--awb-spacing-right-large:1.92%;--awb-margin-bottom-large:0px;--awb-spacing-left-large:1.92%;--awb-width-medium:100%;--awb-spacing-right-medium:1.92%;--awb-spacing-left-medium:1.92%;--awb-width-small:100%;--awb-spacing-right-small:1.92%;--awb-spacing-left-small:1.92%;\"><div class=\"fusion-column-wrapper fusion-flex-justify-content-flex-start fusion-content-layout-column\"><div class=\"fusion-text fusion-text-1\"><p>Centrovacie kruhy pre mont\u00e1\u017e a stehovanie r\u00far. Mimoriadne presn\u00e9 \u013eahko a r\u00fdchlo aplikovate\u013en\u00e9 centrovacie kruhy pre r\u00fary. Zni\u017euj\u00fa chyby pri in\u0161tal\u00e1cii a zv\u00e1ran\u00ed na minimum. Dostupn\u00e9 v sad\u00e1ch ale aj jednotlivo.<\/p>\n<h3 style=\"text-align: left;\">Z\u00c1KLADN\u00c1 SADA CENTROVAC\u00cdCH KRUHOV (3040)<\/h3>\n<h3 style=\"text-align: left;\">Vlastnosti<\/h3>\n<ul>\n<li>Sada obsahuje 7 ks centrovac\u00edch kruhov a jeden u\u0165ahova\u010d.<\/li>\n<li>S\u00fa\u010das\u0165ou dod\u00e1vky s\u00fa tieto centrovacie kruhy: DN150, DN200, DN250, DN300, DN\/NS 350, DN\/NS 400 a DN\/NS 500.<\/li>\n<li>V sade sa dod\u00e1va z\u00e1kladn\u00fd u\u0165ahova\u010d (3010).<\/li>\n<\/ul>\n<h3 style=\"text-align: left;\">MINI SADA CENTROVAC\u00cdCH KRUHOV (3060)<\/h3>\n<h3 style=\"text-align: left;\">Vlastnosti<\/h3>\n<ul>\n<li>S\u00fa\u010das\u0165ou dod\u00e1vky s\u00fa tieto centrovacie kruhy: DN65, DN80, DN100 a DN125.<\/li>\n<li>V sade sa dod\u00e1va mini u\u0165ahova\u010d (3030) a dr\u017eiak (3050).<\/li>\n<\/ul>\n<h3 style=\"text-align: left;\">Video<\/h3>\n<div class=\"fusion-video fusion-youtube\" style=\"--awb-max-width:600px;--awb-max-height:360px;\"><div class=\"video-shortcode\"><div class=\"fluid-width-video-wrapper\" style=\"padding-top:60%;\" ><iframe title=\"YouTube video player 1\" src=\"https:\/\/www.youtube.com\/embed\/oUNzgnBJKug?wmode=transparent&autoplay=0&amp;rel=0\" width=\"600\" height=\"360\" allowfullscreen allow=\"autoplay; clipboard-write; encrypted-media; gyroscope; picture-in-picture;\"><\/iframe><\/div><\/div><\/div>\n<\/div><\/div><\/div><\/div><\/div>\n","protected":false},"excerpt":{"rendered":"<p>Centrovacie kruhy pre ustavenie a stehovanie r\u00far. Mimoriadne presn\u00e9 \u013eahko a r\u00fdchlo aplikovate\u013en\u00e9 centrovacie kruhy pre r\u00fary. Zni\u017euj\u00fa chyby pri in\u0161tal\u00e1cii a zv\u00e1ran\u00ed na minimum.<\/p>\n","protected":false},"featured_media":3474,"template":"","meta":{"_monsterinsights_skip_tracking":false,"_monsterinsights_sitenote_active":false,"_monsterinsights_sitenote_note":"","_monsterinsights_sitenote_category":0},"product_brand":[],"product_cat":[116],"product_tag":[115],"yst_prominent_words":[],"class_list":{"0":"post-3509","1":"product","2":"type-product","3":"status-publish","4":"has-post-thumbnail","6":"product_cat-prislusenstvo-pre-zvaranie-rur","7":"product_tag-ama","9":"first","10":"onbackorder","11":"taxable","12":"shipping-taxable","13":"product-type-simple"},"acf":[],"_links":{"self":[{"href":"https:\/\/www.robotec.sk\/welding\/wp-json\/wp\/v2\/product\/3509","targetHints":{"allow":["GET"]}}],"collection":[{"href":"https:\/\/www.robotec.sk\/welding\/wp-json\/wp\/v2\/product"}],"about":[{"href":"https:\/\/www.robotec.sk\/welding\/wp-json\/wp\/v2\/types\/product"}],"wp:featuredmedia":[{"embeddable":true,"href":"https:\/\/www.robotec.sk\/welding\/wp-json\/wp\/v2\/media\/3474"}],"wp:attachment":[{"href":"https:\/\/www.robotec.sk\/welding\/wp-json\/wp\/v2\/media?parent=3509"}],"wp:term":[{"taxonomy":"product_brand","embeddable":true,"href":"https:\/\/www.robotec.sk\/welding\/wp-json\/wp\/v2\/product_brand?post=3509"},{"taxonomy":"product_cat","embeddable":true,"href":"https:\/\/www.robotec.sk\/welding\/wp-json\/wp\/v2\/product_cat?post=3509"},{"taxonomy":"product_tag","embeddable":true,"href":"https:\/\/www.robotec.sk\/welding\/wp-json\/wp\/v2\/product_tag?post=3509"},{"taxonomy":"yst_prominent_words","embeddable":true,"href":"https:\/\/www.robotec.sk\/welding\/wp-json\/wp\/v2\/yst_prominent_words?post=3509"}],"curies":[{"name":"wp","href":"https:\/\/api.w.org\/{rel}","templated":true}]}}