{"id":3508,"date":"2023-04-05T15:03:44","date_gmt":"2023-04-05T13:03:44","guid":{"rendered":"https:\/\/www.robotec.sk\/welding\/?post_type=product&#038;p=3508"},"modified":"2023-04-05T15:24:55","modified_gmt":"2023-04-05T13:24:55","slug":"ama-stojany-pre-zvaranie-rur","status":"publish","type":"product","link":"https:\/\/www.robotec.sk\/welding\/produkt\/ama-stojany-pre-zvaranie-rur\/","title":{"rendered":"Stojany pre zv\u00e1ranie r\u00far"},"content":{"rendered":"<div class=\"fusion-fullwidth fullwidth-box fusion-builder-row-1 fusion-flex-container nonhundred-percent-fullwidth non-hundred-percent-height-scrolling\" style=\"--awb-border-radius-top-left:0px;--awb-border-radius-top-right:0px;--awb-border-radius-bottom-right:0px;--awb-border-radius-bottom-left:0px;--awb-flex-wrap:wrap;\" ><div class=\"fusion-builder-row fusion-row fusion-flex-align-items-flex-start fusion-flex-content-wrap\" style=\"max-width:1248px;margin-left: calc(-4% \/ 2 );margin-right: calc(-4% \/ 2 );\"><div class=\"fusion-layout-column fusion_builder_column fusion-builder-column-0 fusion_builder_column_1_1 1_1 fusion-flex-column\" style=\"--awb-bg-size:cover;--awb-width-large:100%;--awb-margin-top-large:0px;--awb-spacing-right-large:1.92%;--awb-margin-bottom-large:0px;--awb-spacing-left-large:1.92%;--awb-width-medium:100%;--awb-spacing-right-medium:1.92%;--awb-spacing-left-medium:1.92%;--awb-width-small:100%;--awb-spacing-right-small:1.92%;--awb-spacing-left-small:1.92%;\"><div class=\"fusion-column-wrapper fusion-flex-justify-content-flex-start fusion-content-layout-column\"><div class=\"fusion-text fusion-text-1\"><p>S\u00faprava stojanov pre zv\u00e1ranie r\u00far a potrubia obsahuje stojany typu A, B a C. Ka\u017ed\u00fd zo stojanov je mo\u017en\u00e9 zak\u00fapi\u0165 aj samostatne. Stabiln\u00e9, odoln\u00e9 a mobiln\u00e9 stojany pre r\u00fary z pozinkovan\u00e9ho materi\u00e1lu.<\/p>\n<h3 style=\"text-align: left;\">STOJAN NA R\u00daRY TYP A (1010)<\/h3>\n<h3 style=\"text-align: left;\">Vlastnosti<\/h3>\n<ul>\n<li>Gu\u013e\u00f4\u010dkov\u00e9 rollery z nehrdzavej\u00facej ocele.<\/li>\n<li>Nap\u00ednacia re\u0165az z nehrdzavej\u00facej ocele.<\/li>\n<li>Nastavite\u013en\u00e1 v\u00fd\u0161ka v rozsahu 840 &#8211; 1100 mm.<\/li>\n<li>Maxim\u00e1lna nosnos\u0165 1500 kg.<\/li>\n<li>Rozsah pou\u017eitia pri zaisten\u00ed s re\u0165azou: 15 \u2013 720 mm.<\/li>\n<li>Rozsah pou\u017eitia bez zaistenia re\u0165azou: 700 \u2013 1000 mm.<\/li>\n<li>Hmotnos\u0165 33 kg.<\/li>\n<\/ul>\n<h3 style=\"text-align: left;\">STOJAN NA R\u00daRY TYP B (1020)<\/h3>\n<h3 style=\"text-align: left;\">Vlastnosti<\/h3>\n<ul>\n<li>Gu\u013e\u00f4\u010dkov\u00e9 rollery z nehrdzavej\u00facej ocele.<\/li>\n<li>Nastavite\u013en\u00e1 v\u00fd\u0161ka v rozsahu 800 &#8211; 1100 mm.<\/li>\n<li>Maxim\u00e1lne za\u0165a\u017eenie rollerov 560 kg.<\/li>\n<li>Pou\u017eitie pre r\u00fary s priemerom 15 \u2013 720 mm.<\/li>\n<li>Hmotnos\u0165 14 kg.<\/li>\n<\/ul>\n<h3 style=\"text-align: left;\">STOJAN NA R\u00daRY TYP B (1030)<\/h3>\n<h3 style=\"text-align: left;\">Vlastnosti<\/h3>\n<ul>\n<li>Pomocn\u00fd stojan.<\/li>\n<li>Nastavite\u013en\u00e1 v\u00fd\u0161ka v rozsahu 800 &#8211; 1100 mm.<\/li>\n<li>Pou\u017eitie pre r\u00fary s priemerom 15 \u2013 720 mm.<\/li>\n<li>Hmotnos\u0165 6 kg.<\/li>\n<\/ul>\n<h3 style=\"text-align: left;\">Video<\/h3>\n<div class=\"fusion-video fusion-youtube\" style=\"--awb-max-width:600px;--awb-max-height:360px;\"><div class=\"video-shortcode\"><div class=\"fluid-width-video-wrapper\" style=\"padding-top:60%;\" ><iframe title=\"YouTube video player 1\" src=\"https:\/\/www.youtube.com\/embed\/Y_FEiwNubY8?wmode=transparent&autoplay=0&amp;rel=0\" width=\"600\" height=\"360\" allowfullscreen allow=\"autoplay; clipboard-write; encrypted-media; gyroscope; picture-in-picture;\"><\/iframe><\/div><\/div><\/div>\n<\/div><\/div><\/div><\/div><\/div>\n","protected":false},"excerpt":{"rendered":"<p>S\u00faprava stojanov pre zv\u00e1ranie r\u00far a potrubia obsahuje stojany typu A, B a C. Ka\u017ed\u00fd zo stojanov je mo\u017en\u00e9 zak\u00fapi\u0165 aj osobitne. Stabiln\u00e9, odoln\u00e9 a mobiln\u00e9 stojany pre r\u00fary z pozinkovan\u00e9ho materi\u00e1lu.<\/p>\n","protected":false},"featured_media":3488,"template":"","meta":{"_monsterinsights_skip_tracking":false,"_monsterinsights_sitenote_active":false,"_monsterinsights_sitenote_note":"","_monsterinsights_sitenote_category":0},"product_brand":[],"product_cat":[116],"product_tag":[115],"yst_prominent_words":[],"class_list":{"0":"post-3508","1":"product","2":"type-product","3":"status-publish","4":"has-post-thumbnail","6":"product_cat-prislusenstvo-pre-zvaranie-rur","7":"product_tag-ama","9":"first","10":"onbackorder","11":"taxable","12":"shipping-taxable","13":"product-type-simple"},"acf":[],"_links":{"self":[{"href":"https:\/\/www.robotec.sk\/welding\/wp-json\/wp\/v2\/product\/3508","targetHints":{"allow":["GET"]}}],"collection":[{"href":"https:\/\/www.robotec.sk\/welding\/wp-json\/wp\/v2\/product"}],"about":[{"href":"https:\/\/www.robotec.sk\/welding\/wp-json\/wp\/v2\/types\/product"}],"wp:featuredmedia":[{"embeddable":true,"href":"https:\/\/www.robotec.sk\/welding\/wp-json\/wp\/v2\/media\/3488"}],"wp:attachment":[{"href":"https:\/\/www.robotec.sk\/welding\/wp-json\/wp\/v2\/media?parent=3508"}],"wp:term":[{"taxonomy":"product_brand","embeddable":true,"href":"https:\/\/www.robotec.sk\/welding\/wp-json\/wp\/v2\/product_brand?post=3508"},{"taxonomy":"product_cat","embeddable":true,"href":"https:\/\/www.robotec.sk\/welding\/wp-json\/wp\/v2\/product_cat?post=3508"},{"taxonomy":"product_tag","embeddable":true,"href":"https:\/\/www.robotec.sk\/welding\/wp-json\/wp\/v2\/product_tag?post=3508"},{"taxonomy":"yst_prominent_words","embeddable":true,"href":"https:\/\/www.robotec.sk\/welding\/wp-json\/wp\/v2\/yst_prominent_words?post=3508"}],"curies":[{"name":"wp","href":"https:\/\/api.w.org\/{rel}","templated":true}]}}