{"id":3507,"date":"2023-04-05T13:48:03","date_gmt":"2023-04-05T11:48:03","guid":{"rendered":"https:\/\/www.robotec.sk\/welding\/?post_type=product&#038;p=3507"},"modified":"2023-04-05T14:55:35","modified_gmt":"2023-04-05T12:55:35","slug":"ama-roller-polohovadlo-rotator-rur","status":"publish","type":"product","link":"https:\/\/www.robotec.sk\/welding\/produkt\/ama-roller-polohovadlo-rotator-rur\/","title":{"rendered":"AMA Roller &#8211; zv\u00e1racie polohovadlo \/ rot\u00e1tor r\u00far"},"content":{"rendered":"<div class=\"fusion-fullwidth fullwidth-box fusion-builder-row-1 fusion-flex-container nonhundred-percent-fullwidth non-hundred-percent-height-scrolling\" style=\"--awb-border-radius-top-left:0px;--awb-border-radius-top-right:0px;--awb-border-radius-bottom-right:0px;--awb-border-radius-bottom-left:0px;--awb-flex-wrap:wrap;\" ><div class=\"fusion-builder-row fusion-row fusion-flex-align-items-flex-start fusion-flex-content-wrap\" style=\"max-width:1248px;margin-left: calc(-4% \/ 2 );margin-right: calc(-4% \/ 2 );\"><div class=\"fusion-layout-column fusion_builder_column fusion-builder-column-0 fusion_builder_column_1_1 1_1 fusion-flex-column\" style=\"--awb-bg-size:cover;--awb-width-large:100%;--awb-margin-top-large:0px;--awb-spacing-right-large:1.92%;--awb-margin-bottom-large:0px;--awb-spacing-left-large:1.92%;--awb-width-medium:100%;--awb-spacing-right-medium:1.92%;--awb-spacing-left-medium:1.92%;--awb-width-small:100%;--awb-spacing-right-small:1.92%;--awb-spacing-left-small:1.92%;\"><div class=\"fusion-column-wrapper fusion-flex-justify-content-flex-start fusion-content-layout-column\"><div class=\"fusion-text fusion-text-1\"><p>AMA Roller je motorizovan\u00e9 oto\u010dn\u00e9 zv\u00e1racie polohovadlo &#8211; rot\u00e1tor, ktor\u00e9 u\u013eah\u010duje a zjednodu\u0161uje pr\u00edpravu a zv\u00e1ranie r\u00far. Tento efekt\u00edvny a kompaktn\u00fd rot\u00e1tor r\u00far je vhodn\u00fd na stavby aj do mont\u00e1\u017enych dieln\u00ed. AMA Roller je vybaven\u00fd ovl\u00e1dac\u00edm panelom, ktor\u00fd sl\u00fa\u017ei na nastavenie r\u00fdchlosti a smeru ot\u00e1\u010da r\u00far. Rot\u00e1cia r\u00far sa aktivuje pomocou stla\u010denia no\u017en\u00e9ho ped\u00e1lu.<\/p>\n<p>Zv\u00e1racie polohovadlo AMA Roller vyu\u017eijete pri rezan\u00ed uhlovou br\u00faskou, stehovan\u00ed, zv\u00e1ran\u00ed aj br\u00fasen\u00ed zvarov. Praktick\u00fd dizajn a nastavite\u013en\u00e1 kon\u0161trukcia umo\u017e\u0148uje pracova\u0165 v\u017edy v ide\u00e1lnej pracovnej poz\u00edcii. Rota\u010dn\u00e9 zv\u00e1racie polohovadlo AMA Roller je kompaktn\u00e9, \u013eahk\u00e9 a m\u00f4\u017eete ho prenies\u0165 kdeko\u013evek potrebujete. Re\u00e1lne zv\u00fd\u0161i produktivitu v\u00fdroby a\u017e o 30%.<\/p>\n<p>Oto\u010dn\u00e9 polohovadlo je mo\u017en\u00e9 doplni\u0165 o stojany a podpery.<\/p>\n<h3 style=\"text-align: left;\">Vlastnosti zariadenia<\/h3>\n<ul>\n<li>Pre priemery r\u00far 30 &#8211; 500 mm.<\/li>\n<li>Zvy\u0161uje r\u00fdchlos\u0165 a efektivitu zv\u00e1rania potrub\u00ed.<\/li>\n<li>U\u013eah\u010duje pr\u00e1cu a \u0161etr\u00ed n\u00e1klady.<\/li>\n<li>Zlep\u0161uje kvalitu zvarov\u00e9ho spoja.<\/li>\n<li>Umo\u017e\u0148uje zv\u00e1ranie v\u017edy v ide\u00e1lnej polohe.<\/li>\n<li>Zni\u017euje po\u010det \u0161tartov a zastaven\u00ed.<\/li>\n<li>Zni\u017euje rozdiely v \u00farovniach zru\u010dnost\u00ed medzi r\u00f4znymi zv\u00e1ra\u010dmi.<\/li>\n<li>Hmotnos\u0165 23 kg + podstava na r\u00fary typ A 33 kg.<\/li>\n<li>Maxim\u00e1lne za\u0165a\u017eenie pri ot\u00e1\u010dan\u00ed 30 Nm.<\/li>\n<li>Vhodn\u00e9 pre v\u0161etky met\u00f3dy ru\u010dn\u00e9ho zv\u00e1rania: MIG, MAG, TIG a MMA.<\/li>\n<\/ul>\n<h3 style=\"text-align: left;\">Video<\/h3>\n<div class=\"fusion-video fusion-youtube\" style=\"--awb-max-width:600px;--awb-max-height:360px;\"><div class=\"video-shortcode\"><div class=\"fluid-width-video-wrapper\" style=\"padding-top:60%;\" ><iframe title=\"YouTube video player 1\" src=\"https:\/\/www.youtube.com\/embed\/Xp4JtaakecM?wmode=transparent&autoplay=0&amp;rel=0\" width=\"600\" height=\"360\" allowfullscreen allow=\"autoplay; clipboard-write; encrypted-media; gyroscope; picture-in-picture;\"><\/iframe><\/div><\/div><\/div>\n<\/div><\/div><\/div><\/div><\/div>\n","protected":false},"excerpt":{"rendered":"<p>AMA\u00ae Roller je motorizovan\u00e9 zv\u00e1racie oto\u010dn\u00e9 polohovadlo, ktor\u00e9 sl\u00fa\u017ei na rot\u00e1ciu r\u00far pri mont\u00e1\u017ei a zv\u00e1ran\u00ed. Zariadenie ot\u00e1\u010da r\u00fary po\u017eadovanou r\u00fdchlos\u0165ou a zv\u00e1ra\u010d nemus\u00ed neust\u00e1le meni\u0165 polohu. Oto\u010dn\u00e9 polohovadlo je mo\u017en\u00e9 doplni\u0165 o r\u00f4zne stojany a podpery.<\/p>\n","protected":false},"featured_media":3494,"template":"","meta":{"_monsterinsights_skip_tracking":false,"_monsterinsights_sitenote_active":false,"_monsterinsights_sitenote_note":"","_monsterinsights_sitenote_category":0},"product_brand":[],"product_cat":[116],"product_tag":[115],"yst_prominent_words":[],"class_list":{"0":"post-3507","1":"product","2":"type-product","3":"status-publish","4":"has-post-thumbnail","6":"product_cat-prislusenstvo-pre-zvaranie-rur","7":"product_tag-ama","9":"first","10":"onbackorder","11":"taxable","12":"shipping-taxable","13":"product-type-simple"},"acf":[],"_links":{"self":[{"href":"https:\/\/www.robotec.sk\/welding\/wp-json\/wp\/v2\/product\/3507","targetHints":{"allow":["GET"]}}],"collection":[{"href":"https:\/\/www.robotec.sk\/welding\/wp-json\/wp\/v2\/product"}],"about":[{"href":"https:\/\/www.robotec.sk\/welding\/wp-json\/wp\/v2\/types\/product"}],"wp:featuredmedia":[{"embeddable":true,"href":"https:\/\/www.robotec.sk\/welding\/wp-json\/wp\/v2\/media\/3494"}],"wp:attachment":[{"href":"https:\/\/www.robotec.sk\/welding\/wp-json\/wp\/v2\/media?parent=3507"}],"wp:term":[{"taxonomy":"product_brand","embeddable":true,"href":"https:\/\/www.robotec.sk\/welding\/wp-json\/wp\/v2\/product_brand?post=3507"},{"taxonomy":"product_cat","embeddable":true,"href":"https:\/\/www.robotec.sk\/welding\/wp-json\/wp\/v2\/product_cat?post=3507"},{"taxonomy":"product_tag","embeddable":true,"href":"https:\/\/www.robotec.sk\/welding\/wp-json\/wp\/v2\/product_tag?post=3507"},{"taxonomy":"yst_prominent_words","embeddable":true,"href":"https:\/\/www.robotec.sk\/welding\/wp-json\/wp\/v2\/yst_prominent_words?post=3507"}],"curies":[{"name":"wp","href":"https:\/\/api.w.org\/{rel}","templated":true}]}}