{"id":3506,"date":"2023-04-05T11:24:25","date_gmt":"2023-04-05T09:24:25","guid":{"rendered":"https:\/\/www.robotec.sk\/welding\/?post_type=product&#038;p=3506"},"modified":"2023-04-05T11:38:02","modified_gmt":"2023-04-05T09:38:02","slug":"ama-hd-support-podpera-na-rury","status":"publish","type":"product","link":"https:\/\/www.robotec.sk\/welding\/produkt\/ama-hd-support-podpera-na-rury\/","title":{"rendered":"AMA HD Support &#8211; podpera na r\u00fary"},"content":{"rendered":"<div class=\"fusion-fullwidth fullwidth-box fusion-builder-row-1 fusion-flex-container nonhundred-percent-fullwidth non-hundred-percent-height-scrolling\" style=\"--awb-border-radius-top-left:0px;--awb-border-radius-top-right:0px;--awb-border-radius-bottom-right:0px;--awb-border-radius-bottom-left:0px;--awb-flex-wrap:wrap;\" ><div class=\"fusion-builder-row fusion-row fusion-flex-align-items-flex-start fusion-flex-content-wrap\" style=\"max-width:1248px;margin-left: calc(-4% \/ 2 );margin-right: calc(-4% \/ 2 );\"><div class=\"fusion-layout-column fusion_builder_column fusion-builder-column-0 fusion_builder_column_1_1 1_1 fusion-flex-column\" style=\"--awb-bg-size:cover;--awb-width-large:100%;--awb-margin-top-large:0px;--awb-spacing-right-large:1.92%;--awb-margin-bottom-large:0px;--awb-spacing-left-large:1.92%;--awb-width-medium:100%;--awb-spacing-right-medium:1.92%;--awb-spacing-left-medium:1.92%;--awb-width-small:100%;--awb-spacing-right-small:1.92%;--awb-spacing-left-small:1.92%;\"><div class=\"fusion-column-wrapper fusion-flex-justify-content-flex-start fusion-content-layout-column\"><div class=\"fusion-text fusion-text-1\"><p>AMA HD Support je robustn\u00e1 v\u00fd\u0161kovo nastavite\u013en\u00e1 podpera z pozinkovan\u00fdch r\u00farok vybaven\u00e1 kolieskami.<\/p>\n<h3 style=\"text-align: left;\">Vlastnosti<\/h3>\n<ul>\n<li>Pomocn\u00e1 podpera pre pou\u017eitie s AMA\u00ae HD rot\u00e1tormi.<\/li>\n<li>Pre priemery r\u00far 100 &#8211; 1200 mm.<\/li>\n<li>Maxim\u00e1lna nosnos\u0165 900 kg.<\/li>\n<li>R\u00fary sa plynulo ot\u00e1\u010daj\u00fa na gu\u013e\u00f4\u010dkov\u00fdch lo\u017eisk\u00e1ch znehrdzavej\u00facej ocele.<\/li>\n<li>V\u00fd\u0161kovo nastavite\u013en\u00e1 aj ak je na nej umiestnen\u00e1 r\u00fara.<\/li>\n<li>V\u00fd\u0161kov\u00e9 nastavenie podpery 380 a\u017e 870 mm.<\/li>\n<li>Jednoduch\u00e9 premiest\u0148ovanie naklonen\u00edm na kolieskach.<\/li>\n<li>Hmotnos\u0165 42 kg.<\/li>\n<\/ul>\n<h3 style=\"text-align: left;\">Video<\/h3>\n<div class=\"fusion-video fusion-youtube\" style=\"--awb-max-width:600px;--awb-max-height:360px;\"><div class=\"video-shortcode\"><div class=\"fluid-width-video-wrapper\" style=\"padding-top:60%;\" ><iframe title=\"YouTube video player 1\" src=\"https:\/\/www.youtube.com\/embed\/tzHnoESv24Q?wmode=transparent&autoplay=0&amp;rel=0\" width=\"600\" height=\"360\" allowfullscreen allow=\"autoplay; clipboard-write; encrypted-media; gyroscope; picture-in-picture;\"><\/iframe><\/div><\/div><\/div>\n<\/div><\/div><\/div><\/div><\/div>\n","protected":false},"excerpt":{"rendered":"<p>AMA\u00ae HD SUPPORT je v\u00fd\u0161kovo nastavite\u013en\u00e1 podpera na r\u00fary vyroben\u00e1 z pozinkovan\u00e9ho materi\u00e1lu. M\u00f4\u017ee by\u0165 po\u017eit\u00e1 samostatne alebo ako doplnok k motorizovan\u00e9mu zv\u00e1raciemu polohovadlu AMA\u00ae HD ROTATOR.<\/p>\n","protected":false},"featured_media":3485,"template":"","meta":{"_monsterinsights_skip_tracking":false,"_monsterinsights_sitenote_active":false,"_monsterinsights_sitenote_note":"","_monsterinsights_sitenote_category":0},"product_brand":[],"product_cat":[117],"product_tag":[115],"yst_prominent_words":[],"class_list":{"0":"post-3506","1":"product","2":"type-product","3":"status-publish","4":"has-post-thumbnail","6":"product_cat-hd-rotator","7":"product_tag-ama","9":"first","10":"onbackorder","11":"taxable","12":"shipping-taxable","13":"product-type-simple"},"acf":[],"_links":{"self":[{"href":"https:\/\/www.robotec.sk\/welding\/wp-json\/wp\/v2\/product\/3506","targetHints":{"allow":["GET"]}}],"collection":[{"href":"https:\/\/www.robotec.sk\/welding\/wp-json\/wp\/v2\/product"}],"about":[{"href":"https:\/\/www.robotec.sk\/welding\/wp-json\/wp\/v2\/types\/product"}],"wp:featuredmedia":[{"embeddable":true,"href":"https:\/\/www.robotec.sk\/welding\/wp-json\/wp\/v2\/media\/3485"}],"wp:attachment":[{"href":"https:\/\/www.robotec.sk\/welding\/wp-json\/wp\/v2\/media?parent=3506"}],"wp:term":[{"taxonomy":"product_brand","embeddable":true,"href":"https:\/\/www.robotec.sk\/welding\/wp-json\/wp\/v2\/product_brand?post=3506"},{"taxonomy":"product_cat","embeddable":true,"href":"https:\/\/www.robotec.sk\/welding\/wp-json\/wp\/v2\/product_cat?post=3506"},{"taxonomy":"product_tag","embeddable":true,"href":"https:\/\/www.robotec.sk\/welding\/wp-json\/wp\/v2\/product_tag?post=3506"},{"taxonomy":"yst_prominent_words","embeddable":true,"href":"https:\/\/www.robotec.sk\/welding\/wp-json\/wp\/v2\/yst_prominent_words?post=3506"}],"curies":[{"name":"wp","href":"https:\/\/api.w.org\/{rel}","templated":true}]}}