{"id":3366,"date":"2023-03-14T15:43:26","date_gmt":"2023-03-14T14:43:26","guid":{"rendered":"https:\/\/www.robotec.sk\/welding\/?post_type=product&#038;p=3366"},"modified":"2023-03-14T15:50:43","modified_gmt":"2023-03-14T14:50:43","slug":"stehovacia-retaz","status":"publish","type":"product","link":"https:\/\/www.robotec.sk\/welding\/produkt\/stehovacia-retaz\/","title":{"rendered":"TC 600"},"content":{"rendered":"<div class=\"fusion-fullwidth fullwidth-box fusion-builder-row-1 fusion-flex-container nonhundred-percent-fullwidth non-hundred-percent-height-scrolling\" style=\"--awb-border-radius-top-left:0px;--awb-border-radius-top-right:0px;--awb-border-radius-bottom-right:0px;--awb-border-radius-bottom-left:0px;--awb-flex-wrap:wrap;\" ><div class=\"fusion-builder-row fusion-row fusion-flex-align-items-flex-start fusion-flex-content-wrap\" style=\"max-width:1248px;margin-left: calc(-4% \/ 2 );margin-right: calc(-4% \/ 2 );\"><div class=\"fusion-layout-column fusion_builder_column fusion-builder-column-0 fusion_builder_column_1_1 1_1 fusion-flex-column\" style=\"--awb-bg-size:cover;--awb-width-large:100%;--awb-margin-top-large:0px;--awb-spacing-right-large:1.92%;--awb-margin-bottom-large:0px;--awb-spacing-left-large:1.92%;--awb-width-medium:100%;--awb-spacing-right-medium:1.92%;--awb-spacing-left-medium:1.92%;--awb-width-small:100%;--awb-spacing-right-small:1.92%;--awb-spacing-left-small:1.92%;\"><div class=\"fusion-column-wrapper fusion-flex-justify-content-flex-start fusion-content-layout-column\"><div class=\"fusion-text fusion-text-1\"><p>TackClamp TC 600 je stehovacia a centrovacia re\u0165az s inovat\u00edvnym syst\u00e9mom up\u00ednac\u00edch \u010dl\u00e1nkov na r\u00fdchlu fix\u00e1ciu r\u00farok a \u013eahk\u00e9 stehovanie.<\/p>\n<ul>\n<li>Stehovacia re\u0165az TC 600 sa vysklad\u00e1 z jednotliv\u00fdch \u010dl\u00e1nkov pod\u013ea potreby.<\/li>\n<li>Obsah dod\u00e1vky pokr\u00fdva potrubia s \u00d8 60 a\u017e 600 mm (v\u00e4\u010d\u0161ie priemery s \u010fal\u0161\u00edmi \u010dl\u00e1nkami).<\/li>\n<li>N\u00edzka hmotnos\u0165, \u013eahk\u00e9 pren\u00e1\u0161anie a jednoduch\u00e9 upevnenie na potrubie.<\/li>\n<li>Do kontaktu s potrub\u00edm sa dost\u00e1vaj\u00fa len \u010dasti z nehrdzavej\u00facej ocele.<\/li>\n<li>Je vhodn\u00e1 na r\u00f4zne spoje &#8211; r\u00farka s r\u00farkou, r\u00farka \u2013 fitting, r\u00farka s T kusom a \u010fal\u0161ie.<\/li>\n<li>TC-600 sa dod\u00e1va v \u0161peci\u00e1lnom prenosnom kufr\u00edku s 30 up\u00ednac\u00edmi \u010dl\u00e1nkami.<\/li>\n<li>Pr\u00eddavn\u00e9 up\u00ednacie \u010dl\u00e1nky pre v\u00e4\u010d\u0161ie priemery (31-TC610) a pr\u00eddavn\u00e9 \u010dl\u00e1nky na nastavenie ovality \/ r\u00f4znych priemerov r\u00far (31-TC611).<\/li>\n<li>Hmotnos\u0165 v r\u00e1tane kufr\u00edka: 5 kg.<\/li>\n<li>Rozmery kufr\u00edka: 390 x 315 x 100 mm.<\/li>\n<\/ul>\n<\/div><\/div><\/div><\/div><\/div>\n","protected":false},"excerpt":{"rendered":"<p>TackClamp TC 600 je stehovacia a centrovacia re\u0165az s inovat\u00edvnym syst\u00e9mom up\u00ednac\u00edch \u010dl\u00e1nkov na r\u00fdchlu fix\u00e1ciu r\u00farok a \u013eahk\u00e9 stehovanie.<\/p>\n","protected":false},"featured_media":3365,"template":"","meta":{"_monsterinsights_skip_tracking":false,"_monsterinsights_sitenote_active":false,"_monsterinsights_sitenote_note":"","_monsterinsights_sitenote_category":0},"product_brand":[],"product_cat":[112],"product_tag":[102],"yst_prominent_words":[],"class_list":{"0":"post-3366","1":"product","2":"type-product","3":"status-publish","4":"has-post-thumbnail","6":"product_cat-stehovacie-retaze","7":"product_tag-orbitalservice","9":"first","10":"onbackorder","11":"taxable","12":"shipping-taxable","13":"product-type-simple"},"acf":[],"_links":{"self":[{"href":"https:\/\/www.robotec.sk\/welding\/wp-json\/wp\/v2\/product\/3366","targetHints":{"allow":["GET"]}}],"collection":[{"href":"https:\/\/www.robotec.sk\/welding\/wp-json\/wp\/v2\/product"}],"about":[{"href":"https:\/\/www.robotec.sk\/welding\/wp-json\/wp\/v2\/types\/product"}],"wp:featuredmedia":[{"embeddable":true,"href":"https:\/\/www.robotec.sk\/welding\/wp-json\/wp\/v2\/media\/3365"}],"wp:attachment":[{"href":"https:\/\/www.robotec.sk\/welding\/wp-json\/wp\/v2\/media?parent=3366"}],"wp:term":[{"taxonomy":"product_brand","embeddable":true,"href":"https:\/\/www.robotec.sk\/welding\/wp-json\/wp\/v2\/product_brand?post=3366"},{"taxonomy":"product_cat","embeddable":true,"href":"https:\/\/www.robotec.sk\/welding\/wp-json\/wp\/v2\/product_cat?post=3366"},{"taxonomy":"product_tag","embeddable":true,"href":"https:\/\/www.robotec.sk\/welding\/wp-json\/wp\/v2\/product_tag?post=3366"},{"taxonomy":"yst_prominent_words","embeddable":true,"href":"https:\/\/www.robotec.sk\/welding\/wp-json\/wp\/v2\/yst_prominent_words?post=3366"}],"curies":[{"name":"wp","href":"https:\/\/api.w.org\/{rel}","templated":true}]}}