{"id":3364,"date":"2023-03-14T15:10:10","date_gmt":"2023-03-14T14:10:10","guid":{"rendered":"https:\/\/www.robotec.sk\/welding\/?post_type=product&#038;p=3364"},"modified":"2023-03-14T15:14:01","modified_gmt":"2023-03-14T14:14:01","slug":"tf-4-5","status":"publish","type":"product","link":"https:\/\/www.robotec.sk\/welding\/produkt\/tf-4-5\/","title":{"rendered":"TF 4.5"},"content":{"rendered":"<div class=\"fusion-fullwidth fullwidth-box fusion-builder-row-1 fusion-flex-container nonhundred-percent-fullwidth non-hundred-percent-height-scrolling\" style=\"--awb-border-radius-top-left:0px;--awb-border-radius-top-right:0px;--awb-border-radius-bottom-right:0px;--awb-border-radius-bottom-left:0px;--awb-flex-wrap:wrap;\" ><div class=\"fusion-builder-row fusion-row fusion-flex-align-items-flex-start fusion-flex-content-wrap\" style=\"max-width:1248px;margin-left: calc(-4% \/ 2 );margin-right: calc(-4% \/ 2 );\"><div class=\"fusion-layout-column fusion_builder_column fusion-builder-column-0 fusion_builder_column_1_1 1_1 fusion-flex-column\" style=\"--awb-bg-size:cover;--awb-width-large:100%;--awb-margin-top-large:0px;--awb-spacing-right-large:1.92%;--awb-margin-bottom-large:0px;--awb-spacing-left-large:1.92%;--awb-width-medium:100%;--awb-spacing-right-medium:1.92%;--awb-spacing-left-medium:1.92%;--awb-width-small:100%;--awb-spacing-right-small:1.92%;--awb-spacing-left-small:1.92%;\"><div class=\"fusion-column-wrapper fusion-flex-justify-content-flex-start fusion-content-layout-column\"><div class=\"fusion-text fusion-text-1\"><p>Zarovn\u00e1va\u010d \u010dela r\u00far TF 4.5 je ur\u010den\u00fd na \u00fapravu \u010dela r\u00far po rezan\u00ed. Jedn\u00e1 sa o vysoko kvalitn\u00fd n\u00e1stroj pre \u00fapravu \u010dela r\u00far pred zv\u00e1ran\u00edm, ktor\u00e9 je potrebn\u00e9 pre dokonal\u00fa pr\u00edpravu zvarov\u00fdch pl\u00f4ch. Pri technol\u00f3gii ru\u010dn\u00e9ho zv\u00e1rania je kvalitn\u00e1 \u00faprava koncov r\u00far d\u00f4le\u017eit\u00e1 z ekonomick\u00fdch d\u00f4vodov, pri orbit\u00e1lnom<br \/>\nzv\u00e1ran\u00ed je v\u0161ak absol\u00fatne nevyhnutn\u00e1 z technick\u00fdch d\u00f4vodov.<\/p>\n<ul>\n<li>Zariadenie na zarovn\u00e1vanie \u010dela r\u00far po rezan\u00ed, ide\u00e1lny n\u00e1stroj na pr\u00edpravu r\u00far pred zv\u00e1ran\u00edm.<\/li>\n<li>\u00a0Vysokokvalitn\u00e9 \u010depele HSS.<\/li>\n<li>Presn\u00fd ru\u010dn\u00fd posun.<\/li>\n<li>Rozsah: 6,0 mm a\u017e 114,3 mm.<\/li>\n<li>Hmotnos\u0165: 6 kg (14,6 kg vr\u00e1tane akumul\u00e1torovej v\u0155ta\u010dky).<\/li>\n<li>Rozmery: 300 x 295 x 295 mm.<\/li>\n<li>S\u00fa\u010das\u0165ou dod\u00e1vky je dr\u017eiak pre zariadenie TubeFacer 4.5.<\/li>\n<\/ul>\n<\/div><\/div><\/div><\/div><\/div>\n","protected":false},"excerpt":{"rendered":"<p>Zarovn\u00e1va\u010d \u010dela r\u00far TF 4.5 pre \u00fapravu r\u00far rezan\u00ed.<\/p>\n","protected":false},"featured_media":3361,"template":"","meta":{"_monsterinsights_skip_tracking":false,"_monsterinsights_sitenote_active":false,"_monsterinsights_sitenote_note":"","_monsterinsights_sitenote_category":0},"product_brand":[],"product_cat":[111],"product_tag":[102],"yst_prominent_words":[],"class_list":{"0":"post-3364","1":"product","2":"type-product","3":"status-publish","4":"has-post-thumbnail","6":"product_cat-uprava-zvarovych-ploch","7":"product_tag-orbitalservice","9":"first","10":"onbackorder","11":"taxable","12":"shipping-taxable","13":"product-type-simple"},"acf":[],"_links":{"self":[{"href":"https:\/\/www.robotec.sk\/welding\/wp-json\/wp\/v2\/product\/3364","targetHints":{"allow":["GET"]}}],"collection":[{"href":"https:\/\/www.robotec.sk\/welding\/wp-json\/wp\/v2\/product"}],"about":[{"href":"https:\/\/www.robotec.sk\/welding\/wp-json\/wp\/v2\/types\/product"}],"wp:featuredmedia":[{"embeddable":true,"href":"https:\/\/www.robotec.sk\/welding\/wp-json\/wp\/v2\/media\/3361"}],"wp:attachment":[{"href":"https:\/\/www.robotec.sk\/welding\/wp-json\/wp\/v2\/media?parent=3364"}],"wp:term":[{"taxonomy":"product_brand","embeddable":true,"href":"https:\/\/www.robotec.sk\/welding\/wp-json\/wp\/v2\/product_brand?post=3364"},{"taxonomy":"product_cat","embeddable":true,"href":"https:\/\/www.robotec.sk\/welding\/wp-json\/wp\/v2\/product_cat?post=3364"},{"taxonomy":"product_tag","embeddable":true,"href":"https:\/\/www.robotec.sk\/welding\/wp-json\/wp\/v2\/product_tag?post=3364"},{"taxonomy":"yst_prominent_words","embeddable":true,"href":"https:\/\/www.robotec.sk\/welding\/wp-json\/wp\/v2\/yst_prominent_words?post=3364"}],"curies":[{"name":"wp","href":"https:\/\/api.w.org\/{rel}","templated":true}]}}