{"id":3353,"date":"2023-03-14T10:36:24","date_gmt":"2023-03-14T09:36:24","guid":{"rendered":"https:\/\/www.robotec.sk\/welding\/?post_type=product&#038;p=3353"},"modified":"2023-03-14T10:52:27","modified_gmt":"2023-03-14T09:52:27","slug":"pro2-expert","status":"publish","type":"product","link":"https:\/\/www.robotec.sk\/welding\/produkt\/pro2-expert\/","title":{"rendered":"PRO2 EXPERT"},"content":{"rendered":"<div class=\"fusion-fullwidth fullwidth-box fusion-builder-row-1 fusion-flex-container nonhundred-percent-fullwidth non-hundred-percent-height-scrolling\" style=\"--awb-border-radius-top-left:0px;--awb-border-radius-top-right:0px;--awb-border-radius-bottom-right:0px;--awb-border-radius-bottom-left:0px;--awb-flex-wrap:wrap;\" ><div class=\"fusion-builder-row fusion-row fusion-flex-align-items-flex-start fusion-flex-content-wrap\" style=\"max-width:1248px;margin-left: calc(-4% \/ 2 );margin-right: calc(-4% \/ 2 );\"><div class=\"fusion-layout-column fusion_builder_column fusion-builder-column-0 fusion_builder_column_1_1 1_1 fusion-flex-column\" style=\"--awb-bg-size:cover;--awb-width-large:100%;--awb-margin-top-large:0px;--awb-spacing-right-large:1.92%;--awb-margin-bottom-large:0px;--awb-spacing-left-large:1.92%;--awb-width-medium:100%;--awb-spacing-right-medium:1.92%;--awb-spacing-left-medium:1.92%;--awb-width-small:100%;--awb-spacing-right-small:1.92%;--awb-spacing-left-small:1.92%;\"><div class=\"fusion-column-wrapper fusion-flex-justify-content-flex-start fusion-content-layout-column\"><div class=\"fusion-text fusion-text-1\"><p>PRO2 EXPERT je oxymeter, teda zariadenie, ktor\u00e9 sl\u00fa\u017ei na presn\u00e9 meranie obsahu zostatkov\u00e9ho kysl\u00edka vo zv\u00e1racej komore pred a po\u010das zv\u00e1rania. PRO2 EXPERT vyu\u017e\u00edva modern\u00fa technol\u00f3giu a vysoko presn\u00fd sn\u00edma\u010d. Jeho pou\u017e\u00edvan\u00edm u\u0161etr\u00edte \u010das a plyn. Zaru\u010duje perfektn\u00e9 zvary bez obsahu kysl\u00edka a eliminuje nepresn\u00fd odhad pri pr\u00e1ci.<\/p>\n<p><strong>Vlastnosti zariadenia<\/strong><\/p>\n<ul>\n<li>Rozsah merania: 1000 \u2013 5 ppm.<\/li>\n<li>Dif\u00fazne tesn\u00e1 \u0161peci\u00e1lna hadica na odber vzoriek atmosf\u00e9ry.<\/li>\n<li>Pripraven\u00fd na meranie za cca. 10 sek\u00fand.<\/li>\n<li>Inovat\u00edvny farebn\u00fd koncept &#8211; vizu\u00e1lne a akustick\u00e9 inform\u00e1cie o prev\u00e1dzkovom re\u017eime.<\/li>\n<li>V\u00fddr\u017e bat\u00e9rie &gt; 4 hodiny.<\/li>\n<li>Farebn\u00e1 indik\u00e1cia slabej bat\u00e9rie.<\/li>\n<li>Konektor USB-C.<\/li>\n<li>Mo\u017enos\u0165 nab\u00edjania aj fungovania po napojen\u00ed na powerbanku.<\/li>\n<li>Rozmery: 170 x 85 x 43 mm.<\/li>\n<li>Hmotnos\u0165: 440 g.<\/li>\n<\/ul>\n<\/div><\/div><\/div><\/div><\/div>\n","protected":false},"excerpt":{"rendered":"<p>Analyz\u00e1tor zostatkov\u00e9ho kysl\u00edka &#8211; oxymeter je zariadenie, ktor\u00e9 sl\u00fa\u017ei na presn\u00e9 meranie obsahu zostatkov\u00e9ho kysl\u00edka vo zv\u00e1racej komore pred a po\u010das zv\u00e1rania.<\/p>\n","protected":false},"featured_media":3347,"template":"","meta":{"_monsterinsights_skip_tracking":false,"_monsterinsights_sitenote_active":false,"_monsterinsights_sitenote_note":"","_monsterinsights_sitenote_category":0},"product_brand":[],"product_cat":[109],"product_tag":[102],"yst_prominent_words":[],"class_list":{"0":"post-3353","1":"product","2":"type-product","3":"status-publish","4":"has-post-thumbnail","6":"product_cat-analyzatory-zostatkoveho-kyslika","7":"product_tag-orbitalservice","9":"first","10":"onbackorder","11":"taxable","12":"shipping-taxable","13":"product-type-simple"},"acf":[],"_links":{"self":[{"href":"https:\/\/www.robotec.sk\/welding\/wp-json\/wp\/v2\/product\/3353","targetHints":{"allow":["GET"]}}],"collection":[{"href":"https:\/\/www.robotec.sk\/welding\/wp-json\/wp\/v2\/product"}],"about":[{"href":"https:\/\/www.robotec.sk\/welding\/wp-json\/wp\/v2\/types\/product"}],"wp:featuredmedia":[{"embeddable":true,"href":"https:\/\/www.robotec.sk\/welding\/wp-json\/wp\/v2\/media\/3347"}],"wp:attachment":[{"href":"https:\/\/www.robotec.sk\/welding\/wp-json\/wp\/v2\/media?parent=3353"}],"wp:term":[{"taxonomy":"product_brand","embeddable":true,"href":"https:\/\/www.robotec.sk\/welding\/wp-json\/wp\/v2\/product_brand?post=3353"},{"taxonomy":"product_cat","embeddable":true,"href":"https:\/\/www.robotec.sk\/welding\/wp-json\/wp\/v2\/product_cat?post=3353"},{"taxonomy":"product_tag","embeddable":true,"href":"https:\/\/www.robotec.sk\/welding\/wp-json\/wp\/v2\/product_tag?post=3353"},{"taxonomy":"yst_prominent_words","embeddable":true,"href":"https:\/\/www.robotec.sk\/welding\/wp-json\/wp\/v2\/yst_prominent_words?post=3353"}],"curies":[{"name":"wp","href":"https:\/\/api.w.org\/{rel}","templated":true}]}}