{"id":3351,"date":"2023-03-14T10:13:00","date_gmt":"2023-03-14T09:13:00","guid":{"rendered":"https:\/\/www.robotec.sk\/welding\/?post_type=product&#038;p=3351"},"modified":"2023-03-14T10:30:39","modified_gmt":"2023-03-14T09:30:39","slug":"pro2-stick","status":"publish","type":"product","link":"https:\/\/www.robotec.sk\/welding\/produkt\/pro2-stick\/","title":{"rendered":"PRO2 STICK"},"content":{"rendered":"<div class=\"fusion-fullwidth fullwidth-box fusion-builder-row-1 fusion-flex-container nonhundred-percent-fullwidth non-hundred-percent-height-scrolling\" style=\"--awb-border-radius-top-left:0px;--awb-border-radius-top-right:0px;--awb-border-radius-bottom-right:0px;--awb-border-radius-bottom-left:0px;--awb-flex-wrap:wrap;\" ><div class=\"fusion-builder-row fusion-row fusion-flex-align-items-flex-start fusion-flex-content-wrap\" style=\"max-width:1248px;margin-left: calc(-4% \/ 2 );margin-right: calc(-4% \/ 2 );\"><div class=\"fusion-layout-column fusion_builder_column fusion-builder-column-0 fusion_builder_column_1_1 1_1 fusion-flex-column\" style=\"--awb-bg-size:cover;--awb-width-large:100%;--awb-margin-top-large:0px;--awb-spacing-right-large:1.92%;--awb-margin-bottom-large:0px;--awb-spacing-left-large:1.92%;--awb-width-medium:100%;--awb-spacing-right-medium:1.92%;--awb-spacing-left-medium:1.92%;--awb-width-small:100%;--awb-spacing-right-small:1.92%;--awb-spacing-left-small:1.92%;\"><div class=\"fusion-column-wrapper fusion-flex-justify-content-flex-start fusion-content-layout-column\"><div class=\"fusion-text fusion-text-1\"><p>PRO2 STICK je oxymeter, teda zariadenie, ktor\u00e9 sl\u00fa\u017ei na presn\u00e9 meranie obsahu zostatkov\u00e9ho kysl\u00edka vo zv\u00e1racej komore pred a\u00a0po\u010das zv\u00e1rania. PRO2 STICK \u00a0vyu\u017e\u00edva najmodernej\u0161iu technol\u00f3giu a\u00a0vysoko presn\u00fd sn\u00edma\u010d. Jeho pou\u017e\u00edvan\u00edm u\u0161etr\u00edte \u010das a\u00a0plyn. Zaru\u010duje perfektn\u00e9 zvary bez obsahu kysl\u00edka a eliminuje nepresn\u00fd odhad pri pr\u00e1ci.<\/p>\n<p><strong>Vlastnosti zariadenia<\/strong><\/p>\n<ul>\n<li>Rozsah merania: 1000 ppm a\u017e 1 ppm.<\/li>\n<li>Odoln\u00fd vo\u010di vod\u00edku, vlhkosti a oz\u00f3nu.<\/li>\n<li>Aktiv\u00e1cia merania za menej ako 5 sek\u00fand.<\/li>\n<li>V\u00fddr\u017e bat\u00e9rie 11 hod\u00edn.<\/li>\n<li>Integrovan\u00e1 zvukov\u00e1 signaliz\u00e1cia.<\/li>\n<li>Integrovan\u00fd modul Bluetooth (trieda Bluetooth 1, pokrytie 100 m) -&gt; odosielanie \u00fadajov do zv\u00e1racieho zdroja, mobiln\u00e9ho telef\u00f3nu so syst\u00e9mom Android (10 m) alebo PC.<\/li>\n<li>Robustn\u00e9, inovat\u00edvne a praktick\u00e9 hlin\u00edkov\u00e9 telo.<\/li>\n<li>1\u201c farebn\u00fd OLED displej s vysok\u00fdm rozl\u00ed\u0161en\u00edm.<\/li>\n<li>Zobrazn\u00e9 \u00fadaje na displeji mo\u017eno oto\u010di\u0165 o 180\u00b0.<\/li>\n<li>Automatick\u00e9 vypnutie, ak meranie zostane 10 min\u00fat nad 1000 ppm.<\/li>\n<li>2 integrovan\u00e9 LED di\u00f3dy, jedna pou\u017eite\u013en\u00e1 ako baterka a jedna zobrazuj\u00faca stav bat\u00e9rie.<\/li>\n<li>Hmotnos\u0165: 0,5 kg.<\/li>\n<li>D\u013a\u017eka: 280 mm; Priemer: 56 mm.<\/li>\n<li>Dod\u00e1van\u00e9 v plastovom kufr\u00edku.<\/li>\n<\/ul>\n<\/div><\/div><\/div><\/div><\/div>\n","protected":false},"excerpt":{"rendered":"<p>Analyz\u00e1tor zostatkov\u00e9ho kysl\u00edka &#8211; oxymeter je zariadenie, ktor\u00e9 sl\u00fa\u017ei na presn\u00e9 meranie obsahu zostatkov\u00e9ho kysl\u00edka vo zv\u00e1racej komore pred a po\u010das zv\u00e1rania.<\/p>\n","protected":false},"featured_media":3349,"template":"","meta":{"_monsterinsights_skip_tracking":false,"_monsterinsights_sitenote_active":false,"_monsterinsights_sitenote_note":"","_monsterinsights_sitenote_category":0},"product_brand":[],"product_cat":[109],"product_tag":[102],"yst_prominent_words":[],"class_list":{"0":"post-3351","1":"product","2":"type-product","3":"status-publish","4":"has-post-thumbnail","6":"product_cat-analyzatory-zostatkoveho-kyslika","7":"product_tag-orbitalservice","9":"first","10":"onbackorder","11":"taxable","12":"shipping-taxable","13":"product-type-simple"},"acf":[],"_links":{"self":[{"href":"https:\/\/www.robotec.sk\/welding\/wp-json\/wp\/v2\/product\/3351","targetHints":{"allow":["GET"]}}],"collection":[{"href":"https:\/\/www.robotec.sk\/welding\/wp-json\/wp\/v2\/product"}],"about":[{"href":"https:\/\/www.robotec.sk\/welding\/wp-json\/wp\/v2\/types\/product"}],"wp:featuredmedia":[{"embeddable":true,"href":"https:\/\/www.robotec.sk\/welding\/wp-json\/wp\/v2\/media\/3349"}],"wp:attachment":[{"href":"https:\/\/www.robotec.sk\/welding\/wp-json\/wp\/v2\/media?parent=3351"}],"wp:term":[{"taxonomy":"product_brand","embeddable":true,"href":"https:\/\/www.robotec.sk\/welding\/wp-json\/wp\/v2\/product_brand?post=3351"},{"taxonomy":"product_cat","embeddable":true,"href":"https:\/\/www.robotec.sk\/welding\/wp-json\/wp\/v2\/product_cat?post=3351"},{"taxonomy":"product_tag","embeddable":true,"href":"https:\/\/www.robotec.sk\/welding\/wp-json\/wp\/v2\/product_tag?post=3351"},{"taxonomy":"yst_prominent_words","embeddable":true,"href":"https:\/\/www.robotec.sk\/welding\/wp-json\/wp\/v2\/yst_prominent_words?post=3351"}],"curies":[{"name":"wp","href":"https:\/\/api.w.org\/{rel}","templated":true}]}}