{"id":3345,"date":"2023-03-14T08:43:06","date_gmt":"2023-03-14T07:43:06","guid":{"rendered":"https:\/\/www.robotec.sk\/welding\/?post_type=product&#038;p=3345"},"modified":"2023-03-14T09:39:48","modified_gmt":"2023-03-14T08:39:48","slug":"tr-1000","status":"publish","type":"product","link":"https:\/\/www.robotec.sk\/welding\/produkt\/tr-1000\/","title":{"rendered":"TR 1000"},"content":{"rendered":"<div class=\"fusion-fullwidth fullwidth-box fusion-builder-row-1 fusion-flex-container nonhundred-percent-fullwidth non-hundred-percent-height-scrolling\" style=\"--awb-border-radius-top-left:0px;--awb-border-radius-top-right:0px;--awb-border-radius-bottom-right:0px;--awb-border-radius-bottom-left:0px;--awb-flex-wrap:wrap;\" ><div class=\"fusion-builder-row fusion-row fusion-flex-align-items-flex-start fusion-flex-content-wrap\" style=\"max-width:1248px;margin-left: calc(-4% \/ 2 );margin-right: calc(-4% \/ 2 );\"><div class=\"fusion-layout-column fusion_builder_column fusion-builder-column-0 fusion_builder_column_1_1 1_1 fusion-flex-column\" style=\"--awb-bg-size:cover;--awb-width-large:100%;--awb-margin-top-large:0px;--awb-spacing-right-large:1.92%;--awb-margin-bottom-large:0px;--awb-spacing-left-large:1.92%;--awb-width-medium:100%;--awb-spacing-right-medium:1.92%;--awb-spacing-left-medium:1.92%;--awb-width-small:100%;--awb-spacing-right-small:1.92%;--awb-spacing-left-small:1.92%;\"><div class=\"fusion-column-wrapper fusion-flex-justify-content-flex-start fusion-content-layout-column\"><div class=\"fusion-text fusion-text-1\"><p>Odva\u013eovacie kladkov\u00e9 zv\u00e1racie polohovadlo TR 1000 je zariadenie, ktor\u00e9 u\u013eah\u010duje pr\u00e1cu pri zv\u00e1ran\u00ed r\u00far r\u00f4znych priemerov. Polohovadlo v re\u00e1lnom \u010dase komunikuje s orbit\u00e1lnym zv\u00e1rac\u00edm zdrojom. Umo\u017e\u0148uje zv\u00e1ranie k\u00fatov\u00fdch zvarov alebo tup\u00fdch zvarov.<\/p>\n<p><strong>Vlastnosti zariadenia<\/strong><\/p>\n<ul>\n<li>Rozsah: DA 20 mm a\u017e DA 323 mm. \u010eal\u0161ie priemery (a\u017e do cca. DA 1,000 mm) na vy\u017eiadanie.<\/li>\n<li>Pr\u00edtla\u010dn\u00e9 rameno s pr\u00edtlakom 400 Nm.<\/li>\n<li>Dr\u017eiak pre plynom alebo vodou chladen\u00fd hor\u00e1k.<\/li>\n<li>Pohon pomocou ozuben\u00e9ho ramena.<\/li>\n<li>Modul\u00e1rne roz\u0161\u00edrenie pomocou sady profilov.<\/li>\n<\/ul>\n<\/div><\/div><\/div><\/div><\/div>\n","protected":false},"excerpt":{"rendered":"<p>Odva\u013eovacie kladkov\u00e9 zv\u00e1racie polohovadlo pre zv\u00e1ranie r\u00far priemerov DA 20 a\u017e 323 mm.<\/p>\n","protected":false},"featured_media":3335,"template":"","meta":{"_monsterinsights_skip_tracking":false,"_monsterinsights_sitenote_active":false,"_monsterinsights_sitenote_note":"","_monsterinsights_sitenote_category":0},"product_brand":[],"product_cat":[108],"product_tag":[102],"yst_prominent_words":[],"class_list":{"0":"post-3345","1":"product","2":"type-product","3":"status-publish","4":"has-post-thumbnail","6":"product_cat-polohovadla","7":"product_tag-orbitalservice","9":"first","10":"onbackorder","11":"taxable","12":"shipping-taxable","13":"product-type-simple"},"acf":[],"_links":{"self":[{"href":"https:\/\/www.robotec.sk\/welding\/wp-json\/wp\/v2\/product\/3345","targetHints":{"allow":["GET"]}}],"collection":[{"href":"https:\/\/www.robotec.sk\/welding\/wp-json\/wp\/v2\/product"}],"about":[{"href":"https:\/\/www.robotec.sk\/welding\/wp-json\/wp\/v2\/types\/product"}],"wp:featuredmedia":[{"embeddable":true,"href":"https:\/\/www.robotec.sk\/welding\/wp-json\/wp\/v2\/media\/3335"}],"wp:attachment":[{"href":"https:\/\/www.robotec.sk\/welding\/wp-json\/wp\/v2\/media?parent=3345"}],"wp:term":[{"taxonomy":"product_brand","embeddable":true,"href":"https:\/\/www.robotec.sk\/welding\/wp-json\/wp\/v2\/product_brand?post=3345"},{"taxonomy":"product_cat","embeddable":true,"href":"https:\/\/www.robotec.sk\/welding\/wp-json\/wp\/v2\/product_cat?post=3345"},{"taxonomy":"product_tag","embeddable":true,"href":"https:\/\/www.robotec.sk\/welding\/wp-json\/wp\/v2\/product_tag?post=3345"},{"taxonomy":"yst_prominent_words","embeddable":true,"href":"https:\/\/www.robotec.sk\/welding\/wp-json\/wp\/v2\/yst_prominent_words?post=3345"}],"curies":[{"name":"wp","href":"https:\/\/api.w.org\/{rel}","templated":true}]}}