{"id":3343,"date":"2023-03-13T15:37:38","date_gmt":"2023-03-13T14:37:38","guid":{"rendered":"https:\/\/www.robotec.sk\/welding\/?post_type=product&#038;p=3343"},"modified":"2023-03-13T15:44:26","modified_gmt":"2023-03-13T14:44:26","slug":"turn-100","status":"publish","type":"product","link":"https:\/\/www.robotec.sk\/welding\/produkt\/turn-100\/","title":{"rendered":"TURN 100"},"content":{"rendered":"<div class=\"fusion-fullwidth fullwidth-box fusion-builder-row-1 fusion-flex-container nonhundred-percent-fullwidth non-hundred-percent-height-scrolling\" style=\"--awb-border-radius-top-left:0px;--awb-border-radius-top-right:0px;--awb-border-radius-bottom-right:0px;--awb-border-radius-bottom-left:0px;--awb-flex-wrap:wrap;\" ><div class=\"fusion-builder-row fusion-row fusion-flex-align-items-flex-start fusion-flex-content-wrap\" style=\"max-width:1248px;margin-left: calc(-4% \/ 2 );margin-right: calc(-4% \/ 2 );\"><div class=\"fusion-layout-column fusion_builder_column fusion-builder-column-0 fusion_builder_column_1_1 1_1 fusion-flex-column\" style=\"--awb-bg-size:cover;--awb-width-large:100%;--awb-margin-top-large:0px;--awb-spacing-right-large:1.92%;--awb-margin-bottom-large:0px;--awb-spacing-left-large:1.92%;--awb-width-medium:100%;--awb-spacing-right-medium:1.92%;--awb-spacing-left-medium:1.92%;--awb-width-small:100%;--awb-spacing-right-small:1.92%;--awb-spacing-left-small:1.92%;\"><div class=\"fusion-column-wrapper fusion-flex-justify-content-flex-start fusion-content-layout-column\"><div class=\"fusion-text fusion-text-1\"><p>Oto\u010dn\u00e9 polohovadlo TURN 100 umo\u017e\u0148uje zv\u00e1ra\u0165 komponenty a zostavy aj ke\u010f sa nedaj\u00fa obrobky upn\u00fa\u0165 do \u017eiadnej z orbit\u00e1lnych zv\u00e1rac\u00edch hl\u00e1v.<br \/>\nJe vybaven\u00e9 dut\u00fdm hriade\u013eom a ide\u00e1lne dop\u013a\u0148a sortiment syst\u00e9mov pre zv\u00e1ranie r\u00far.<\/p>\n<p><strong>Vlastnosti zariadenia<\/strong><\/p>\n<ul>\n<li>Troj\u010de\u013eus\u0165ov\u00e9 100 mm sk\u013eu\u010dovadlo s dut\u00fdm hriade\u013eom (16 mm).<\/li>\n<li>Oto\u010dn\u00e9 polohovadlo sa montuje na dierovan\u00fd st\u00f4l model 16.<\/li>\n<li>Ve\u013ea mo\u017enosti upnutia \u2013 pneumatick\u00fd valec, kon\u00edk, line\u00e1rne vedenia at\u010f.<\/li>\n<li>Variabiln\u00e1 ve\u013ekos\u0165 pracovnej plochy.<\/li>\n<li>V pr\u00edpade potreby m\u00f4\u017ee by\u0165 namontovan\u00e9 na mobilnom zv\u00e1racom voz\u00edku.<\/li>\n<li>S\u00fa\u010das\u0165 \u0161tandardnej dod\u00e1vky: oto\u010dn\u00fd st\u00f4l, dr\u017eiak hor\u00e1ka na 3d k\u013abovom ramene, line\u00e1rna podpera s dvomi koncov\u00fdmi dorazmi.<\/li>\n<\/ul>\n<\/div><\/div><\/div><\/div><\/div>\n","protected":false},"excerpt":{"rendered":"<p>Oto\u010dn\u00e9 zv\u00e1racie polohovadlo.<\/p>\n","protected":false},"featured_media":3338,"template":"","meta":{"_monsterinsights_skip_tracking":false,"_monsterinsights_sitenote_active":false,"_monsterinsights_sitenote_note":"","_monsterinsights_sitenote_category":0},"product_brand":[],"product_cat":[108],"product_tag":[102],"yst_prominent_words":[],"class_list":{"0":"post-3343","1":"product","2":"type-product","3":"status-publish","4":"has-post-thumbnail","6":"product_cat-polohovadla","7":"product_tag-orbitalservice","9":"first","10":"onbackorder","11":"taxable","12":"shipping-taxable","13":"product-type-simple"},"acf":[],"_links":{"self":[{"href":"https:\/\/www.robotec.sk\/welding\/wp-json\/wp\/v2\/product\/3343","targetHints":{"allow":["GET"]}}],"collection":[{"href":"https:\/\/www.robotec.sk\/welding\/wp-json\/wp\/v2\/product"}],"about":[{"href":"https:\/\/www.robotec.sk\/welding\/wp-json\/wp\/v2\/types\/product"}],"wp:featuredmedia":[{"embeddable":true,"href":"https:\/\/www.robotec.sk\/welding\/wp-json\/wp\/v2\/media\/3338"}],"wp:attachment":[{"href":"https:\/\/www.robotec.sk\/welding\/wp-json\/wp\/v2\/media?parent=3343"}],"wp:term":[{"taxonomy":"product_brand","embeddable":true,"href":"https:\/\/www.robotec.sk\/welding\/wp-json\/wp\/v2\/product_brand?post=3343"},{"taxonomy":"product_cat","embeddable":true,"href":"https:\/\/www.robotec.sk\/welding\/wp-json\/wp\/v2\/product_cat?post=3343"},{"taxonomy":"product_tag","embeddable":true,"href":"https:\/\/www.robotec.sk\/welding\/wp-json\/wp\/v2\/product_tag?post=3343"},{"taxonomy":"yst_prominent_words","embeddable":true,"href":"https:\/\/www.robotec.sk\/welding\/wp-json\/wp\/v2\/yst_prominent_words?post=3343"}],"curies":[{"name":"wp","href":"https:\/\/api.w.org\/{rel}","templated":true}]}}