{"id":3334,"date":"2023-03-13T14:37:14","date_gmt":"2023-03-13T13:37:14","guid":{"rendered":"https:\/\/www.robotec.sk\/welding\/?post_type=product&#038;p=3334"},"modified":"2023-03-13T14:38:53","modified_gmt":"2023-03-13T13:38:53","slug":"cwf-15","status":"publish","type":"product","link":"https:\/\/www.robotec.sk\/welding\/produkt\/cwf-15\/","title":{"rendered":"CWF 15"},"content":{"rendered":"<div class=\"fusion-fullwidth fullwidth-box fusion-builder-row-1 fusion-flex-container nonhundred-percent-fullwidth non-hundred-percent-height-scrolling\" style=\"--awb-border-radius-top-left:0px;--awb-border-radius-top-right:0px;--awb-border-radius-bottom-right:0px;--awb-border-radius-bottom-left:0px;--awb-flex-wrap:wrap;\" ><div class=\"fusion-builder-row fusion-row fusion-flex-align-items-flex-start fusion-flex-content-wrap\" style=\"max-width:1248px;margin-left: calc(-4% \/ 2 );margin-right: calc(-4% \/ 2 );\"><div class=\"fusion-layout-column fusion_builder_column fusion-builder-column-0 fusion_builder_column_1_1 1_1 fusion-flex-column\" style=\"--awb-bg-size:cover;--awb-width-large:100%;--awb-margin-top-large:0px;--awb-spacing-right-large:1.92%;--awb-margin-bottom-large:0px;--awb-spacing-left-large:1.92%;--awb-width-medium:100%;--awb-spacing-right-medium:1.92%;--awb-spacing-left-medium:1.92%;--awb-width-small:100%;--awb-spacing-right-small:1.92%;--awb-spacing-left-small:1.92%;\"><div class=\"fusion-column-wrapper fusion-flex-justify-content-flex-start fusion-content-layout-column\"><div class=\"fusion-text fusion-text-1\"><p>CWF 15 je pod\u00e1va\u010d studen\u00e9ho dr\u00f4tu na 15 kg cievku. Vyzna\u010duje sa kompaktn\u00fdm dizajnom a odolnou kon\u0161trukciou. \u00a0Uzatv\u00e1rate\u013en\u00fd kryt chr\u00e1ni mechanick\u00e9 komponenty pred ne\u010distotami. Pod\u00e1va\u010de CWF s\u00fa ur\u010den\u00e9 pre pou\u017eitie s otvoren\u00fdmi zv\u00e1rac\u00edmi hlavami OWH a oto\u010dn\u00fdmi polohovadlami Turn Drive. S\u00fa \u0161tvorkladkov\u00fdm pod\u00e1vac\u00edm mechanizmom.<\/p>\n<p><strong>Vlastnosti zariadenia<\/strong><\/p>\n<ul>\n<li>Pod\u00e1va\u010de studen\u00e9ho dr\u00f4tu pre cievky s maxim\u00e1lnou hmotnos\u0165ou 15 kg.<\/li>\n<li>Prachotesn\u00e9 a odoln\u00e9 puzdro vyvinut\u00e9 pre priemyseln\u00e9 aplik\u00e1cie.<\/li>\n<li>4-kladkov\u00fd pod\u00e1vac\u00ed syst\u00e9m \u0161vaj\u010diarskej v\u00fdroby.<\/li>\n<li>Vhodn\u00fd pre dr\u00f4ty priemeru 0,8 a 1,0 mm.<\/li>\n<li>Tefl\u00f3nov\u00fd bovden pripojite\u013en\u00fd pomocou r\u00fdchloup\u00ednacieho syst\u00e9mu.<\/li>\n<li>Mo\u017enos\u0165 integrovania motora s tachometrom a sn\u00edma\u010dom pre pou\u017eitie pre orbit\u00e1lne syst\u00e9my AMI a Polysoude.<\/li>\n<li>Pod\u00e1va\u010de mo\u017eno pou\u017e\u00edva\u0165 vo vodorovnej alebo zvislej polohe.<\/li>\n<li>Zaistenie presn\u00e9ho a stabiln\u00e9ho vedenia dr\u00f4tu po celej d\u013a\u017eke pod\u00e1vania.<\/li>\n<\/ul>\n<\/div><\/div><\/div><\/div><\/div>\n","protected":false},"excerpt":{"rendered":"<p>Pod\u00e1va\u010d studen\u00e9ho dr\u00f4tu CWF 15\u00a0 na 15 kg cievku pre orbit\u00e1lne zv\u00e1racie syst\u00e9my.<\/p>\n","protected":false},"featured_media":3332,"template":"","meta":{"_monsterinsights_skip_tracking":false,"_monsterinsights_sitenote_active":false,"_monsterinsights_sitenote_note":"","_monsterinsights_sitenote_category":0},"product_brand":[],"product_cat":[107],"product_tag":[102],"yst_prominent_words":[],"class_list":{"0":"post-3334","1":"product","2":"type-product","3":"status-publish","4":"has-post-thumbnail","6":"product_cat-podavace-studeneho-drotu","7":"product_tag-orbitalservice","9":"first","10":"onbackorder","11":"taxable","12":"shipping-taxable","13":"product-type-simple"},"acf":[],"_links":{"self":[{"href":"https:\/\/www.robotec.sk\/welding\/wp-json\/wp\/v2\/product\/3334","targetHints":{"allow":["GET"]}}],"collection":[{"href":"https:\/\/www.robotec.sk\/welding\/wp-json\/wp\/v2\/product"}],"about":[{"href":"https:\/\/www.robotec.sk\/welding\/wp-json\/wp\/v2\/types\/product"}],"wp:featuredmedia":[{"embeddable":true,"href":"https:\/\/www.robotec.sk\/welding\/wp-json\/wp\/v2\/media\/3332"}],"wp:attachment":[{"href":"https:\/\/www.robotec.sk\/welding\/wp-json\/wp\/v2\/media?parent=3334"}],"wp:term":[{"taxonomy":"product_brand","embeddable":true,"href":"https:\/\/www.robotec.sk\/welding\/wp-json\/wp\/v2\/product_brand?post=3334"},{"taxonomy":"product_cat","embeddable":true,"href":"https:\/\/www.robotec.sk\/welding\/wp-json\/wp\/v2\/product_cat?post=3334"},{"taxonomy":"product_tag","embeddable":true,"href":"https:\/\/www.robotec.sk\/welding\/wp-json\/wp\/v2\/product_tag?post=3334"},{"taxonomy":"yst_prominent_words","embeddable":true,"href":"https:\/\/www.robotec.sk\/welding\/wp-json\/wp\/v2\/yst_prominent_words?post=3334"}],"curies":[{"name":"wp","href":"https:\/\/api.w.org\/{rel}","templated":true}]}}