{"id":3320,"date":"2023-03-13T12:34:06","date_gmt":"2023-03-13T11:34:06","guid":{"rendered":"https:\/\/www.robotec.sk\/welding\/?post_type=product&#038;p=3320"},"modified":"2023-03-13T13:12:24","modified_gmt":"2023-03-13T12:12:24","slug":"cwh-21","status":"publish","type":"product","link":"https:\/\/www.robotec.sk\/welding\/produkt\/cwh-21\/","title":{"rendered":"CWH 21"},"content":{"rendered":"<div class=\"fusion-fullwidth fullwidth-box fusion-builder-row-1 fusion-flex-container nonhundred-percent-fullwidth non-hundred-percent-height-scrolling\" style=\"--awb-border-radius-top-left:0px;--awb-border-radius-top-right:0px;--awb-border-radius-bottom-right:0px;--awb-border-radius-bottom-left:0px;--awb-flex-wrap:wrap;\" ><div class=\"fusion-builder-row fusion-row fusion-flex-align-items-flex-start fusion-flex-content-wrap\" style=\"max-width:1248px;margin-left: calc(-4% \/ 2 );margin-right: calc(-4% \/ 2 );\"><div class=\"fusion-layout-column fusion_builder_column fusion-builder-column-0 fusion_builder_column_1_1 1_1 fusion-flex-column\" style=\"--awb-bg-size:cover;--awb-width-large:100%;--awb-margin-top-large:0px;--awb-spacing-right-large:1.92%;--awb-margin-bottom-large:0px;--awb-spacing-left-large:1.92%;--awb-width-medium:100%;--awb-spacing-right-medium:1.92%;--awb-spacing-left-medium:1.92%;--awb-width-small:100%;--awb-spacing-right-small:1.92%;--awb-spacing-left-small:1.92%;\"><div class=\"fusion-column-wrapper fusion-flex-justify-content-flex-start fusion-content-layout-column\"><div class=\"fusion-text fusion-text-1\"><p>CWH 21 je praktick\u00e1, plynom chladen\u00e1 uzatvoren\u00e1 orbit\u00e1lna zv\u00e1racia hlava. Je vybaven\u00e1 unik\u00e1tnym up\u00ednac\u00edm syst\u00e9mom, ktor\u00fd u\u013eah\u010duje pr\u00e1cu. Vyzna\u010duje sa extr\u00e9mne \u00fazkym profilom so \u0161\u00edrkou iba 28 mm. Uzatvoren\u00e1 zv\u00e1racia hlava CWH 21 m\u00f4\u017ee by\u0165 vybaven\u00e1 samocetrovac\u00edm up\u00ednac\u00edm blokom, v\u010faka ktor\u00e9mu nebudete musie\u0165 zvar s\u0165ahova\u0165.<\/p>\n<p><strong>Vlastnosti zariadenia<\/strong><\/p>\n<ul>\n<li>Naju\u017e\u0161ie uzatvoren\u00e9 zv\u00e1racie hlavy na trhu.<\/li>\n<li>Unik\u00e1tny bezv\u00f4\u013eov\u00fd rota\u010dn\u00fd mechanizmus.<\/li>\n<li>Robustn\u00e1 rukov\u00e4\u0165 z vysokopevnostn\u00e9ho hlin\u00edka.<\/li>\n<li>Patentovan\u00fd pru\u017einov\u00fd up\u00ednac\u00ed syst\u00e9m u\u013eah\u010duje pr\u00e1cu.<\/li>\n<li>Zv\u00e1raciu hlavu CWH-21 je mo\u017en\u00e9 vybavi\u0165 samostrediacim blokom, ktor\u00fd vycentruje r\u00farky a eliminuje stehovanie.<\/li>\n<li>D\u013a\u017eka k\u00e1blov\u00fdch zv\u00e4zkov je 8 m. Na vy\u017eiadanie je mo\u017en\u00e9 doda\u0165 aj v in\u00fdch d\u013a\u017ekach.<\/li>\n<li>Rukov\u00e4\u0165 a k\u00e1blov\u00e9 pr\u00edslu\u0161enstvo je univerz\u00e1lne pre viacer\u00e9 modely zv\u00e1rac\u00edch hl\u00e1v.<\/li>\n<\/ul>\n<\/div><\/div><\/div><\/div><\/div>\n","protected":false},"excerpt":{"rendered":"<p>Uzatvoren\u00e1 orbit\u00e1lna zv\u00e1racia hlava CWH 21 pre orbit\u00e1lne zv\u00e1ranie r\u00far s priemerom DA 3,17 a\u017e 21,3 mm.<\/p>\n","protected":false},"featured_media":3294,"template":"","meta":{"_monsterinsights_skip_tracking":false,"_monsterinsights_sitenote_active":false,"_monsterinsights_sitenote_note":"","_monsterinsights_sitenote_category":0},"product_brand":[],"product_cat":[106],"product_tag":[102],"yst_prominent_words":[],"class_list":{"0":"post-3320","1":"product","2":"type-product","3":"status-publish","4":"has-post-thumbnail","6":"product_cat-uzatvorene-orbitalne-zvaracie-hlavy","7":"product_tag-orbitalservice","9":"first","10":"onbackorder","11":"taxable","12":"shipping-taxable","13":"product-type-simple"},"acf":[],"_links":{"self":[{"href":"https:\/\/www.robotec.sk\/welding\/wp-json\/wp\/v2\/product\/3320","targetHints":{"allow":["GET"]}}],"collection":[{"href":"https:\/\/www.robotec.sk\/welding\/wp-json\/wp\/v2\/product"}],"about":[{"href":"https:\/\/www.robotec.sk\/welding\/wp-json\/wp\/v2\/types\/product"}],"wp:featuredmedia":[{"embeddable":true,"href":"https:\/\/www.robotec.sk\/welding\/wp-json\/wp\/v2\/media\/3294"}],"wp:attachment":[{"href":"https:\/\/www.robotec.sk\/welding\/wp-json\/wp\/v2\/media?parent=3320"}],"wp:term":[{"taxonomy":"product_brand","embeddable":true,"href":"https:\/\/www.robotec.sk\/welding\/wp-json\/wp\/v2\/product_brand?post=3320"},{"taxonomy":"product_cat","embeddable":true,"href":"https:\/\/www.robotec.sk\/welding\/wp-json\/wp\/v2\/product_cat?post=3320"},{"taxonomy":"product_tag","embeddable":true,"href":"https:\/\/www.robotec.sk\/welding\/wp-json\/wp\/v2\/product_tag?post=3320"},{"taxonomy":"yst_prominent_words","embeddable":true,"href":"https:\/\/www.robotec.sk\/welding\/wp-json\/wp\/v2\/yst_prominent_words?post=3320"}],"curies":[{"name":"wp","href":"https:\/\/api.w.org\/{rel}","templated":true}]}}