{"id":3313,"date":"2023-03-10T09:09:40","date_gmt":"2023-03-10T08:09:40","guid":{"rendered":"https:\/\/www.robotec.sk\/welding\/?post_type=product&#038;p=3313"},"modified":"2023-03-10T14:58:26","modified_gmt":"2023-03-10T13:58:26","slug":"owh76","status":"publish","type":"product","link":"https:\/\/www.robotec.sk\/welding\/produkt\/owh76\/","title":{"rendered":"OWH 76"},"content":{"rendered":"<div class=\"fusion-fullwidth fullwidth-box fusion-builder-row-1 fusion-flex-container nonhundred-percent-fullwidth non-hundred-percent-height-scrolling\" style=\"--awb-border-radius-top-left:0px;--awb-border-radius-top-right:0px;--awb-border-radius-bottom-right:0px;--awb-border-radius-bottom-left:0px;--awb-flex-wrap:wrap;\" ><div class=\"fusion-builder-row fusion-row fusion-flex-align-items-flex-start fusion-flex-content-wrap\" style=\"max-width:1248px;margin-left: calc(-4% \/ 2 );margin-right: calc(-4% \/ 2 );\"><div class=\"fusion-layout-column fusion_builder_column fusion-builder-column-0 fusion_builder_column_1_1 1_1 fusion-flex-column\" style=\"--awb-bg-size:cover;--awb-width-large:100%;--awb-margin-top-large:0px;--awb-spacing-right-large:1.92%;--awb-margin-bottom-large:0px;--awb-spacing-left-large:1.92%;--awb-width-medium:100%;--awb-spacing-right-medium:1.92%;--awb-spacing-left-medium:1.92%;--awb-width-small:100%;--awb-spacing-right-small:1.92%;--awb-spacing-left-small:1.92%;\"><div class=\"fusion-column-wrapper fusion-flex-justify-content-flex-start fusion-content-layout-column\"><div class=\"fusion-text fusion-text-1\"><p>Otvoren\u00e1 orbit\u00e1lna zv\u00e1racia hlava OWH 76 je ur\u010den\u00e1 pre zv\u00e1ranie r\u00far s priemerom DA 12 a\u017e 76 mm.<\/p>\n<p><strong>Vlastnosti zariadenia<\/strong><\/p>\n<ul>\n<li>Praktick\u00e1 kon\u0161trukcia, vysokokvalitn\u00fd bezv\u00f4\u013eov\u00fd motor a prevodovka.<\/li>\n<li>Pou\u017eitie plynom alebo vodou chladen\u00fdch TIG hor\u00e1kov.<\/li>\n<li>Dr\u017eiaky hor\u00e1kov s\u00fa vyroben\u00e9 z vysokopevnostn\u00e9ho hlin\u00edka a pon\u00fakaj\u00fa viac mo\u017enost\u00ed uchytenia.<\/li>\n<li>Zv\u00e1racia hlava je plne kompatibiln\u00e1 so syst\u00e9mami Orbitec a po doplnen\u00ed o tachogener\u00e1tor dok\u00e1\u017ee pracova\u0165 aj s orbit\u00e1lnymi syst\u00e9mami od v\u00fdrobcov ako AMI, Orbitalum, Magnatech \u010di ESAB.<\/li>\n<li>Pevn\u00fd plastov\u00fd kufor s penovou vlo\u017ekou je k dispoz\u00edcii ako volite\u013en\u00e9 pr\u00edslu\u0161enstvo.<\/li>\n<li>K\u00e1blov\u00e9 zv\u00e4zky a pripojenia \u0161tandardne dod\u00e1van\u00e9 v d\u013a\u017eke 8 m.<\/li>\n<\/ul>\n<\/div><\/div><\/div><\/div><\/div>\n","protected":false},"excerpt":{"rendered":"<p>Otvoren\u00e1 orbit\u00e1lna zv\u00e1racia hlava OWH 76 pre orbit\u00e1lne zv\u00e1ranie r\u00far s priemerom DA 12 a\u017e 76 mm.<\/p>\n","protected":false},"featured_media":3301,"template":"","meta":{"_monsterinsights_skip_tracking":false,"_monsterinsights_sitenote_active":false,"_monsterinsights_sitenote_note":"","_monsterinsights_sitenote_category":0},"product_brand":[],"product_cat":[105],"product_tag":[102],"yst_prominent_words":[],"class_list":{"0":"post-3313","1":"product","2":"type-product","3":"status-publish","4":"has-post-thumbnail","6":"product_cat-otvorene-orbitalne-zvaracie-hlavy","7":"product_tag-orbitalservice","9":"first","10":"onbackorder","11":"taxable","12":"shipping-taxable","13":"product-type-simple"},"acf":[],"_links":{"self":[{"href":"https:\/\/www.robotec.sk\/welding\/wp-json\/wp\/v2\/product\/3313","targetHints":{"allow":["GET"]}}],"collection":[{"href":"https:\/\/www.robotec.sk\/welding\/wp-json\/wp\/v2\/product"}],"about":[{"href":"https:\/\/www.robotec.sk\/welding\/wp-json\/wp\/v2\/types\/product"}],"wp:featuredmedia":[{"embeddable":true,"href":"https:\/\/www.robotec.sk\/welding\/wp-json\/wp\/v2\/media\/3301"}],"wp:attachment":[{"href":"https:\/\/www.robotec.sk\/welding\/wp-json\/wp\/v2\/media?parent=3313"}],"wp:term":[{"taxonomy":"product_brand","embeddable":true,"href":"https:\/\/www.robotec.sk\/welding\/wp-json\/wp\/v2\/product_brand?post=3313"},{"taxonomy":"product_cat","embeddable":true,"href":"https:\/\/www.robotec.sk\/welding\/wp-json\/wp\/v2\/product_cat?post=3313"},{"taxonomy":"product_tag","embeddable":true,"href":"https:\/\/www.robotec.sk\/welding\/wp-json\/wp\/v2\/product_tag?post=3313"},{"taxonomy":"yst_prominent_words","embeddable":true,"href":"https:\/\/www.robotec.sk\/welding\/wp-json\/wp\/v2\/yst_prominent_words?post=3313"}],"curies":[{"name":"wp","href":"https:\/\/api.w.org\/{rel}","templated":true}]}}