{"id":3308,"date":"2023-03-09T15:01:10","date_gmt":"2023-03-09T14:01:10","guid":{"rendered":"https:\/\/www.robotec.sk\/welding\/?post_type=product&#038;p=3308"},"modified":"2023-03-10T15:01:15","modified_gmt":"2023-03-10T14:01:15","slug":"compactdual","status":"publish","type":"product","link":"https:\/\/www.robotec.sk\/welding\/produkt\/compactdual\/","title":{"rendered":"CompactDual"},"content":{"rendered":"<div class=\"fusion-fullwidth fullwidth-box fusion-builder-row-1 fusion-flex-container nonhundred-percent-fullwidth non-hundred-percent-height-scrolling\" style=\"--awb-border-radius-top-left:0px;--awb-border-radius-top-right:0px;--awb-border-radius-bottom-right:0px;--awb-border-radius-bottom-left:0px;--awb-flex-wrap:wrap;\" ><div class=\"fusion-builder-row fusion-row fusion-flex-align-items-flex-start fusion-flex-content-wrap\" style=\"max-width:1248px;margin-left: calc(-4% \/ 2 );margin-right: calc(-4% \/ 2 );\"><div class=\"fusion-layout-column fusion_builder_column fusion-builder-column-0 fusion_builder_column_1_1 1_1 fusion-flex-column\" style=\"--awb-bg-size:cover;--awb-width-large:100%;--awb-margin-top-large:0px;--awb-spacing-right-large:1.92%;--awb-margin-bottom-large:0px;--awb-spacing-left-large:1.92%;--awb-width-medium:100%;--awb-spacing-right-medium:1.92%;--awb-spacing-left-medium:1.92%;--awb-width-small:100%;--awb-spacing-right-small:1.92%;--awb-spacing-left-small:1.92%;\"><div class=\"fusion-column-wrapper fusion-flex-justify-content-flex-start fusion-content-layout-column\"><div class=\"fusion-text fusion-text-1\"><p>CompactDual je \u013eahk\u00fd a\u00a0 kompaktn\u00fd orbit\u00e1lny zv\u00e1rac\u00ed zdroj. CompactDual je zv\u00e1racie zariadenie dva v jednom &#8211; ru\u010dn\u00fd TIG zv\u00e1rac\u00ed zdroj a orbit\u00e1lny zv\u00e1rac\u00ed syst\u00e9m. Predstavuje cenovo najv\u00fdhodnej\u0161ie a najkompaktnej\u0161ie profesion\u00e1lne rie\u0161enie na svete.<\/p>\n<p><strong>Vlastnosti zariadenia<\/strong><\/p>\n<ul>\n<li>Vysokokvalitn\u00e1 ru\u010dn\u00e1 a orbit\u00e1lna zv\u00e1ra\u010dka s v\u00fdstupn\u00fdm pr\u00fadom 220 A DC.<\/li>\n<li>Dobre \u010ditate\u013en\u00fd a preh\u013eadn\u00fd farebn\u00fd displej.<\/li>\n<li>Mo\u017enos\u0165 ulo\u017eenia manu\u00e1lnych zv\u00e1rac\u00edch programov.<\/li>\n<li>K dispoz\u00edcii je 99 synergick\u00fdch programov pre orbit\u00e1lne zv\u00e1ranie.<\/li>\n<li>Pulzn\u00fd zv\u00e1rac\u00ed re\u017eim pre manu\u00e1lnej aj orbit\u00e1lne zv\u00e1ranie.<\/li>\n<li>Dokument\u00e1cia zv\u00e1racieho procesu.<\/li>\n<li>Nap\u00e1janie: 230 \u00b115 V.<\/li>\n<li>Hmotnos\u0165 iba 15,4 kg.<\/li>\n<li>Rozmery: 490 x 195 x 400 mm.<\/li>\n<\/ul>\n<p><strong>Volite\u013en\u00e9 pr\u00edslu\u0161enstvo<\/strong><\/p>\n<ul>\n<li>Dia\u013ekov\u00e9 ovl\u00e1danie RCplus+, RCplus Connect alebo RCTouchOne.<\/li>\n<li>Vodn\u00e1 chladiaca jednotka CoolerDual.<\/li>\n<li>Ru\u010dn\u00fd TIG zv\u00e1rac\u00ed hor\u00e1k.<\/li>\n<li>Prepravn\u00fd kufr\u00edk pre CompactDual a CoolerDual.Dia\u013ekov\u00e9 ovl\u00e1danie RCplus+ alebo RCplus Connect.<\/li>\n<\/ul>\n<\/div><\/div><\/div><\/div><\/div>\n","protected":false},"excerpt":{"rendered":"<p>Orbit\u00e1lny zv\u00e1rac\u00ed zdroj v kompaktnom preveden\u00ed a jednoduch\u00fdm ovl\u00e1dan\u00edm. Predstavuje inovat\u00edvne spojenie orbit\u00e1lneho a ru\u010dn\u00e9ho zv\u00e1rania met\u00f3dou TIG v jednom zariaden\u00ed.<\/p>\n","protected":false},"featured_media":3289,"template":"","meta":{"_monsterinsights_skip_tracking":false,"_monsterinsights_sitenote_active":false,"_monsterinsights_sitenote_note":"","_monsterinsights_sitenote_category":0},"product_brand":[],"product_cat":[104],"product_tag":[102],"yst_prominent_words":[],"class_list":{"0":"post-3308","1":"product","2":"type-product","3":"status-publish","4":"has-post-thumbnail","6":"product_cat-orbitalne-zvaracie-zdroje","7":"product_tag-orbitalservice","9":"first","10":"onbackorder","11":"taxable","12":"shipping-taxable","13":"product-type-simple"},"acf":[],"_links":{"self":[{"href":"https:\/\/www.robotec.sk\/welding\/wp-json\/wp\/v2\/product\/3308","targetHints":{"allow":["GET"]}}],"collection":[{"href":"https:\/\/www.robotec.sk\/welding\/wp-json\/wp\/v2\/product"}],"about":[{"href":"https:\/\/www.robotec.sk\/welding\/wp-json\/wp\/v2\/types\/product"}],"wp:featuredmedia":[{"embeddable":true,"href":"https:\/\/www.robotec.sk\/welding\/wp-json\/wp\/v2\/media\/3289"}],"wp:attachment":[{"href":"https:\/\/www.robotec.sk\/welding\/wp-json\/wp\/v2\/media?parent=3308"}],"wp:term":[{"taxonomy":"product_brand","embeddable":true,"href":"https:\/\/www.robotec.sk\/welding\/wp-json\/wp\/v2\/product_brand?post=3308"},{"taxonomy":"product_cat","embeddable":true,"href":"https:\/\/www.robotec.sk\/welding\/wp-json\/wp\/v2\/product_cat?post=3308"},{"taxonomy":"product_tag","embeddable":true,"href":"https:\/\/www.robotec.sk\/welding\/wp-json\/wp\/v2\/product_tag?post=3308"},{"taxonomy":"yst_prominent_words","embeddable":true,"href":"https:\/\/www.robotec.sk\/welding\/wp-json\/wp\/v2\/yst_prominent_words?post=3308"}],"curies":[{"name":"wp","href":"https:\/\/api.w.org\/{rel}","templated":true}]}}