{"id":2161,"date":"2020-11-02T09:53:28","date_gmt":"2020-11-02T08:53:28","guid":{"rendered":"https:\/\/www.robotec.sk\/welding\/?post_type=product&#038;p=2161"},"modified":"2021-03-15T15:48:15","modified_gmt":"2021-03-15T14:48:15","slug":"viroline-tower","status":"publish","type":"product","link":"https:\/\/www.robotec.sk\/welding\/produkt\/viroline-tower\/","title":{"rendered":"VIROLINE TOWER"},"content":{"rendered":"<p><span style=\"font-family: Roboto;\">Viroline Tower je zariadenie na steriliz\u00e1ciu a filtr\u00e1ciu vzduchu v interi\u00e9ri, ktor\u00e9 \u00fa\u010dinne zbavuje vzduch v\u00edrusov, bakt\u00e9ri\u00ed a mikroskopick\u00fdch h\u00fab. V\u00fdkonn\u00fd steriliz\u00e1tor vzduchu Viroline Tower je vhodn\u00fd pre in\u0161tal\u00e1ciu do ve\u013ek\u00fdch miestnost\u00ed\u00a0 a h\u00e1l s maxim\u00e1lnou rozlohou 5 000 m\u00b3. Tento uzatvoren\u00fd germic\u00eddny \u017eiari\u010d nach\u00e1dza vyu\u017eitie na v\u00fdstavisk\u00e1ch, letisk\u00e1ch, \u017eelezni\u010dn\u00fdch staniciach, vo v\u00fdrobn\u00fdch hal\u00e1ch, \u0161portov\u00fdch hal\u00e1ch \u010di v s\u00e1lach.<\/span><\/p>\n<p><span style=\"font-family: Roboto;\">Zariadenie na steriliz\u00e1ciu a filtr\u00e1ciu vzduchu &#8211; Viroline Tower dok\u00e1\u017ee nas\u00e1va\u0165 vzduch a\u017e zo vzdialenosti 30 m. Kontaminovan\u00fd vzduch je do zariadenia nas\u00e1van\u00fd vo v\u00fd\u0161ke viac ako tri metre a po prechode cez predfilter G4 je veden\u00fd cez sekciu s UV-C \u017eiaren\u00edm. Pre\u017e\u00edvaj\u00face choroboplodn\u00e9 z\u00e1rodky, ktor\u00e9 neboli hne\u010f usmrten\u00e9 UV-C \u017eiaren\u00edm, s\u00fa zachyt\u00e1van\u00e9 filtrom H14. Ten je neust\u00e1le vystaven\u00fd UV-C \u017eiareniu, ktor\u00e9 zni\u010d\u00ed v\u0161etky v \u0148om zachyten\u00e9 v\u00edrusy, bakt\u00e9rie a huby. \u010cist\u00fd vzduch je priv\u00e1dzan\u00fd sp\u00e4\u0165 do miestnosti cez v\u00fdstupy vzduchu v spodnej \u010dasti zariadenia.<\/span><\/p>\n<p><span style=\"font-family: Roboto;\">Viroline Tower, zariadenie na steriliz\u00e1ciu a filtr\u00e1ciu vzduchu, je mo\u017en\u00e9 \u013eahko umiestni\u0165 pomocou\u00a0 \u017eeriavu alebo vysokozdvi\u017en\u00e9ho voz\u00edka. Kazetov\u00fd HEPA filter H14 ako aj UV-C lampu pohodlne vymen\u00edte cez pr\u00edslu\u0161n\u00e9 servisn\u00e9 kryty.<\/span><\/p>\n<h3><span style=\"font-family: Roboto;\">V\u00ddHODY:<\/span><\/h3>\n<ul style=\"list-style-type: square;\">\n<li><span style=\"font-family: Roboto;\">ak\u010dn\u00fd r\u00e1dius a\u017e 30 m<\/span><\/li>\n<li><span style=\"font-family: Roboto;\">\u00fa\u010dinn\u00e1 likvid\u00e1cia v\u00edrusov, bakt\u00e9ri\u00ed a h\u00fab prostredn\u00edctvom UV-C \u017eiarenia<\/span><\/li>\n<li><span style=\"font-family: Roboto;\">predfilter triedy G4 (pod\u013ea EN 779) zachyt\u00e1va 95 % \u010dast\u00edc s ve\u013ekos\u0165ou v\u00e4\u010d\u0161ou ako 300 nanometrov<\/span><\/li>\n<li><span style=\"font-family: Roboto;\">hlavn\u00fd filter triedy H14 zachyt\u00ed a\u017e 99,995% \u010dast\u00edc s ve\u013ekos\u0165ou 100 &#8211; 300 nanometrov<\/span><\/li>\n<li><span style=\"font-family: Roboto;\">ve\u013ek\u00fd prietok vzduchu &#8211; 3000 m3 za hodinu, umo\u017e\u0148uje sterilizova\u0165 a prefiltrova\u0165 ve\u013ek\u00fd objem vzduchu<\/span><\/li>\n<li><span style=\"font-family: Roboto;\">hlu\u010dnos\u0165 iba 65 dB<\/span><\/li>\n<li><span style=\"font-family: Roboto;\">z\u00e1vesn\u00e9 ok\u00e1 a otvory na ly\u017einy pre presun jednotky<\/span><\/li>\n<li><span style=\"font-family: Roboto;\">\u0161t\u00edhla kon\u0161trukcia<\/span><\/li>\n<\/ul>\n<h3><span style=\"font-family: Roboto;\">POU\u017dITIE:<\/span><\/h3>\n<ul style=\"list-style-type: square;\">\n<li><span style=\"font-family: Roboto;\">haly, s\u00e1ly<\/span><\/li>\n<li><span style=\"font-family: Roboto;\">obchodn\u00e9 centr\u00e1<\/span><\/li>\n<li><span style=\"font-family: Roboto;\">v\u00fdrobn\u00e9 priestory<\/span><\/li>\n<li><span style=\"font-family: Roboto;\">sklady<\/span><\/li>\n<li><span style=\"font-family: Roboto;\">v\u00fdstavisk\u00e1 <\/span><\/li>\n<li><span style=\"font-family: Roboto;\">\u017eelezni\u010dn\u00e9 a autobusov\u00e9 stanice, letiskov\u00e9 haly<\/span><\/li>\n<\/ul>\n<h3><span style=\"font-family: Roboto;\">UV-C \u017dIARENIE \u00da\u010cINNE NI\u010c\u00cd MIKROORGANIZMY<\/span><\/h3>\n<p><span style=\"font-family: Roboto;\">UV-C \u017eiarenie je jedn\u00fdm z naj\u00fa\u010dinnej\u0161\u00edch sp\u00f4sobov steriliz\u00e1cie. UV-C \u017eiarenie pozmen\u00ed DNA mikroorganizmov a tak predch\u00e1dza ich rozmno\u017eovaniu. Tento mechanizmus je zalo\u017een\u00fd na absorbovan\u00ed energie UV-C \u017eiarenia nukleovou kyselinou a bielkovinami, a n\u00e1slednom zahynut\u00ed mikroorganizmu z d\u00f4vodu chemickej reakcie v jadre bunky. UV-C \u017eiarenie \u00fa\u010dinkuje aj na \u013eudsk\u00e9 bunky.\u00a0 Preto je nutn\u00e9 NEZDR\u017dIAVA\u0164 sa v poli \u017eiarenia, respekt\u00edve pou\u017e\u00edva\u0165 uzavret\u00e9 germic\u00eddne \u017eiari\u010de, ak\u00fdmi s\u00fa aj v\u00fdrobky radu VIROLINE.<\/span><\/p>\n<h3><span style=\"font-family: Roboto;\">UZVRET\u00dd GERMIC\u00cdDNY \u017dIARI\u010c<\/span><\/h3>\n<p><span style=\"font-family: Roboto;\">Steriliz\u00e1cia prebieha vo vn\u00fatri zariadenia. Ide o nepretr\u017eit\u00e9 \u010distenie vzduchu jeho n\u00faten\u00fdm obehom okolo zdroja UVC svetla. Po\u010das tohto procesu doch\u00e1dza k steriliz\u00e1ci\u00ed vzduchu v vn\u00fatri germic\u00eddneho \u017eiari\u010da a von vych\u00e1dza dezinfikovan\u00fd\u00a0 vzduch. Pou\u017eit\u00edm uzavret\u00e9ho \u017eiari\u010da s n\u00faten\u00fdm pr\u00faden\u00edm vzduchu cez o\u017earovaciu komoru germic\u00eddneho \u017eiari\u010da doch\u00e1dza ku kontinu\u00e1lnej steriliz\u00e1cii vzduchu celej miestnosti.<\/span><\/p>\n<p><span style=\"font-family: Roboto;\">Uzavret\u00e9 \u017eiari\u010de m\u00f4\u017eu by\u0165 bezpe\u010dne spusten\u00e9 za pr\u00edtomnosti \u013eud\u00ed, preto\u017ee svetlo neunik\u00e1 mimo uzavret\u00fd priestor a nem\u00f4\u017ee tak po\u0161kodi\u0165 Va\u0161e zdravie.<\/span><\/p>\n","protected":false},"excerpt":{"rendered":"<p><span style=\"font-family: Roboto;\">V\u00fdkonn\u00fd priemyseln\u00fd UV steriliz\u00e1tor vzduchu pre \u00fa\u010dinn\u00fa likvid\u00e1ciu v\u00edrusov, bakt\u00e9ri\u00ed a plesn\u00ed pomocou UV-C \u017eiarenia. Integrovan\u00fd filter H14 zachyt\u00e1va 99,995% v\u0161etk\u00fdch mikroorganizmov a zais\u0165uje zdvojen\u00fa ochranu. Prietok vzduchu a\u017e 3000 m3\/h! Uzavret\u00fd germic\u00eddny \u017eiari\u010d pre pou\u017eitie pre miestnosti do uzatvoren\u00fdch priestorov, vysoko \u00fa\u010dinn\u00fd aj proti koronav\u00edrusom vr\u00e1tane COVID-19.<\/span><\/p>\n","protected":false},"featured_media":2146,"template":"","meta":{"_monsterinsights_skip_tracking":false,"_monsterinsights_sitenote_active":false,"_monsterinsights_sitenote_note":"","_monsterinsights_sitenote_category":0},"product_brand":[],"product_cat":[85,89],"product_tag":[38],"yst_prominent_words":[],"class_list":{"0":"post-2161","1":"product","2":"type-product","3":"status-publish","4":"has-post-thumbnail","6":"product_cat-odsavacie-a-filtracne-zariadenia-teka","7":"product_cat-uv-sterilizatory-vzduchu","8":"product_tag-teka","10":"first","11":"onbackorder","12":"taxable","13":"shipping-taxable","14":"product-type-simple"},"acf":[],"_links":{"self":[{"href":"https:\/\/www.robotec.sk\/welding\/wp-json\/wp\/v2\/product\/2161","targetHints":{"allow":["GET"]}}],"collection":[{"href":"https:\/\/www.robotec.sk\/welding\/wp-json\/wp\/v2\/product"}],"about":[{"href":"https:\/\/www.robotec.sk\/welding\/wp-json\/wp\/v2\/types\/product"}],"wp:featuredmedia":[{"embeddable":true,"href":"https:\/\/www.robotec.sk\/welding\/wp-json\/wp\/v2\/media\/2146"}],"wp:attachment":[{"href":"https:\/\/www.robotec.sk\/welding\/wp-json\/wp\/v2\/media?parent=2161"}],"wp:term":[{"taxonomy":"product_brand","embeddable":true,"href":"https:\/\/www.robotec.sk\/welding\/wp-json\/wp\/v2\/product_brand?post=2161"},{"taxonomy":"product_cat","embeddable":true,"href":"https:\/\/www.robotec.sk\/welding\/wp-json\/wp\/v2\/product_cat?post=2161"},{"taxonomy":"product_tag","embeddable":true,"href":"https:\/\/www.robotec.sk\/welding\/wp-json\/wp\/v2\/product_tag?post=2161"},{"taxonomy":"yst_prominent_words","embeddable":true,"href":"https:\/\/www.robotec.sk\/welding\/wp-json\/wp\/v2\/yst_prominent_words?post=2161"}],"curies":[{"name":"wp","href":"https:\/\/api.w.org\/{rel}","templated":true}]}}