{"id":2147,"date":"2020-10-28T13:15:59","date_gmt":"2020-10-28T12:15:59","guid":{"rendered":"https:\/\/www.robotec.sk\/welding\/?post_type=product&#038;p=2147"},"modified":"2021-03-15T15:58:24","modified_gmt":"2021-03-15T14:58:24","slug":"viroline-smart","status":"publish","type":"product","link":"https:\/\/www.robotec.sk\/welding\/produkt\/viroline-smart\/","title":{"rendered":"VIROLINE SMART"},"content":{"rendered":"<p><span style=\"font-family: Roboto;\">Viroline Smart \u00fa\u010dinne sterilizuje a \u010dist\u00ed vzduch od v\u00edrusov, bakt\u00e9ri\u00ed, h\u00fab a prachu v interi\u00e9ri. Je ide\u00e1lny na pou\u017eitie v r\u00f4znych priestoroch, ak\u00fdmi s\u00fa napr\u00edklad administrat\u00edvne budovy, dielne, konferen\u010dn\u00e9 miestnosti, \u010dak\u00e1rne alebo vstupn\u00e9 priestory. Vzduch nas\u00e1va pomocou tich\u00e9ho a vysoko v\u00fdkonn\u00e9ho ventil\u00e1tora.<\/span><\/p>\n<p><span style=\"font-family: Roboto;\">Zariadenie na steriliz\u00e1ciu a filtr\u00e1ciu vzduchu je zalo\u017een\u00e9 na koncepcii dvojstup\u0148ov\u00e9ho \u010distenia. Najsk\u00f4r je kontaminovan\u00fd vzduch veden\u00fd cez mikrofilter G4, v ktorom sa zachyt\u00e1vaj\u00fa prachov\u00e9 \u010dastice. N\u00e1sledne s\u00fa bioaeros\u00f3ly &#8211; v\u00edrusy, bakt\u00e9rie a huby ni\u010den\u00e9 pomocou UV-C \u017eiarenia. Viroline Smart Microfilter G4 \u00fa\u010dinne zachyt\u00e1va prach a aeros\u00f3ly, ktor\u00e9 s\u00fa pod\u013ea nemeck\u00e9ho In\u0161tit\u00fatu Roberta Kocha \u010dasto nosite\u013emi v\u00edrusov. V\u00edrusy naviazan\u00e9 na tieto mal\u00e9 kvap\u00f4\u010dky s\u00fa kontinu\u00e1lne ni\u010den\u00e9 prostredn\u00edctvom \u017eiarenia UV-C. T\u00fdmto sp\u00f4sobom Viroline Smart postupne \u010dist\u00ed a sterilizuje v\u0161etok vzduch v miestnosti.<\/span><\/p>\n<p><span style=\"font-family: Roboto;\">Telo Viroline Smart je vyroben\u00e9 z nehrdzavej\u00facej ocele a zais\u0165uje spo\u013eahliv\u00fa ochranu pred \u00fanikom UV-C \u017eiarenia. In\u0161taluje sa zavesen\u00edm na stropn\u00e9 h\u00e1ky do po\u017eadovanej v\u00fd\u0161ky. Mikrofilter G4 a \u017eiarovku UV-C je mo\u017en\u00e9 v pr\u00edpade potreby vymeni\u0165 bez pou\u017eitia n\u00e1radia. Zariadenie je nen\u00e1ro\u010dn\u00e9 na \u00fadr\u017ebu a \u0161etr\u00ed energiu. Viroline Smart Basic je mo\u017en\u00e9 ovl\u00e1da\u0165 pomocou \u010dasova\u010da. Verzia WiFi umo\u017e\u0148uje jeho zap\u00ednanie a vyp\u00ednanie pomocou smartf\u00f3nu.<\/span><\/p>\n<h3><span style=\"font-family: Roboto;\">V\u00ddHODY:<\/span><\/h3>\n<ul style=\"list-style-type: square;\">\n<li><span style=\"font-family: Roboto;\">\u00fa\u010dinn\u00e1 likvid\u00e1cia v\u00edrusov, bakt\u00e9ri\u00ed a h\u00fab prostredn\u00edctvom UV-C \u017eiarenia<\/span><\/li>\n<li><span style=\"font-family: Roboto;\">mikrofilter triedy G4 (pod\u013ea EN 779) zachyt\u00e1va 95 % \u010dast\u00edc s ve\u013ekos\u0165ou v\u00e4\u010d\u0161ou ako 3 mikr\u00f3ny<\/span><\/li>\n<li><span style=\"font-family: Roboto;\">ve\u013ek\u00fd prietok vzduchu &#8211; 400 alebo 700 m3 za hodinu, umo\u017e\u0148uje sterilizova\u0165 a prefiltrova\u0165 ve\u013ek\u00fd objem vzduchu<\/span><\/li>\n<li><span style=\"font-family: Roboto;\">extr\u00e9mne tich\u00fd -iba 35 dB<\/span><\/li>\n<li><span style=\"font-family: Roboto;\">verzia s ovl\u00e1dan\u00edm cez WiFi u\u013eah\u010duje ovl\u00e1danie pri zavesen\u00ed na strope<\/span><\/li>\n<\/ul>\n<h3><span style=\"font-family: Roboto;\">POU\u017dITIE:<\/span><\/h3>\n<ul style=\"list-style-type: square;\">\n<li><span style=\"font-family: Roboto;\">kancel\u00e1rie, zasada\u010dky, rokovacie miestnosti, recepcie<\/span><\/li>\n<li><span style=\"font-family: Roboto;\">\u010dak\u00e1rne, lek\u00e1rne, ambulancie<\/span><\/li>\n<li><span style=\"font-family: Roboto;\">hotely a ubytovacie zariadenia<\/span><\/li>\n<li><span style=\"font-family: Roboto;\">obchody,\u00a0<\/span><span style=\"font-family: Roboto;\">\u00farady a klientsk\u00e9 centr\u00e1<\/span><\/li>\n<\/ul>\n<h3><span style=\"font-family: Roboto;\">UV-C \u017dIARENIE \u00da\u010cINNE NI\u010c\u00cd MIKROORGANIZMY<\/span><\/h3>\n<p><span style=\"font-family: Roboto;\">UV-C \u017eiarenie je jedn\u00fdm z naj\u00fa\u010dinnej\u0161\u00edch sp\u00f4sobov steriliz\u00e1cie. UV-C \u017eiarenie pozmen\u00ed DNA mikroorganizmov a tak predch\u00e1dza ich rozmno\u017eovaniu. Tento mechanizmus je zalo\u017een\u00fd na absorbovan\u00ed energie UV-C \u017eiarenia nukleovou kyselinou a bielkovinami, a n\u00e1slednom zahynut\u00ed mikroorganizmu z d\u00f4vodu chemickej reakcie v jadre bunky. UV-C \u017eiarenie \u00fa\u010dinkuje aj na \u013eudsk\u00e9 bunky.\u00a0 Preto je nutn\u00e9 NEZDR\u017dIAVA\u0164 sa v poli \u017eiarenia, respekt\u00edve pou\u017e\u00edva\u0165 uzavret\u00e9 germic\u00eddne \u017eiari\u010de, ak\u00fdmi s\u00fa aj v\u00fdrobky radu VIROLINE.<\/span><\/p>\n<h3><span style=\"font-family: Roboto;\">UZVRET\u00dd GERMIC\u00cdDNY \u017dIARI\u010c<\/span><\/h3>\n<p><span style=\"font-family: Roboto;\">Steriliz\u00e1cia prebieha vo vn\u00fatri zariadenia. Ide o nepretr\u017eit\u00e9 \u010distenie vzduchu jeho n\u00faten\u00fdm obehom okolo zdroja UVC svetla. Po\u010das tohto procesu doch\u00e1dza k steriliz\u00e1ci\u00ed vzduchu v vn\u00fatri germic\u00eddneho \u017eiari\u010da a von vych\u00e1dza dezinfikovan\u00fd\u00a0 vzduch.<\/span><\/p>\n<p><span style=\"font-family: Roboto;\">Uzavret\u00e9 \u017eiari\u010de m\u00f4\u017eu by\u0165 bezpe\u010dne spusten\u00e9 za pr\u00edtomnosti \u013eud\u00ed, preto\u017ee svetlo neunik\u00e1 mimo uzavret\u00fd priestor a nem\u00f4\u017ee tak po\u0161kodi\u0165 Va\u0161e zdravie.<\/span><\/p>\n","protected":false},"excerpt":{"rendered":"<p><span style=\"font-family: Roboto;\">Z\u00e1vesn\u00fd steriliz\u00e1tor vzduchu \u00fa\u010dinne likviduje v\u00edrusy, bakt\u00e9rie a plesne pomocou UV-C \u017eiarenia. Tento uzatvoren\u00fd germic\u00eddny \u017eiari\u010d z\u00e1rove\u0148 \u010dist\u00ed nasat\u00fd vzduch prostredn\u00edctvom mikrofiltrov triedy G4. Prietok vzduchu a\u017e 400 alebo 700 m3\/h v z\u00e1vislosti od modelu! Vysok\u00e1 \u00fa\u010dinnos\u0165 aj pre boj proti koronav\u00edrusom vr\u00e1tane COVID-19.<\/span><\/p>\n","protected":false},"featured_media":2145,"template":"","meta":{"_monsterinsights_skip_tracking":false,"_monsterinsights_sitenote_active":false,"_monsterinsights_sitenote_note":"","_monsterinsights_sitenote_category":0},"product_brand":[],"product_cat":[85,89],"product_tag":[38],"yst_prominent_words":[],"class_list":{"0":"post-2147","1":"product","2":"type-product","3":"status-publish","4":"has-post-thumbnail","6":"product_cat-odsavacie-a-filtracne-zariadenia-teka","7":"product_cat-uv-sterilizatory-vzduchu","8":"product_tag-teka","10":"first","11":"instock","12":"taxable","13":"shipping-taxable","14":"product-type-simple"},"acf":[],"_links":{"self":[{"href":"https:\/\/www.robotec.sk\/welding\/wp-json\/wp\/v2\/product\/2147","targetHints":{"allow":["GET"]}}],"collection":[{"href":"https:\/\/www.robotec.sk\/welding\/wp-json\/wp\/v2\/product"}],"about":[{"href":"https:\/\/www.robotec.sk\/welding\/wp-json\/wp\/v2\/types\/product"}],"wp:featuredmedia":[{"embeddable":true,"href":"https:\/\/www.robotec.sk\/welding\/wp-json\/wp\/v2\/media\/2145"}],"wp:attachment":[{"href":"https:\/\/www.robotec.sk\/welding\/wp-json\/wp\/v2\/media?parent=2147"}],"wp:term":[{"taxonomy":"product_brand","embeddable":true,"href":"https:\/\/www.robotec.sk\/welding\/wp-json\/wp\/v2\/product_brand?post=2147"},{"taxonomy":"product_cat","embeddable":true,"href":"https:\/\/www.robotec.sk\/welding\/wp-json\/wp\/v2\/product_cat?post=2147"},{"taxonomy":"product_tag","embeddable":true,"href":"https:\/\/www.robotec.sk\/welding\/wp-json\/wp\/v2\/product_tag?post=2147"},{"taxonomy":"yst_prominent_words","embeddable":true,"href":"https:\/\/www.robotec.sk\/welding\/wp-json\/wp\/v2\/yst_prominent_words?post=2147"}],"curies":[{"name":"wp","href":"https:\/\/api.w.org\/{rel}","templated":true}]}}