{"id":1709,"date":"2019-12-04T14:46:40","date_gmt":"2019-12-04T13:46:40","guid":{"rendered":"https:\/\/www.robotec.sk\/welding\/?post_type=product&#038;p=1709"},"modified":"2020-05-21T10:03:13","modified_gmt":"2020-05-21T08:03:13","slug":"k-bug-5000","status":"publish","type":"product","link":"https:\/\/www.robotec.sk\/welding\/produkt\/k-bug-5000\/","title":{"rendered":"K-BUG 5000"},"content":{"rendered":"<p>K-BUG 5000 je kompaktn\u00fd zv\u00e1rac\u00ed traktor s\u00a0integrovanou pendlovacou jednotkou, ktor\u00fd umo\u017e\u0148uje zv\u00e1ranie vo v\u0161etk\u00fdch poz\u00edci\u00e1ch. Zariadenie sa pohybuje po hlin\u00edkov\u00fdch ko\u013eajach, ktor\u00e9 sa na z\u00e1kladn\u00fd materi\u00e1l prichytia prostredn\u00edctvom magnetov alebo v\u00e1kuov\u00fdch pr\u00edsaviek. Zariadenie umo\u017e\u0148uje zv\u00e1ranie vo v\u0161etk\u00fdch poz\u00edci\u00e1ch. V\u010faka kontinu\u00e1lnej r\u00fdchlosti pohybu sa dosahuje vysok\u00e1 kvalita, uniformnos\u0165 zvarov pri v\u00fdraznom zv\u00fd\u0161en\u00ed efektivity pr\u00e1ce v\u00a0porovnan\u00ed s\u00a0manu\u00e1lnym zv\u00e1ran\u00edm. Rovnomern\u00fd a\u00a0kontinu\u00e1lny pohyb zaist\u00ed kvalitn\u00e9 zvary bez prev\u00fd\u0161enia a\u00a0nadp\u00e1jania. V\u010faka mo\u017enosti nastavenia k\u00fdvav\u00e9ho pohybu a\u00a0pozdr\u017eania hor\u00e1ka v\u00a0krajn\u00fdch poloh\u00e1ch oscil\u00e1cie je prievar rovnomern\u00fd a\u00a0zabr\u00e1ni sa vzniku z\u00e1palov.<\/p>\n<p><strong>VIDEO<\/strong><\/p>\n<p><iframe src=\"\/\/www.youtube.com\/embed\/Jj16yhfPvSk?feature=emb_logo\" width=\"560\" height=\"314\" allowfullscreen=\"allowfullscreen\"><\/iframe><\/p>\n","protected":false},"excerpt":{"rendered":"<p>Kompaktn\u00fd zv\u00e1rac\u00ed traktor pohybuj\u00faci sa po hlin\u00edkovej ko\u013eaji, ktor\u00fd umo\u017e\u0148uje zv\u00e1ranie vo v\u0161etk\u00fdch poz\u00edci\u00e1ch<\/p>\n","protected":false},"featured_media":1707,"template":"","meta":{"_monsterinsights_skip_tracking":false,"_monsterinsights_sitenote_active":false,"_monsterinsights_sitenote_note":"","_monsterinsights_sitenote_category":0},"product_brand":[],"product_cat":[80],"product_tag":[78],"yst_prominent_words":[],"class_list":{"0":"post-1709","1":"product","2":"type-product","3":"status-publish","4":"has-post-thumbnail","6":"product_cat-k-bug","7":"product_tag-bug-o","9":"first","10":"onbackorder","11":"taxable","12":"shipping-taxable","13":"product-type-simple"},"acf":[],"_links":{"self":[{"href":"https:\/\/www.robotec.sk\/welding\/wp-json\/wp\/v2\/product\/1709","targetHints":{"allow":["GET"]}}],"collection":[{"href":"https:\/\/www.robotec.sk\/welding\/wp-json\/wp\/v2\/product"}],"about":[{"href":"https:\/\/www.robotec.sk\/welding\/wp-json\/wp\/v2\/types\/product"}],"wp:featuredmedia":[{"embeddable":true,"href":"https:\/\/www.robotec.sk\/welding\/wp-json\/wp\/v2\/media\/1707"}],"wp:attachment":[{"href":"https:\/\/www.robotec.sk\/welding\/wp-json\/wp\/v2\/media?parent=1709"}],"wp:term":[{"taxonomy":"product_brand","embeddable":true,"href":"https:\/\/www.robotec.sk\/welding\/wp-json\/wp\/v2\/product_brand?post=1709"},{"taxonomy":"product_cat","embeddable":true,"href":"https:\/\/www.robotec.sk\/welding\/wp-json\/wp\/v2\/product_cat?post=1709"},{"taxonomy":"product_tag","embeddable":true,"href":"https:\/\/www.robotec.sk\/welding\/wp-json\/wp\/v2\/product_tag?post=1709"},{"taxonomy":"yst_prominent_words","embeddable":true,"href":"https:\/\/www.robotec.sk\/welding\/wp-json\/wp\/v2\/yst_prominent_words?post=1709"}],"curies":[{"name":"wp","href":"https:\/\/api.w.org\/{rel}","templated":true}]}}