{"id":1705,"date":"2019-12-04T12:44:37","date_gmt":"2019-12-04T11:44:37","guid":{"rendered":"https:\/\/www.robotec.sk\/welding\/?post_type=product&#038;p=1705"},"modified":"2020-05-21T10:03:12","modified_gmt":"2020-05-21T08:03:12","slug":"k-bug-4000","status":"publish","type":"product","link":"https:\/\/www.robotec.sk\/welding\/produkt\/k-bug-4000\/","title":{"rendered":"K-BUG 4000"},"content":{"rendered":"<p>K-BUG 4000 Digital je kompaktn\u00fd zv\u00e1rac\u00ed traktor pre zv\u00e1ranie kontinu\u00e1lnych alebo stehov\u00fdch k\u00fatov\u00fdch zvarov s v\u017edy kon\u0161tantnou r\u00fdchlos\u0165ou. V\u010faka tomu umo\u017e\u0148uje dosiahnutie vysoko kvalitn\u00fdch zvarov s uniformn\u00fdm vzh\u013eadom za zlomok \u010dasu v porovnan\u00ed s manu\u00e1lnym zv\u00e1ran\u00edm. Digit\u00e1lnym riaden\u00edm sa jednoducho nastav\u00ed pohyb zariadenia, tak aby sa dosiahlo prec\u00edzne prevedenie zvaru.<\/p>\n<p><strong>VIDEO<\/strong><\/p>\n<p><iframe src=\"\/\/www.youtube.com\/embed\/PKGpYUdVSqA?feature=emb_logo\" width=\"560\" height=\"314\" allowfullscreen=\"allowfullscreen\"><\/iframe><\/p>\n","protected":false},"excerpt":{"rendered":"<p>Digit\u00e1lne riaden\u00fd zv\u00e1rac\u00ed traktor pre zv\u00e1ranie k\u00fatov\u00fdch zvarov.<\/p>\n","protected":false},"featured_media":1702,"template":"","meta":{"_monsterinsights_skip_tracking":false,"_monsterinsights_sitenote_active":false,"_monsterinsights_sitenote_note":"","_monsterinsights_sitenote_category":0},"product_brand":[],"product_cat":[80],"product_tag":[78],"yst_prominent_words":[],"class_list":{"0":"post-1705","1":"product","2":"type-product","3":"status-publish","4":"has-post-thumbnail","6":"product_cat-k-bug","7":"product_tag-bug-o","9":"first","10":"onbackorder","11":"taxable","12":"shipping-taxable","13":"product-type-simple"},"acf":[],"_links":{"self":[{"href":"https:\/\/www.robotec.sk\/welding\/wp-json\/wp\/v2\/product\/1705","targetHints":{"allow":["GET"]}}],"collection":[{"href":"https:\/\/www.robotec.sk\/welding\/wp-json\/wp\/v2\/product"}],"about":[{"href":"https:\/\/www.robotec.sk\/welding\/wp-json\/wp\/v2\/types\/product"}],"wp:featuredmedia":[{"embeddable":true,"href":"https:\/\/www.robotec.sk\/welding\/wp-json\/wp\/v2\/media\/1702"}],"wp:attachment":[{"href":"https:\/\/www.robotec.sk\/welding\/wp-json\/wp\/v2\/media?parent=1705"}],"wp:term":[{"taxonomy":"product_brand","embeddable":true,"href":"https:\/\/www.robotec.sk\/welding\/wp-json\/wp\/v2\/product_brand?post=1705"},{"taxonomy":"product_cat","embeddable":true,"href":"https:\/\/www.robotec.sk\/welding\/wp-json\/wp\/v2\/product_cat?post=1705"},{"taxonomy":"product_tag","embeddable":true,"href":"https:\/\/www.robotec.sk\/welding\/wp-json\/wp\/v2\/product_tag?post=1705"},{"taxonomy":"yst_prominent_words","embeddable":true,"href":"https:\/\/www.robotec.sk\/welding\/wp-json\/wp\/v2\/yst_prominent_words?post=1705"}],"curies":[{"name":"wp","href":"https:\/\/api.w.org\/{rel}","templated":true}]}}