{"id":1694,"date":"2019-12-04T12:02:17","date_gmt":"2019-12-04T11:02:17","guid":{"rendered":"https:\/\/www.robotec.sk\/welding\/?post_type=product&#038;p=1694"},"modified":"2020-05-21T10:03:12","modified_gmt":"2020-05-21T08:03:12","slug":"k-bug-2000","status":"publish","type":"product","link":"https:\/\/www.robotec.sk\/welding\/produkt\/k-bug-2000\/","title":{"rendered":"K-BUG 2000"},"content":{"rendered":"<p>K-BUG 2000 je kompaktn\u00fd zv\u00e1rac\u00ed traktor vybaven\u00fd digit\u00e1lnym ovl\u00e1dac\u00edm panelom, ktor\u00fd je ur\u010den\u00fd pre zv\u00e1ranie priamych alebo stehov\u00fdch k\u00fatov\u00fdch zvarov. Voz\u00edk umo\u017e\u0148uje prichytenie dvoch zv\u00e1rac\u00edch hor\u00e1kov a\u00a0s\u00fa\u010dasn\u00e9 zv\u00e1ranie k\u00fatov\u00e9ho zvaru z\u00a0oboch str\u00e1n pri zv\u00e1ran\u00ed profilu T. Pohonn\u00fd mechanizmus je skon\u0161truovan\u00fd pre dlhodob\u00fa prev\u00e1dzku v\u00a0n\u00e1ro\u010dn\u00fdch podmienkach a\u00a0zaru\u010duje vysok\u00fa spo\u013eahlivos\u0165. Kontinu\u00e1lne alebo stehov\u00e9 zvary s\u00fa v\u010faka rovnomernej r\u00fdchlosti pohybu zv\u00e1racieho traktora vysoko kvalitn\u00e9 a\u00a0uniformn\u00e9. Regul\u00e1ciou r\u00fdchlosti pohybu sa eliminuje vznik prev\u00fd\u0161en\u00fdch zvarov, z\u00e1palov \u010di zais\u0165uje rovnomern\u00fd prievar.<\/p>\n<p><strong>VIDEO<\/strong><\/p>\n<p><iframe src=\"\/\/www.youtube.com\/embed\/b4ZWIiHnOsw?feature=emb_logo\" width=\"560\" height=\"314\" allowfullscreen=\"allowfullscreen\"><\/iframe><\/p>\n","protected":false},"excerpt":{"rendered":"<p>Zv\u00e1rac\u00ed traktor na zv\u00e1ranie k\u00fatov\u00fdch zvarov dvomi hor\u00e1kmi s\u00fa\u010dasne.<\/p>\n","protected":false},"featured_media":1698,"template":"","meta":{"_monsterinsights_skip_tracking":false,"_monsterinsights_sitenote_active":false,"_monsterinsights_sitenote_note":"","_monsterinsights_sitenote_category":0},"product_brand":[],"product_cat":[80],"product_tag":[78],"yst_prominent_words":[],"class_list":{"0":"post-1694","1":"product","2":"type-product","3":"status-publish","4":"has-post-thumbnail","6":"product_cat-k-bug","7":"product_tag-bug-o","9":"first","10":"onbackorder","11":"taxable","12":"shipping-taxable","13":"product-type-simple"},"acf":[],"_links":{"self":[{"href":"https:\/\/www.robotec.sk\/welding\/wp-json\/wp\/v2\/product\/1694","targetHints":{"allow":["GET"]}}],"collection":[{"href":"https:\/\/www.robotec.sk\/welding\/wp-json\/wp\/v2\/product"}],"about":[{"href":"https:\/\/www.robotec.sk\/welding\/wp-json\/wp\/v2\/types\/product"}],"wp:featuredmedia":[{"embeddable":true,"href":"https:\/\/www.robotec.sk\/welding\/wp-json\/wp\/v2\/media\/1698"}],"wp:attachment":[{"href":"https:\/\/www.robotec.sk\/welding\/wp-json\/wp\/v2\/media?parent=1694"}],"wp:term":[{"taxonomy":"product_brand","embeddable":true,"href":"https:\/\/www.robotec.sk\/welding\/wp-json\/wp\/v2\/product_brand?post=1694"},{"taxonomy":"product_cat","embeddable":true,"href":"https:\/\/www.robotec.sk\/welding\/wp-json\/wp\/v2\/product_cat?post=1694"},{"taxonomy":"product_tag","embeddable":true,"href":"https:\/\/www.robotec.sk\/welding\/wp-json\/wp\/v2\/product_tag?post=1694"},{"taxonomy":"yst_prominent_words","embeddable":true,"href":"https:\/\/www.robotec.sk\/welding\/wp-json\/wp\/v2\/yst_prominent_words?post=1694"}],"curies":[{"name":"wp","href":"https:\/\/api.w.org\/{rel}","templated":true}]}}