{"id":1693,"date":"2019-12-04T11:32:37","date_gmt":"2019-12-04T10:32:37","guid":{"rendered":"https:\/\/www.robotec.sk\/welding\/?post_type=product&#038;p=1693"},"modified":"2020-05-21T10:03:12","modified_gmt":"2020-05-21T08:03:12","slug":"k-bug-1200","status":"publish","type":"product","link":"https:\/\/www.robotec.sk\/welding\/produkt\/k-bug-1200\/","title":{"rendered":"K-BUG 1200"},"content":{"rendered":"<p>K-BUG 1200 je kompaktn\u00fd a\u00a0\u013eahko prenosn\u00fd zv\u00e1rac\u00ed traktor pre zv\u00e1ranie priamych zvarov, ktor\u00fd je vybaven\u00fd odoln\u00fdm pohonn\u00fdm mechanizmom a\u00a0dr\u017eiakom s nastaven\u00edm sklonu hor\u00e1ka. Pohonn\u00fd mechanizmus je skon\u0161truovan\u00fd pre dlhodob\u00fa prev\u00e1dzku v\u00a0n\u00e1ro\u010dn\u00fdch podmienkach a\u00a0zaru\u010duje vysok\u00fa spo\u013eahlivos\u0165. Kontinu\u00e1lne alebo stehov\u00e9 zvary s\u00fa v\u010faka rovnomernej r\u00fdchlosti pohybu zv\u00e1racieho traktora vysoko kvalitn\u00e9 a\u00a0uniformn\u00e9. Regul\u00e1ciou r\u00fdchlosti pohybu sa eliminuje vznik prev\u00fd\u0161en\u00fdch zvarov, z\u00e1palov \u010di zais\u0165uje rovnomern\u00fd prievar.<\/p>\n<p><strong>VIDEO<\/strong><\/p>\n<p><iframe src=\"\/\/www.youtube.com\/embed\/6lv-VxBMbwM?feature=emb_logo\" width=\"560\" height=\"314\" allowfullscreen=\"allowfullscreen\"><\/iframe><\/p>\n","protected":false},"excerpt":{"rendered":"<p>Zv\u00e1rac\u00ed traktor na zv\u00e1ranie k\u00fatov\u00fdch zvarov.<\/p>\n","protected":false},"featured_media":1690,"template":"","meta":{"_monsterinsights_skip_tracking":false,"_monsterinsights_sitenote_active":false,"_monsterinsights_sitenote_note":"","_monsterinsights_sitenote_category":0},"product_brand":[],"product_cat":[80],"product_tag":[78],"yst_prominent_words":[],"class_list":{"0":"post-1693","1":"product","2":"type-product","3":"status-publish","4":"has-post-thumbnail","6":"product_cat-k-bug","7":"product_tag-bug-o","9":"first","10":"onbackorder","11":"taxable","12":"shipping-taxable","13":"product-type-simple"},"acf":[],"_links":{"self":[{"href":"https:\/\/www.robotec.sk\/welding\/wp-json\/wp\/v2\/product\/1693","targetHints":{"allow":["GET"]}}],"collection":[{"href":"https:\/\/www.robotec.sk\/welding\/wp-json\/wp\/v2\/product"}],"about":[{"href":"https:\/\/www.robotec.sk\/welding\/wp-json\/wp\/v2\/types\/product"}],"wp:featuredmedia":[{"embeddable":true,"href":"https:\/\/www.robotec.sk\/welding\/wp-json\/wp\/v2\/media\/1690"}],"wp:attachment":[{"href":"https:\/\/www.robotec.sk\/welding\/wp-json\/wp\/v2\/media?parent=1693"}],"wp:term":[{"taxonomy":"product_brand","embeddable":true,"href":"https:\/\/www.robotec.sk\/welding\/wp-json\/wp\/v2\/product_brand?post=1693"},{"taxonomy":"product_cat","embeddable":true,"href":"https:\/\/www.robotec.sk\/welding\/wp-json\/wp\/v2\/product_cat?post=1693"},{"taxonomy":"product_tag","embeddable":true,"href":"https:\/\/www.robotec.sk\/welding\/wp-json\/wp\/v2\/product_tag?post=1693"},{"taxonomy":"yst_prominent_words","embeddable":true,"href":"https:\/\/www.robotec.sk\/welding\/wp-json\/wp\/v2\/yst_prominent_words?post=1693"}],"curies":[{"name":"wp","href":"https:\/\/api.w.org\/{rel}","templated":true}]}}