{"id":1678,"date":"2019-12-03T15:28:11","date_gmt":"2019-12-03T14:28:11","guid":{"rendered":"https:\/\/www.robotec.sk\/welding\/?post_type=product&#038;p=1678"},"modified":"2020-05-21T10:03:08","modified_gmt":"2020-05-21T08:03:08","slug":"powermax-85","status":"publish","type":"product","link":"https:\/\/www.robotec.sk\/welding\/produkt\/powermax-85\/","title":{"rendered":"Powermax 85"},"content":{"rendered":"<p>Profesion\u00e1lny plazmov\u00fd syst\u00e9m pre ru\u010dn\u00e9 rezanie materi\u00e1lu s hr\u00fabkou 25 mm, mechanizovan\u00e9 rezanie materi\u00e1lu do hr\u00fabky 20 mm a dr\u00e1\u017ekovanie.<\/p>\n<p><strong>Jednoduch\u00e9 nastavenie a pou\u017eitie<\/strong><\/p>\n<ul>\n<li>Nie je potrebn\u00e9 meni\u0165 tlak vzduchu. Technol\u00f3gia Smart Sense zaist\u00ed v\u017edy spr\u00e1vne nastavenie.<\/li>\n<li>Patentovan\u00e1 ochrann\u00e1 krytka zni\u017euje mno\u017estvo otrepov vznikaj\u00facich pri rezan\u00ed a umo\u017e\u0148uje presnej\u0161ie rezanie s \u0165ahan\u00edm hor\u00e1ku po obrobku, a to aj pri plnom reznom v\u00fdkone.<\/li>\n<li>Multifunk\u010dn\u00fd hor\u00e1k u\u013eah\u010duje pou\u017eitie syst\u00e9mu pri r\u00f4znych oper\u00e1ci\u00e1ch.<\/li>\n<li>Zn\u00ed\u017eenie n\u00e1kladov sa dosahuje aj v\u010faka dlhej \u017eivotnosti spotrebn\u00fdch dielov a\u00a0vysokej spo\u013eahlivosti syst\u00e9mu.<\/li>\n<\/ul>\n<p><strong>R\u00fdchlej\u0161ie dokon\u010denie pr\u00e1c<\/strong><\/p>\n<ul>\n<li>V\u010faka reznej r\u00fdchlosti, ktor\u00e1 je na oceli s\u00a0hr\u00fabkou 12 mm a\u017e 2,5 kr\u00e1t vy\u0161\u0161ia v\u00a0porovnan\u00ed s\u00a0autog\u00e9nom, vykon\u00e1te pracovn\u00e9 oper\u00e1cie r\u00fdchlej\u0161ie.<\/li>\n<li>Vynikaj\u00faca kvalita rezu a dr\u00e1\u017ekovania prispieva k \u00faspore \u010dasu potrebn\u00e9ho na \u010distenie a br\u00fasenie.<\/li>\n<\/ul>\n<p><img decoding=\"async\" class=\"alignnone size-full wp-image-1677\" src=\"https:\/\/www.robotec.sk\/welding\/wp-content\/uploads\/2019\/12\/Powermax-85_3.jpg\" alt=\" width=\"329\" height=\"276\" srcset=\"https:\/\/www.robotec.sk\/welding\/wp-content\/uploads\/2019\/12\/Powermax-85_3-200x168.jpg 200w, https:\/\/www.robotec.sk\/welding\/wp-content\/uploads\/2019\/12\/Powermax-85_3-300x252.jpg 300w, https:\/\/www.robotec.sk\/welding\/wp-content\/uploads\/2019\/12\/Powermax-85_3.jpg 329w\" sizes=\"(max-width: 329px) 100vw, 329px\" \/><\/p>\n<p><strong>Odoln\u00fd a spo\u013eahliv\u00fd<\/strong><\/p>\n<ul>\n<li>Hor\u00e1ky Duramax\u00ae\u00a0 s\u00fa navrhnut\u00e9 tak, aby odol\u00e1vali siln\u00fdm n\u00e1razom a vysok\u00fdm teplot\u00e1m.<\/li>\n<li>Technol\u00f3gia SpringStart \u2122 zaru\u010duje stabiln\u00e9 zap\u00e1lenie obl\u00faka.<\/li>\n<li>Syst\u00e9m je skon\u0161truovan\u00fd pre maximaliz\u00e1ciu jeho \u017eivotnosti pri minim\u00e1lnej \u00fadr\u017ebe.<\/li>\n<\/ul>\n","protected":false},"excerpt":{"rendered":"<p>Profesion\u00e1lny plazmov\u00fd syst\u00e9m pre ru\u010dn\u00e9 rezanie materi\u00e1lu s hr\u00fabkou 25 mm, mechanizovan\u00e9 rezanie materi\u00e1lu do hr\u00fabky 20 mm a dr\u00e1\u017ekovanie.<\/p>\n","protected":false},"featured_media":1676,"template":"","meta":{"_monsterinsights_skip_tracking":false,"_monsterinsights_sitenote_active":false,"_monsterinsights_sitenote_note":"","_monsterinsights_sitenote_category":0},"product_brand":[],"product_cat":[77],"product_tag":[76],"yst_prominent_words":[],"class_list":{"0":"post-1678","1":"product","2":"type-product","3":"status-publish","4":"has-post-thumbnail","6":"product_cat-plazmove-rezacie-zariadenia","7":"product_tag-hypertherm","9":"first","10":"onbackorder","11":"taxable","12":"shipping-taxable","13":"product-type-simple"},"acf":[],"_links":{"self":[{"href":"https:\/\/www.robotec.sk\/welding\/wp-json\/wp\/v2\/product\/1678","targetHints":{"allow":["GET"]}}],"collection":[{"href":"https:\/\/www.robotec.sk\/welding\/wp-json\/wp\/v2\/product"}],"about":[{"href":"https:\/\/www.robotec.sk\/welding\/wp-json\/wp\/v2\/types\/product"}],"wp:featuredmedia":[{"embeddable":true,"href":"https:\/\/www.robotec.sk\/welding\/wp-json\/wp\/v2\/media\/1676"}],"wp:attachment":[{"href":"https:\/\/www.robotec.sk\/welding\/wp-json\/wp\/v2\/media?parent=1678"}],"wp:term":[{"taxonomy":"product_brand","embeddable":true,"href":"https:\/\/www.robotec.sk\/welding\/wp-json\/wp\/v2\/product_brand?post=1678"},{"taxonomy":"product_cat","embeddable":true,"href":"https:\/\/www.robotec.sk\/welding\/wp-json\/wp\/v2\/product_cat?post=1678"},{"taxonomy":"product_tag","embeddable":true,"href":"https:\/\/www.robotec.sk\/welding\/wp-json\/wp\/v2\/product_tag?post=1678"},{"taxonomy":"yst_prominent_words","embeddable":true,"href":"https:\/\/www.robotec.sk\/welding\/wp-json\/wp\/v2\/yst_prominent_words?post=1678"}],"curies":[{"name":"wp","href":"https:\/\/api.w.org\/{rel}","templated":true}]}}