{"id":1663,"date":"2019-12-03T13:40:43","date_gmt":"2019-12-03T12:40:43","guid":{"rendered":"https:\/\/www.robotec.sk\/welding\/?post_type=product&#038;p=1663"},"modified":"2020-05-21T10:03:08","modified_gmt":"2020-05-21T08:03:08","slug":"powermax-45-xp","status":"publish","type":"product","link":"https:\/\/www.robotec.sk\/welding\/produkt\/powermax-45-xp\/","title":{"rendered":"Powermax 45 XP"},"content":{"rendered":"<p>Profesion\u00e1lny plazmov\u00fd syst\u00e9m pre ru\u010dn\u00e9 rezanie a dr\u00e1\u017ekovanie materi\u00e1lu do hr\u00fabky 16 mm.<\/p>\n<p><strong>Jednoduch\u00e9 nastavenie a pou\u017eitie<\/strong><\/p>\n<ul>\n<li>Mal\u00fd rozmer a n\u00edzka hmotnos\u0165 umo\u017e\u0148uj\u00fa vynikaj\u00facu mobilitu tohto syst\u00e9mu pre rezanie materi\u00e1lov do hr\u00fabky 16 mm.<\/li>\n<li>Ru\u010dn\u00e9 a strojn\u00e9 pou\u017eitie s rozhran\u00edm CNC, pripojenie hor\u00e1ka FastConnect \u2122.<\/li>\n<li>Patentovan\u00e1 technol\u00f3gia rezania s dotykom hor\u00e1ka zais\u0165uje jednoduch\u00fa obsluhu a pr\u00e1cu so syst\u00e9mom aj pre nov\u00fdch oper\u00e1torov.<\/li>\n<li>Vyu\u017eitie pre r\u00f4zne rezacie aplik\u00e1cie.<\/li>\n<li>Nie je nutn\u00e9 meni\u0165 tlak vzduchu. Technol\u00f3gia Smart Sense \u2122 zais\u0165uje trvalo spr\u00e1vne nastavenie.<\/li>\n<\/ul>\n<p><strong>R\u00fdchlej\u0161ie dokon\u010denie pr\u00e1c<\/strong><\/p>\n<ul>\n<li>V\u00e4\u010d\u0161ia produktivita pr\u00e1ce v\u010faka vy\u0161\u0161ej reznej r\u00fdchlosti, ktor\u00e1 je u uhl\u00edkovej ocele s hr\u00fabkou 6 mm jeden a pol kr\u00e1t vy\u0161\u0161ia ako pri rezan\u00ed s autog\u00e9nom.<\/li>\n<li>\u0160pi\u010dkov\u00e1 kvalita rezu a dr\u00e1\u017ekovania skracuje \u010das potrebn\u00fd na br\u00fasenie \u010di \u010fal\u0161ie oper\u00e1cie nasleduj\u00face po rezan\u00ed.<\/li>\n<li>R\u00fdchla a jednoduch\u00e1 v\u00fdmena spotrebn\u00fdch dielov.<\/li>\n<\/ul>\n<p><strong>Odoln\u00fd a spo\u013eahliv\u00fd<\/strong><\/p>\n<ul>\n<li>Hor\u00e1ky Duramax\u00ae Lock s\u00fa navrhnut\u00e9 tak, aby odol\u00e1vali siln\u00fdm n\u00e1razom a vysok\u00fdm teplot\u00e1m.<\/li>\n<li>Technol\u00f3gia SpringStart \u2122 zaru\u010duje stabiln\u00e9 zap\u00e1lenie obl\u00faka.<\/li>\n<li>Spo\u013eahlivos\u0165 Hypertherm Certified \u2122 zaru\u010duje v\u00fdkon aj v najn\u00e1ro\u010dnej\u0161om prostred\u00ed.<\/li>\n<li>Technol\u00f3gia Powercool \u00fa\u010dinne chlad\u00ed vn\u00fatorn\u00e9 komponenty a\u00a0zais\u0165uje vysok\u00fa spo\u013eahlivos\u0165 a\u00a0\u017eivotnos\u0165 plazmov\u00e9ho rezacie syst\u00e9mu.<\/li>\n<\/ul>\n","protected":false},"excerpt":{"rendered":"<p>Profesion\u00e1lny plazmov\u00fd syst\u00e9m pre ru\u010dn\u00e9 rezanie a dr\u00e1\u017ekovanie materi\u00e1lu do hr\u00fabky 16 mm.<\/p>\n","protected":false},"featured_media":1667,"template":"","meta":{"_monsterinsights_skip_tracking":false,"_monsterinsights_sitenote_active":false,"_monsterinsights_sitenote_note":"","_monsterinsights_sitenote_category":0},"product_brand":[],"product_cat":[77],"product_tag":[76],"yst_prominent_words":[],"class_list":{"0":"post-1663","1":"product","2":"type-product","3":"status-publish","4":"has-post-thumbnail","6":"product_cat-plazmove-rezacie-zariadenia","7":"product_tag-hypertherm","9":"first","10":"onbackorder","11":"taxable","12":"shipping-taxable","13":"product-type-simple"},"acf":[],"_links":{"self":[{"href":"https:\/\/www.robotec.sk\/welding\/wp-json\/wp\/v2\/product\/1663","targetHints":{"allow":["GET"]}}],"collection":[{"href":"https:\/\/www.robotec.sk\/welding\/wp-json\/wp\/v2\/product"}],"about":[{"href":"https:\/\/www.robotec.sk\/welding\/wp-json\/wp\/v2\/types\/product"}],"wp:featuredmedia":[{"embeddable":true,"href":"https:\/\/www.robotec.sk\/welding\/wp-json\/wp\/v2\/media\/1667"}],"wp:attachment":[{"href":"https:\/\/www.robotec.sk\/welding\/wp-json\/wp\/v2\/media?parent=1663"}],"wp:term":[{"taxonomy":"product_brand","embeddable":true,"href":"https:\/\/www.robotec.sk\/welding\/wp-json\/wp\/v2\/product_brand?post=1663"},{"taxonomy":"product_cat","embeddable":true,"href":"https:\/\/www.robotec.sk\/welding\/wp-json\/wp\/v2\/product_cat?post=1663"},{"taxonomy":"product_tag","embeddable":true,"href":"https:\/\/www.robotec.sk\/welding\/wp-json\/wp\/v2\/product_tag?post=1663"},{"taxonomy":"yst_prominent_words","embeddable":true,"href":"https:\/\/www.robotec.sk\/welding\/wp-json\/wp\/v2\/yst_prominent_words?post=1663"}],"curies":[{"name":"wp","href":"https:\/\/api.w.org\/{rel}","templated":true}]}}