{"id":1659,"date":"2019-12-03T13:06:45","date_gmt":"2019-12-03T12:06:45","guid":{"rendered":"https:\/\/www.robotec.sk\/welding\/?post_type=product&#038;p=1659"},"modified":"2020-05-21T10:03:07","modified_gmt":"2020-05-21T08:03:07","slug":"powermax-30-xp","status":"publish","type":"product","link":"https:\/\/www.robotec.sk\/welding\/produkt\/powermax-30-xp\/","title":{"rendered":"Powermax 30 XP"},"content":{"rendered":"<p>Syst\u00e9m pre ru\u010dn\u00e9 plazmov\u00e9 delenie v\u0161etk\u00fdch elektricky vodiv\u00fdch materi\u00e1lov vr\u00e1tane nerezi, hlin\u00edkov\u00fdch a meden\u00fdch zliatin. D\u013a\u017eka hor\u00e1ku 4,5 m. Jednoduch\u00e9 ovl\u00e1danie, kompaktn\u00e9 rozmery a hmotnos\u0165 iba 9 kg. Umo\u017e\u0148uje kvalitn\u00e9 rezanie materi\u00e1lu do hr\u00fabky 10 mm.<\/p>\n<p><strong>Jednoduch\u00e9 nastavenie a pou\u017eitie<\/strong><\/p>\n<p>&nbsp;<\/p>\n<ul>\n<li>Vysoko v\u00fdkonn\u00e9 rezanie hrub\u00e9ho kovu a spotrebn\u00e9 diely FineCut pre jemn\u00e9 a detailn\u00e9 rezanie kovu.<\/li>\n<li>V\u010faka technol\u00f3gii Auto-Voltage je mo\u017en\u00e9 syst\u00e9m pripoji\u0165 na sie\u0165 s nap\u00e1jac\u00edm nap\u00e4t\u00edm 120 V ako aj 240 V.<\/li>\n<\/ul>\n<p><strong>R\u00fdchlej\u0161ie dokon\u010denie pr\u00e1c<\/strong><\/p>\n<ul>\n<li>Zv\u00fd\u0161enie rezn\u00e9ho v\u00fdkonu o 50% pri vysok\u00fdch rezn\u00fdch r\u00fdchlostiach.<\/li>\n<li>V\u010faka patentovan\u00e9mu dizajnu spotrebn\u00fdch dielov sa dosahuje vysok\u00e1 kvalita rezu. Eliminuje sa t\u00fdm mno\u017estvo n\u00e1sledn\u00fdch oper\u00e1ci\u00ed \u010d\u00edm je pr\u00e1ca efekt\u00edvnej\u0161ia.<\/li>\n<li>Dvojn\u00e1sobn\u00e1 \u017eivotnos\u0165 spotrebn\u00fdch dielov a v priemere o 70% vy\u0161\u0161ia efektivita pri ni\u017e\u0161\u00edch n\u00e1kladoch na rezanie.Viac pr\u00e1ce za krat\u0161iu dobu v\u010faka vysok\u00fdm rezn\u00fdm r\u00fdchlostiam.<\/li>\n<\/ul>\n<p><img decoding=\"async\" class=\"alignnone size-full wp-image-1662\" src=\"https:\/\/www.robotec.sk\/welding\/wp-content\/uploads\/2019\/12\/Powermax-30_xp_3.jpg\" alt=\" width=\"329\" height=\"342\" srcset=\"https:\/\/www.robotec.sk\/welding\/wp-content\/uploads\/2019\/12\/Powermax-30_xp_3-200x208.jpg 200w, https:\/\/www.robotec.sk\/welding\/wp-content\/uploads\/2019\/12\/Powermax-30_xp_3-289x300.jpg 289w, https:\/\/www.robotec.sk\/welding\/wp-content\/uploads\/2019\/12\/Powermax-30_xp_3.jpg 329w\" sizes=\"(max-width: 329px) 100vw, 329px\" \/><\/p>\n<p><strong>Odoln\u00fd a spo\u013eahliv\u00fd<\/strong><\/p>\n<ul>\n<li>Nov\u00fd hor\u00e1k Duramax LT je sko\u0161truovan\u00fd tak, aby bol odoln\u00fd vo\u010di n\u00e1razom aj teplu vznikaj\u00facom pri rezan\u00ed.<\/li>\n<li>Spo\u013eahlivos\u0165 Hypertherm Certified zaru\u010duje v\u00fdkon aj v\u00a0t\u00fdch najn\u00e1ro\u010dnej\u0161\u00edch prostrediach.<\/li>\n<li>Odoln\u00fd kufor, ako volite\u013en\u00e9 pr\u00edslu\u0161enstvo, chr\u00e1ni cel\u00fd syst\u00e9m a pr\u00edslu\u0161enstvo pri prenose.<\/li>\n<\/ul>\n","protected":false},"excerpt":{"rendered":"<p>Syst\u00e9m pre ru\u010dn\u00e9 plazmov\u00e9 delenie v\u0161etk\u00fdch elektricky vodiv\u00fdch materi\u00e1lov vr\u00e1tane nerezi, hlin\u00edkov\u00fdch a meden\u00fdch zliatin. D\u013a\u017eka hor\u00e1ku 4,5 m. Jednoduch\u00e9 ovl\u00e1danie, kompaktn\u00e9 rozmery a hmotnos\u0165 iba 9 kg. Umo\u017e\u0148uje kvalitn\u00e9 rezanie materi\u00e1lu do hr\u00fabky 10 mm.<\/p>\n","protected":false},"featured_media":1660,"template":"","meta":{"_monsterinsights_skip_tracking":false,"_monsterinsights_sitenote_active":false,"_monsterinsights_sitenote_note":"","_monsterinsights_sitenote_category":0},"product_brand":[],"product_cat":[77],"product_tag":[76],"yst_prominent_words":[],"class_list":{"0":"post-1659","1":"product","2":"type-product","3":"status-publish","4":"has-post-thumbnail","6":"product_cat-plazmove-rezacie-zariadenia","7":"product_tag-hypertherm","9":"first","10":"onbackorder","11":"taxable","12":"shipping-taxable","13":"product-type-simple"},"acf":[],"_links":{"self":[{"href":"https:\/\/www.robotec.sk\/welding\/wp-json\/wp\/v2\/product\/1659","targetHints":{"allow":["GET"]}}],"collection":[{"href":"https:\/\/www.robotec.sk\/welding\/wp-json\/wp\/v2\/product"}],"about":[{"href":"https:\/\/www.robotec.sk\/welding\/wp-json\/wp\/v2\/types\/product"}],"wp:featuredmedia":[{"embeddable":true,"href":"https:\/\/www.robotec.sk\/welding\/wp-json\/wp\/v2\/media\/1660"}],"wp:attachment":[{"href":"https:\/\/www.robotec.sk\/welding\/wp-json\/wp\/v2\/media?parent=1659"}],"wp:term":[{"taxonomy":"product_brand","embeddable":true,"href":"https:\/\/www.robotec.sk\/welding\/wp-json\/wp\/v2\/product_brand?post=1659"},{"taxonomy":"product_cat","embeddable":true,"href":"https:\/\/www.robotec.sk\/welding\/wp-json\/wp\/v2\/product_cat?post=1659"},{"taxonomy":"product_tag","embeddable":true,"href":"https:\/\/www.robotec.sk\/welding\/wp-json\/wp\/v2\/product_tag?post=1659"},{"taxonomy":"yst_prominent_words","embeddable":true,"href":"https:\/\/www.robotec.sk\/welding\/wp-json\/wp\/v2\/yst_prominent_words?post=1659"}],"curies":[{"name":"wp","href":"https:\/\/api.w.org\/{rel}","templated":true}]}}