{"id":1640,"date":"2019-12-03T11:55:44","date_gmt":"2019-12-03T10:55:44","guid":{"rendered":"https:\/\/www.robotec.sk\/welding\/?post_type=product&#038;p=1640"},"modified":"2020-05-21T10:03:07","modified_gmt":"2020-05-21T08:03:07","slug":"powermax-30-air","status":"publish","type":"product","link":"https:\/\/www.robotec.sk\/welding\/produkt\/powermax-30-air\/","title":{"rendered":"Powermax 30 Air"},"content":{"rendered":"<p>Prenosn\u00fd a jednoducho ovl\u00e1date\u013en\u00fd plazmov\u00fd syst\u00e9m ur\u010den\u00fd pre rezanie kovov\u00fdch materi\u00e1lov s integrovan\u00fdm kompresorom. Umo\u017e\u0148uje kvalitn\u00e9 rezanie materi\u00e1lu s hr\u00fabkou do 8 mm.<\/p>\n<p><img decoding=\"async\" class=\"alignnone wp-image-1642\" src=\"https:\/\/www.robotec.sk\/welding\/wp-content\/uploads\/2019\/12\/Powermax-30_air_2.jpg\" alt=\" width=\"454\" height=\"297\" srcset=\"https:\/\/www.robotec.sk\/welding\/wp-content\/uploads\/2019\/12\/Powermax-30_air_2-200x131.jpg 200w, https:\/\/www.robotec.sk\/welding\/wp-content\/uploads\/2019\/12\/Powermax-30_air_2-300x197.jpg 300w, https:\/\/www.robotec.sk\/welding\/wp-content\/uploads\/2019\/12\/Powermax-30_air_2-400x262.jpg 400w, https:\/\/www.robotec.sk\/welding\/wp-content\/uploads\/2019\/12\/Powermax-30_air_2-500x328.jpg 500w, https:\/\/www.robotec.sk\/welding\/wp-content\/uploads\/2019\/12\/Powermax-30_air_2-600x393.jpg 600w, https:\/\/www.robotec.sk\/welding\/wp-content\/uploads\/2019\/12\/Powermax-30_air_2.jpg 627w\" sizes=\"(max-width: 454px) 100vw, 454px\" \/><\/p>\n<p><strong>Jednoduch\u00e9 nastavenie a pou\u017eitie<\/strong><\/p>\n<ul>\n<li>Zabudovan\u00fd vzduchov\u00fd kompresor umo\u017e\u0148uje pou\u017eitie plazmov\u00e9ho rezacie zdroja kdeko\u013evek.<\/li>\n<li>V\u010faka technol\u00f3gii Auto-Voltage je mo\u017en\u00e9 syst\u00e9m pripoji\u0165 na sie\u0165 s nap\u00e1jac\u00edm nap\u00e4t\u00edm 120 V ako aj 240 V.<\/li>\n<li>Je to najmen\u0161\u00ed a naj\u013eah\u0161\u00ed syst\u00e9m vo svojej triede. Je kompaktn\u00fd a \u013eahko prenosn\u00fd.<\/li>\n<\/ul>\n<p><strong>R\u00fdchlej\u0161ie dokon\u010denie pr\u00e1c<\/strong><\/p>\n<ul>\n<li>Viac pr\u00e1ce za krat\u0161iu dobu v\u010faka vysok\u00fdm rezn\u00fdm r\u00fdchlostiam.<\/li>\n<li>Vynikaj\u00faca kvalita rezu zaru\u010duje menej n\u00e1sledn\u00fdch oper\u00e1ci\u00ed a t\u00fdm vy\u0161\u0161iu efektivitu pr\u00e1ce.<\/li>\n<li>R\u00fdchle rezanie kovov\u00e9ho ro\u0161tu alebo hrdzav\u00e9ho materi\u00e1lu bez opakovan\u00e9ho sp\u00fa\u0161\u0165ania v\u010faka plynul\u00e9mu pilotn\u00e9mu obl\u00faku.<\/li>\n<li>\u00a0Jeden n\u00e1stroj pre rezanie r\u00f4znych materi\u00e1lov a\u00a0hr\u00fabok.<\/li>\n<\/ul>\n<p><img decoding=\"async\" class=\"alignnone size-full wp-image-1643\" src=\"https:\/\/www.robotec.sk\/welding\/wp-content\/uploads\/2019\/12\/Powermax-30_air_3.jpg\" alt=\" width=\"327\" height=\"350\" srcset=\"https:\/\/www.robotec.sk\/welding\/wp-content\/uploads\/2019\/12\/Powermax-30_air_3-200x214.jpg 200w, https:\/\/www.robotec.sk\/welding\/wp-content\/uploads\/2019\/12\/Powermax-30_air_3-280x300.jpg 280w, https:\/\/www.robotec.sk\/welding\/wp-content\/uploads\/2019\/12\/Powermax-30_air_3.jpg 327w\" sizes=\"(max-width: 327px) 100vw, 327px\" \/><\/p>\n<p><strong>Odoln\u00fd a spo\u013eahliv\u00fd<\/strong><\/p>\n<ul>\n<li>Nov\u00fd hor\u00e1k AIR T30 je odoln\u00fd a navrhnut\u00fd tak, aby obst\u00e1l v naj\u0165a\u017e\u0161\u00edch prostrediach.<\/li>\n<li>Robustn\u00fd zabudovan\u00fd vzduchov\u00fd kompresor eliminuje nutnos\u0165 pou\u017eitia extern\u00e9ho kompresora, \u010do zni\u017euje obstar\u00e1vaciu cenu cel\u00e9ho syst\u00e9mu.<\/li>\n<li>Spo\u013eahlivos\u0165 Hypertherm Certified zaru\u010duje v\u00fdkon aj v t\u00fdch najn\u00e1ro\u010dnej\u0161\u00edch prostrediach.<\/li>\n<\/ul>\n","protected":false},"excerpt":{"rendered":"<p>Prenosn\u00fd a\u00a0jednoducho ovl\u00e1date\u013en\u00fd plazmov\u00fd syst\u00e9m ur\u010den\u00fd pre rezanie kovov\u00fdch materi\u00e1lov s\u00a0integrovan\u00fdm kompresorom. Umo\u017e\u0148uje kvalitn\u00e9 rezanie materi\u00e1lu s hr\u00fabkou do 8 mm.<\/p>\n","protected":false},"featured_media":1641,"template":"","meta":{"_monsterinsights_skip_tracking":false,"_monsterinsights_sitenote_active":false,"_monsterinsights_sitenote_note":"","_monsterinsights_sitenote_category":0},"product_brand":[],"product_cat":[77],"product_tag":[76],"yst_prominent_words":[],"class_list":{"0":"post-1640","1":"product","2":"type-product","3":"status-publish","4":"has-post-thumbnail","6":"product_cat-plazmove-rezacie-zariadenia","7":"product_tag-hypertherm","9":"first","10":"onbackorder","11":"taxable","12":"shipping-taxable","13":"product-type-simple"},"acf":[],"_links":{"self":[{"href":"https:\/\/www.robotec.sk\/welding\/wp-json\/wp\/v2\/product\/1640","targetHints":{"allow":["GET"]}}],"collection":[{"href":"https:\/\/www.robotec.sk\/welding\/wp-json\/wp\/v2\/product"}],"about":[{"href":"https:\/\/www.robotec.sk\/welding\/wp-json\/wp\/v2\/types\/product"}],"wp:featuredmedia":[{"embeddable":true,"href":"https:\/\/www.robotec.sk\/welding\/wp-json\/wp\/v2\/media\/1641"}],"wp:attachment":[{"href":"https:\/\/www.robotec.sk\/welding\/wp-json\/wp\/v2\/media?parent=1640"}],"wp:term":[{"taxonomy":"product_brand","embeddable":true,"href":"https:\/\/www.robotec.sk\/welding\/wp-json\/wp\/v2\/product_brand?post=1640"},{"taxonomy":"product_cat","embeddable":true,"href":"https:\/\/www.robotec.sk\/welding\/wp-json\/wp\/v2\/product_cat?post=1640"},{"taxonomy":"product_tag","embeddable":true,"href":"https:\/\/www.robotec.sk\/welding\/wp-json\/wp\/v2\/product_tag?post=1640"},{"taxonomy":"yst_prominent_words","embeddable":true,"href":"https:\/\/www.robotec.sk\/welding\/wp-json\/wp\/v2\/yst_prominent_words?post=1640"}],"curies":[{"name":"wp","href":"https:\/\/api.w.org\/{rel}","templated":true}]}}