{"id":1631,"date":"2019-11-29T12:53:45","date_gmt":"2019-11-29T11:53:45","guid":{"rendered":"https:\/\/www.robotec.sk\/welding\/?post_type=product&#038;p=1631"},"modified":"2020-05-21T10:03:07","modified_gmt":"2020-05-21T08:03:07","slug":"zvaracie-mierky-meradla","status":"publish","type":"product","link":"https:\/\/www.robotec.sk\/welding\/produkt\/zvaracie-mierky-meradla\/","title":{"rendered":"Zv\u00e1racie mierky a meradl\u00e1"},"content":{"rendered":"<p align=\"justify\">\u0160irok\u00fd v\u00fdber zv\u00e1ra\u010dsk\u00fd meradiel a mierok. Samostane alebo v kufr\u00edkovej sade.<\/p>\n","protected":false},"excerpt":{"rendered":"<p align=\"justify\">\u0160irok\u00fd v\u00fdber zv\u00e1ra\u010dsk\u00fd meradiel a mierok. Samostane alebo v kufr\u00edkovej sade.<\/p>\n","protected":false},"featured_media":1632,"template":"","meta":{"_monsterinsights_skip_tracking":false,"_monsterinsights_sitenote_active":false,"_monsterinsights_sitenote_note":"","_monsterinsights_sitenote_category":0},"product_brand":[],"product_cat":[74],"product_tag":[75],"yst_prominent_words":[],"class_list":{"0":"post-1631","1":"product","2":"type-product","3":"status-publish","4":"has-post-thumbnail","6":"product_cat-priprava-ochrana-zvaru","7":"product_tag-jankus","9":"first","10":"onbackorder","11":"taxable","12":"shipping-taxable","13":"product-type-simple"},"acf":[],"_links":{"self":[{"href":"https:\/\/www.robotec.sk\/welding\/wp-json\/wp\/v2\/product\/1631","targetHints":{"allow":["GET"]}}],"collection":[{"href":"https:\/\/www.robotec.sk\/welding\/wp-json\/wp\/v2\/product"}],"about":[{"href":"https:\/\/www.robotec.sk\/welding\/wp-json\/wp\/v2\/types\/product"}],"wp:featuredmedia":[{"embeddable":true,"href":"https:\/\/www.robotec.sk\/welding\/wp-json\/wp\/v2\/media\/1632"}],"wp:attachment":[{"href":"https:\/\/www.robotec.sk\/welding\/wp-json\/wp\/v2\/media?parent=1631"}],"wp:term":[{"taxonomy":"product_brand","embeddable":true,"href":"https:\/\/www.robotec.sk\/welding\/wp-json\/wp\/v2\/product_brand?post=1631"},{"taxonomy":"product_cat","embeddable":true,"href":"https:\/\/www.robotec.sk\/welding\/wp-json\/wp\/v2\/product_cat?post=1631"},{"taxonomy":"product_tag","embeddable":true,"href":"https:\/\/www.robotec.sk\/welding\/wp-json\/wp\/v2\/product_tag?post=1631"},{"taxonomy":"yst_prominent_words","embeddable":true,"href":"https:\/\/www.robotec.sk\/welding\/wp-json\/wp\/v2\/yst_prominent_words?post=1631"}],"curies":[{"name":"wp","href":"https:\/\/api.w.org\/{rel}","templated":true}]}}