{"id":1628,"date":"2019-11-29T12:30:57","date_gmt":"2019-11-29T11:30:57","guid":{"rendered":"https:\/\/www.robotec.sk\/welding\/?post_type=product&#038;p=1628"},"modified":"2020-05-21T10:03:07","modified_gmt":"2020-05-21T08:03:07","slug":"bruska_na_elektrody","status":"publish","type":"product","link":"https:\/\/www.robotec.sk\/welding\/produkt\/bruska_na_elektrody\/","title":{"rendered":"Br\u00faska na volfr\u00e1mov\u00e9 elektr\u00f3dy"},"content":{"rendered":"<p>Br\u00faska na br\u00fasenie volfr\u00e1mov\u00fdch elektr\u00f3d zais\u0165uje v\u017edy optim\u00e1lne nabr\u00fasenie pre excelentn\u00e9 zapa\u013eovanie zv\u00e1racieho obl\u00faka pri TIG zv\u00e1ran\u00ed. Jednoduch\u00e9 pou\u017eitie a\u00a0opakovate\u013en\u00e1 presnos\u0165 obr\u00fasenia. Pre volfr\u00e1mov\u00e9 elektr\u00f3dy od priemeru 1.0 do priemeru 8.0 mm a s d\u013a\u017ekou 30 a\u017e 175 mm. Presnos\u0165 obr\u00fasenia 0,01 mm.<\/p>\n","protected":false},"excerpt":{"rendered":"<p>Br\u00faska na br\u00fasenie volfr\u00e1mov\u00fdch elektr\u00f3d zais\u0165uje v\u017edy optim\u00e1lne nabr\u00fasenie pre excelentn\u00e9 zapa\u013eovanie zv\u00e1racieho obl\u00faka pri TIG zv\u00e1ran\u00ed. Jednoduch\u00e9 pou\u017eitie a\u00a0opakovate\u013en\u00e1 presnos\u0165 obr\u00fasenia. Pre volfr\u00e1mov\u00e9 elektr\u00f3dy od priemeru 1.0 do priemeru 8.0 mm a s d\u013a\u017ekou 30 a\u017e 175 mm. Presnos\u0165 obr\u00fasenia 0,01 mm.<\/p>\n","protected":false},"featured_media":1630,"template":"","meta":{"_monsterinsights_skip_tracking":false,"_monsterinsights_sitenote_active":false,"_monsterinsights_sitenote_note":"","_monsterinsights_sitenote_category":0},"product_brand":[],"product_cat":[74],"product_tag":[75],"yst_prominent_words":[],"class_list":{"0":"post-1628","1":"product","2":"type-product","3":"status-publish","4":"has-post-thumbnail","6":"product_cat-priprava-ochrana-zvaru","7":"product_tag-jankus","9":"first","10":"onbackorder","11":"taxable","12":"shipping-taxable","13":"product-type-simple"},"acf":[],"_links":{"self":[{"href":"https:\/\/www.robotec.sk\/welding\/wp-json\/wp\/v2\/product\/1628","targetHints":{"allow":["GET"]}}],"collection":[{"href":"https:\/\/www.robotec.sk\/welding\/wp-json\/wp\/v2\/product"}],"about":[{"href":"https:\/\/www.robotec.sk\/welding\/wp-json\/wp\/v2\/types\/product"}],"wp:featuredmedia":[{"embeddable":true,"href":"https:\/\/www.robotec.sk\/welding\/wp-json\/wp\/v2\/media\/1630"}],"wp:attachment":[{"href":"https:\/\/www.robotec.sk\/welding\/wp-json\/wp\/v2\/media?parent=1628"}],"wp:term":[{"taxonomy":"product_brand","embeddable":true,"href":"https:\/\/www.robotec.sk\/welding\/wp-json\/wp\/v2\/product_brand?post=1628"},{"taxonomy":"product_cat","embeddable":true,"href":"https:\/\/www.robotec.sk\/welding\/wp-json\/wp\/v2\/product_cat?post=1628"},{"taxonomy":"product_tag","embeddable":true,"href":"https:\/\/www.robotec.sk\/welding\/wp-json\/wp\/v2\/product_tag?post=1628"},{"taxonomy":"yst_prominent_words","embeddable":true,"href":"https:\/\/www.robotec.sk\/welding\/wp-json\/wp\/v2\/yst_prominent_words?post=1628"}],"curies":[{"name":"wp","href":"https:\/\/api.w.org\/{rel}","templated":true}]}}