{"id":1627,"date":"2019-11-29T12:19:37","date_gmt":"2019-11-29T11:19:37","guid":{"rendered":"https:\/\/www.robotec.sk\/welding\/?post_type=product&#038;p=1627"},"modified":"2020-05-21T10:03:06","modified_gmt":"2020-05-21T08:03:06","slug":"uholnik","status":"publish","type":"product","link":"https:\/\/www.robotec.sk\/welding\/produkt\/uholnik\/","title":{"rendered":"Uholn\u00edk pre ochranu kore\u0148a zvaru"},"content":{"rendered":"<p>Uholn\u00edk ur\u010den\u00fd pre ochranu kore\u0148a k\u00fatov\u00fdch zvarov sa prichyt\u00e1va na zvarenec pomocou v\u00e1kuov\u00fdch pr\u00edsaviek. Uholn\u00edk je odoln\u00fd vo\u010di teplot\u00e1m do 300\u00b0C.<\/p>\n","protected":false},"excerpt":{"rendered":"<p>Uholn\u00edk ur\u010den\u00fd pre ochranu kore\u0148a k\u00fatov\u00fdch zvarov sa prichyt\u00e1va na zvarenec pomocou v\u00e1kuov\u00fdch pr\u00edsaviek. Uholn\u00edk je odoln\u00fd vo\u010di teplot\u00e1m do 300\u00b0C.<\/p>\n","protected":false},"featured_media":1626,"template":"","meta":{"_monsterinsights_skip_tracking":false,"_monsterinsights_sitenote_active":false,"_monsterinsights_sitenote_note":"","_monsterinsights_sitenote_category":0},"product_brand":[],"product_cat":[74],"product_tag":[75],"yst_prominent_words":[],"class_list":{"0":"post-1627","1":"product","2":"type-product","3":"status-publish","4":"has-post-thumbnail","6":"product_cat-priprava-ochrana-zvaru","7":"product_tag-jankus","9":"first","10":"onbackorder","11":"taxable","12":"shipping-taxable","13":"product-type-simple"},"acf":[],"_links":{"self":[{"href":"https:\/\/www.robotec.sk\/welding\/wp-json\/wp\/v2\/product\/1627","targetHints":{"allow":["GET"]}}],"collection":[{"href":"https:\/\/www.robotec.sk\/welding\/wp-json\/wp\/v2\/product"}],"about":[{"href":"https:\/\/www.robotec.sk\/welding\/wp-json\/wp\/v2\/types\/product"}],"wp:featuredmedia":[{"embeddable":true,"href":"https:\/\/www.robotec.sk\/welding\/wp-json\/wp\/v2\/media\/1626"}],"wp:attachment":[{"href":"https:\/\/www.robotec.sk\/welding\/wp-json\/wp\/v2\/media?parent=1627"}],"wp:term":[{"taxonomy":"product_brand","embeddable":true,"href":"https:\/\/www.robotec.sk\/welding\/wp-json\/wp\/v2\/product_brand?post=1627"},{"taxonomy":"product_cat","embeddable":true,"href":"https:\/\/www.robotec.sk\/welding\/wp-json\/wp\/v2\/product_cat?post=1627"},{"taxonomy":"product_tag","embeddable":true,"href":"https:\/\/www.robotec.sk\/welding\/wp-json\/wp\/v2\/product_tag?post=1627"},{"taxonomy":"yst_prominent_words","embeddable":true,"href":"https:\/\/www.robotec.sk\/welding\/wp-json\/wp\/v2\/yst_prominent_words?post=1627"}],"curies":[{"name":"wp","href":"https:\/\/api.w.org\/{rel}","templated":true}]}}