{"id":1622,"date":"2019-11-29T11:49:07","date_gmt":"2019-11-29T10:49:07","guid":{"rendered":"https:\/\/www.robotec.sk\/welding\/?post_type=product&#038;p=1622"},"modified":"2020-05-21T10:03:06","modified_gmt":"2020-05-21T08:03:06","slug":"tesniace-kruhy","status":"publish","type":"product","link":"https:\/\/www.robotec.sk\/welding\/produkt\/tesniace-kruhy\/","title":{"rendered":"Tesniace kruhy"},"content":{"rendered":"<p>Modul\u00e1rny syst\u00e9m tesniacich kruhov umo\u017e\u0148uje pou\u017eitie v\u00a0r\u00farach s\u00a0vn\u00fatorn\u00fdm priemerom od 38 do 410 mm. Syst\u00e9m m\u00f4\u017ee by\u0165 jednoducho zmontovan\u00fd a\u00a0pou\u017eit\u00fd pri r\u00f4znych aplik\u00e1ci\u00e1ch a\u00a0to pri zv\u00e1ran\u00ed rovn\u00fdch r\u00far ako aj kolien.<\/p>\n","protected":false},"excerpt":{"rendered":"<p>Tesniace kruhy sl\u00fa\u017eia na zaistenie ochrany kore\u0148a zvaru pri zv\u00e1ran\u00ed potrub\u00ed. Tieto kompaktn\u00e9 syst\u00e9my pre TIG zv\u00e1ranie dokonale utesnia zv\u00e1ran\u00e9 r\u00fary a\u00a0zabr\u00e1nia pr\u00edstupu kysl\u00edku. Man\u017eety tesniacich kruhov s\u00fa vyroben\u00e9 s\u00a0teplovzdorn\u00e9ho pri\u013enav\u00e9ho materi\u00e1lu.<\/p>\n","protected":false},"featured_media":1623,"template":"","meta":{"_monsterinsights_skip_tracking":false,"_monsterinsights_sitenote_active":false,"_monsterinsights_sitenote_note":"","_monsterinsights_sitenote_category":0},"product_brand":[],"product_cat":[74],"product_tag":[75],"yst_prominent_words":[],"class_list":{"0":"post-1622","1":"product","2":"type-product","3":"status-publish","4":"has-post-thumbnail","6":"product_cat-priprava-ochrana-zvaru","7":"product_tag-jankus","9":"first","10":"onbackorder","11":"taxable","12":"shipping-taxable","13":"product-type-simple"},"acf":[],"_links":{"self":[{"href":"https:\/\/www.robotec.sk\/welding\/wp-json\/wp\/v2\/product\/1622","targetHints":{"allow":["GET"]}}],"collection":[{"href":"https:\/\/www.robotec.sk\/welding\/wp-json\/wp\/v2\/product"}],"about":[{"href":"https:\/\/www.robotec.sk\/welding\/wp-json\/wp\/v2\/types\/product"}],"wp:featuredmedia":[{"embeddable":true,"href":"https:\/\/www.robotec.sk\/welding\/wp-json\/wp\/v2\/media\/1623"}],"wp:attachment":[{"href":"https:\/\/www.robotec.sk\/welding\/wp-json\/wp\/v2\/media?parent=1622"}],"wp:term":[{"taxonomy":"product_brand","embeddable":true,"href":"https:\/\/www.robotec.sk\/welding\/wp-json\/wp\/v2\/product_brand?post=1622"},{"taxonomy":"product_cat","embeddable":true,"href":"https:\/\/www.robotec.sk\/welding\/wp-json\/wp\/v2\/product_cat?post=1622"},{"taxonomy":"product_tag","embeddable":true,"href":"https:\/\/www.robotec.sk\/welding\/wp-json\/wp\/v2\/product_tag?post=1622"},{"taxonomy":"yst_prominent_words","embeddable":true,"href":"https:\/\/www.robotec.sk\/welding\/wp-json\/wp\/v2\/yst_prominent_words?post=1622"}],"curies":[{"name":"wp","href":"https:\/\/api.w.org\/{rel}","templated":true}]}}