{"id":1620,"date":"2019-11-29T10:07:27","date_gmt":"2019-11-29T09:07:27","guid":{"rendered":"https:\/\/www.robotec.sk\/welding\/?post_type=product&#038;p=1620"},"modified":"2020-05-21T10:03:06","modified_gmt":"2020-05-21T08:03:06","slug":"strediace-retaze","status":"publish","type":"product","link":"https:\/\/www.robotec.sk\/welding\/produkt\/strediace-retaze\/","title":{"rendered":"Strediace re\u0165aze pre ustavenie r\u00far pri zv\u00e1ran\u00ed"},"content":{"rendered":"<ul>\n<li>efekt\u00edvna pr\u00edprava zvaru<\/li>\n<li>jednoduch\u00e9 a r\u00fdchle upnutie a ustavenie potrubia<\/li>\n<li>zaistenie maxim\u00e1lnej bezpe\u010dnosti pri pr\u00e1ci<\/li>\n<li>vysok\u00e1 kvalita v\u00fdsledn\u00e9ho zvaru v\u010faka vysokej prec\u00edznosti ustavenia<\/li>\n<\/ul>\n","protected":false},"excerpt":{"rendered":"<p>Re\u0165aze zais\u0165uj\u00fa presn\u00e9 vycentrovanie r\u00far, potrub\u00ed alebo n\u00e1dr\u017e\u00ed pri ich zv\u00e1ran\u00ed. U\u013eah\u010duj\u00fa a\u00a0zefekt\u00edv\u0148uj\u00fa pr\u00e1cu.\u00a0V\u010faka mo\u017enosti presn\u00e9ho nastavenia zvarov\u00fdch pl\u00f4ch zvy\u0161uj\u00fa aj kvalitu v\u00fdsledn\u00e9ho zvaru. K\u00a0dispoz\u00edcii je nieko\u013eko typov centrovac\u00edch re\u0165az\u00ed.<\/p>\n","protected":false},"featured_media":1621,"template":"","meta":{"_monsterinsights_skip_tracking":false,"_monsterinsights_sitenote_active":false,"_monsterinsights_sitenote_note":"","_monsterinsights_sitenote_category":0},"product_brand":[],"product_cat":[74],"product_tag":[75],"yst_prominent_words":[],"class_list":{"0":"post-1620","1":"product","2":"type-product","3":"status-publish","4":"has-post-thumbnail","6":"product_cat-priprava-ochrana-zvaru","7":"product_tag-jankus","9":"first","10":"onbackorder","11":"taxable","12":"shipping-taxable","13":"product-type-simple"},"acf":[],"_links":{"self":[{"href":"https:\/\/www.robotec.sk\/welding\/wp-json\/wp\/v2\/product\/1620","targetHints":{"allow":["GET"]}}],"collection":[{"href":"https:\/\/www.robotec.sk\/welding\/wp-json\/wp\/v2\/product"}],"about":[{"href":"https:\/\/www.robotec.sk\/welding\/wp-json\/wp\/v2\/types\/product"}],"wp:featuredmedia":[{"embeddable":true,"href":"https:\/\/www.robotec.sk\/welding\/wp-json\/wp\/v2\/media\/1621"}],"wp:attachment":[{"href":"https:\/\/www.robotec.sk\/welding\/wp-json\/wp\/v2\/media?parent=1620"}],"wp:term":[{"taxonomy":"product_brand","embeddable":true,"href":"https:\/\/www.robotec.sk\/welding\/wp-json\/wp\/v2\/product_brand?post=1620"},{"taxonomy":"product_cat","embeddable":true,"href":"https:\/\/www.robotec.sk\/welding\/wp-json\/wp\/v2\/product_cat?post=1620"},{"taxonomy":"product_tag","embeddable":true,"href":"https:\/\/www.robotec.sk\/welding\/wp-json\/wp\/v2\/product_tag?post=1620"},{"taxonomy":"yst_prominent_words","embeddable":true,"href":"https:\/\/www.robotec.sk\/welding\/wp-json\/wp\/v2\/yst_prominent_words?post=1620"}],"curies":[{"name":"wp","href":"https:\/\/api.w.org\/{rel}","templated":true}]}}