{"id":1606,"date":"2019-11-29T08:50:31","date_gmt":"2019-11-29T07:50:31","guid":{"rendered":"https:\/\/www.robotec.sk\/welding\/?post_type=product&#038;p=1606"},"modified":"2020-05-21T10:03:06","modified_gmt":"2020-05-21T08:03:06","slug":"centrovace-rur","status":"publish","type":"product","link":"https:\/\/www.robotec.sk\/welding\/produkt\/centrovace-rur\/","title":{"rendered":"Vonkaj\u0161ie a vn\u00fatorn\u00e9 centrova\u010de r\u00far a potrub\u00ed"},"content":{"rendered":"<ul>\n<li>efekt\u00edvna pr\u00edprava zvaru<\/li>\n<li>jednoduch\u00e9 a r\u00fdchle upnutie a ustavenie potrubia<\/li>\n<li>zaistenie maxim\u00e1lnej bezpe\u010dnosti pri pr\u00e1ci<\/li>\n<li>vysok\u00e1 kvalita v\u00fdsledn\u00e9ho zvaru v\u010faka vysokej prec\u00edznosti ustavenia<\/li>\n<li>v\u0161etky prvky s\u00fa vyroben\u00e9 z galvanicky pokovovan\u00fdch oce\u013eov\u00fdch v\u00fdkovkov alebo z nerezovej ocele<\/li>\n<li>kr\u00eddlov\u00e9 matice z nerezu<\/li>\n<li>patentovan\u00e1 technol\u00f3gia<\/li>\n<\/ul>\n","protected":false},"excerpt":{"rendered":"<p>Centrova\u010de sl\u00fa\u017eia na r\u00fdchle ustavenie a\u00a0upnutie potrubia a\u00a0r\u00far pri zv\u00e1ran\u00ed. U\u013eah\u010duj\u00fa a\u00a0zefekt\u00edv\u0148uj\u00fa pr\u00e1cu.\u00a0V\u010faka mo\u017enosti presn\u00e9ho nastavenia zvarov\u00fdch pl\u00f4ch zvy\u0161uj\u00fa aj kvalitu v\u00fdsledn\u00e9ho zvaru. U\u0165ahovanie pomocou kr\u00eddlov\u00fdch mat\u00edc zjednodu\u0161uje a\u00a0ur\u00fdch\u013euje pr\u00e1cu s\u00a0centrova\u010dmi. K\u00a0dispoz\u00edcii je viacero centrovac\u00edch prvkov pre r\u00f4zne aplik\u00e1cie.<\/p>\n","protected":false},"featured_media":1607,"template":"","meta":{"_monsterinsights_skip_tracking":false,"_monsterinsights_sitenote_active":false,"_monsterinsights_sitenote_note":"","_monsterinsights_sitenote_category":0},"product_brand":[],"product_cat":[74],"product_tag":[75],"yst_prominent_words":[],"class_list":{"0":"post-1606","1":"product","2":"type-product","3":"status-publish","4":"has-post-thumbnail","6":"product_cat-priprava-ochrana-zvaru","7":"product_tag-jankus","9":"first","10":"onbackorder","11":"taxable","12":"shipping-taxable","13":"product-type-simple"},"acf":[],"_links":{"self":[{"href":"https:\/\/www.robotec.sk\/welding\/wp-json\/wp\/v2\/product\/1606","targetHints":{"allow":["GET"]}}],"collection":[{"href":"https:\/\/www.robotec.sk\/welding\/wp-json\/wp\/v2\/product"}],"about":[{"href":"https:\/\/www.robotec.sk\/welding\/wp-json\/wp\/v2\/types\/product"}],"wp:featuredmedia":[{"embeddable":true,"href":"https:\/\/www.robotec.sk\/welding\/wp-json\/wp\/v2\/media\/1607"}],"wp:attachment":[{"href":"https:\/\/www.robotec.sk\/welding\/wp-json\/wp\/v2\/media?parent=1606"}],"wp:term":[{"taxonomy":"product_brand","embeddable":true,"href":"https:\/\/www.robotec.sk\/welding\/wp-json\/wp\/v2\/product_brand?post=1606"},{"taxonomy":"product_cat","embeddable":true,"href":"https:\/\/www.robotec.sk\/welding\/wp-json\/wp\/v2\/product_cat?post=1606"},{"taxonomy":"product_tag","embeddable":true,"href":"https:\/\/www.robotec.sk\/welding\/wp-json\/wp\/v2\/product_tag?post=1606"},{"taxonomy":"yst_prominent_words","embeddable":true,"href":"https:\/\/www.robotec.sk\/welding\/wp-json\/wp\/v2\/yst_prominent_words?post=1606"}],"curies":[{"name":"wp","href":"https:\/\/api.w.org\/{rel}","templated":true}]}}