{"id":1573,"date":"2019-05-20T16:05:38","date_gmt":"2019-05-20T14:05:38","guid":{"rendered":"https:\/\/www.robotec.sk\/welding\/?post_type=product&#038;p=1573"},"modified":"2020-05-21T10:03:05","modified_gmt":"2020-05-21T08:03:05","slug":"zavitove-svorniky-id-ocelove","status":"publish","type":"product","link":"https:\/\/www.robotec.sk\/welding\/produkt\/zavitove-svorniky-id-ocelove\/","title":{"rendered":"Z\u00e1vitov\u00e9 svorn\u00edky ID, oce\u013eov\u00e9"},"content":{"rendered":"","protected":false},"excerpt":{"rendered":"<p>Svorn\u00edky ID, oce\u013eov\u00e9 \u2013 svorn\u00edky s vn\u00fatorn\u00fdm z\u00e1vitom na zdvihov\u00e9 priv\u00e1ranie.<br \/>\nMateri\u00e1l: oce\u013e 4.8<br \/>\nZ\u00e1vit svorn\u00edkov: M6, M8<br \/>\nD\u013a\u017eka svorn\u00edkov: 15 &#8211; 40 mm<\/p>\n","protected":false},"featured_media":1560,"template":"","meta":{"_monsterinsights_skip_tracking":false,"_monsterinsights_sitenote_active":false,"_monsterinsights_sitenote_note":"","_monsterinsights_sitenote_category":0},"product_brand":[],"product_cat":[72],"product_tag":[57],"yst_prominent_words":[],"class_list":{"0":"post-1573","1":"product","2":"type-product","3":"status-publish","4":"has-post-thumbnail","6":"product_cat-zdvihove-svorniky","7":"product_tag-soyer","9":"first","10":"onbackorder","11":"taxable","12":"shipping-taxable","13":"product-type-simple"},"acf":[],"_links":{"self":[{"href":"https:\/\/www.robotec.sk\/welding\/wp-json\/wp\/v2\/product\/1573","targetHints":{"allow":["GET"]}}],"collection":[{"href":"https:\/\/www.robotec.sk\/welding\/wp-json\/wp\/v2\/product"}],"about":[{"href":"https:\/\/www.robotec.sk\/welding\/wp-json\/wp\/v2\/types\/product"}],"wp:featuredmedia":[{"embeddable":true,"href":"https:\/\/www.robotec.sk\/welding\/wp-json\/wp\/v2\/media\/1560"}],"wp:attachment":[{"href":"https:\/\/www.robotec.sk\/welding\/wp-json\/wp\/v2\/media?parent=1573"}],"wp:term":[{"taxonomy":"product_brand","embeddable":true,"href":"https:\/\/www.robotec.sk\/welding\/wp-json\/wp\/v2\/product_brand?post=1573"},{"taxonomy":"product_cat","embeddable":true,"href":"https:\/\/www.robotec.sk\/welding\/wp-json\/wp\/v2\/product_cat?post=1573"},{"taxonomy":"product_tag","embeddable":true,"href":"https:\/\/www.robotec.sk\/welding\/wp-json\/wp\/v2\/product_tag?post=1573"},{"taxonomy":"yst_prominent_words","embeddable":true,"href":"https:\/\/www.robotec.sk\/welding\/wp-json\/wp\/v2\/yst_prominent_words?post=1573"}],"curies":[{"name":"wp","href":"https:\/\/api.w.org\/{rel}","templated":true}]}}