{"id":1572,"date":"2019-05-20T10:54:45","date_gmt":"2019-05-20T08:54:45","guid":{"rendered":"https:\/\/www.robotec.sk\/welding\/?post_type=product&#038;p=1572"},"modified":"2020-05-21T10:03:05","modified_gmt":"2020-05-21T08:03:05","slug":"zavitove-svorniky-rd-ss","status":"publish","type":"product","link":"https:\/\/www.robotec.sk\/welding\/produkt\/zavitove-svorniky-rd-ss\/","title":{"rendered":"Z\u00e1vitov\u00e9 svorn\u00edky RD, nerezov\u00e9"},"content":{"rendered":"<p><img decoding=\"async\" class=\"alignnone wp-image-1566 size-full\" src=\"https:\/\/www.robotec.sk\/welding\/wp-content\/uploads\/2019\/05\/daten_rd_bolzen_680.jpg\" alt=\" width=\"664\" height=\"263\" srcset=\"https:\/\/www.robotec.sk\/welding\/wp-content\/uploads\/2019\/05\/daten_rd_bolzen_680-200x79.jpg 200w, https:\/\/www.robotec.sk\/welding\/wp-content\/uploads\/2019\/05\/daten_rd_bolzen_680-300x119.jpg 300w, https:\/\/www.robotec.sk\/welding\/wp-content\/uploads\/2019\/05\/daten_rd_bolzen_680-400x158.jpg 400w, https:\/\/www.robotec.sk\/welding\/wp-content\/uploads\/2019\/05\/daten_rd_bolzen_680-500x198.jpg 500w, https:\/\/www.robotec.sk\/welding\/wp-content\/uploads\/2019\/05\/daten_rd_bolzen_680-600x238.jpg 600w, https:\/\/www.robotec.sk\/welding\/wp-content\/uploads\/2019\/05\/daten_rd_bolzen_680.jpg 664w\" sizes=\"(max-width: 664px) 100vw, 664px\" \/><\/p>\n","protected":false},"excerpt":{"rendered":"<p>Svorn\u00edky RD, nerezov\u00e9 \u2013 z\u00e1vitov\u00e9 svorn\u00edky na zdvihov\u00e9 priv\u00e1ranie.<br \/>\nMateri\u00e1l: nerez, A2-50<br \/>\nZ\u00e1vit svorn\u00edkov: M6, M8, M10, M12<br \/>\nD\u013a\u017eka svorn\u00edkov: 12 &#8211; 50 mm<\/p>\n","protected":false},"featured_media":1562,"template":"","meta":{"_monsterinsights_skip_tracking":false,"_monsterinsights_sitenote_active":false,"_monsterinsights_sitenote_note":"","_monsterinsights_sitenote_category":0},"product_brand":[],"product_cat":[72],"product_tag":[57],"yst_prominent_words":[],"class_list":{"0":"post-1572","1":"product","2":"type-product","3":"status-publish","4":"has-post-thumbnail","6":"product_cat-zdvihove-svorniky","7":"product_tag-soyer","9":"first","10":"onbackorder","11":"taxable","12":"shipping-taxable","13":"product-type-simple"},"acf":[],"_links":{"self":[{"href":"https:\/\/www.robotec.sk\/welding\/wp-json\/wp\/v2\/product\/1572","targetHints":{"allow":["GET"]}}],"collection":[{"href":"https:\/\/www.robotec.sk\/welding\/wp-json\/wp\/v2\/product"}],"about":[{"href":"https:\/\/www.robotec.sk\/welding\/wp-json\/wp\/v2\/types\/product"}],"wp:featuredmedia":[{"embeddable":true,"href":"https:\/\/www.robotec.sk\/welding\/wp-json\/wp\/v2\/media\/1562"}],"wp:attachment":[{"href":"https:\/\/www.robotec.sk\/welding\/wp-json\/wp\/v2\/media?parent=1572"}],"wp:term":[{"taxonomy":"product_brand","embeddable":true,"href":"https:\/\/www.robotec.sk\/welding\/wp-json\/wp\/v2\/product_brand?post=1572"},{"taxonomy":"product_cat","embeddable":true,"href":"https:\/\/www.robotec.sk\/welding\/wp-json\/wp\/v2\/product_cat?post=1572"},{"taxonomy":"product_tag","embeddable":true,"href":"https:\/\/www.robotec.sk\/welding\/wp-json\/wp\/v2\/product_tag?post=1572"},{"taxonomy":"yst_prominent_words","embeddable":true,"href":"https:\/\/www.robotec.sk\/welding\/wp-json\/wp\/v2\/yst_prominent_words?post=1572"}],"curies":[{"name":"wp","href":"https:\/\/api.w.org\/{rel}","templated":true}]}}