{"id":1564,"date":"2019-05-19T10:10:36","date_gmt":"2019-05-19T08:10:36","guid":{"rendered":"https:\/\/www.robotec.sk\/welding\/?post_type=product&#038;p=1564"},"modified":"2020-05-21T10:03:02","modified_gmt":"2020-05-21T08:03:02","slug":"zavitove-svorniky-md-ocelove","status":"publish","type":"product","link":"https:\/\/www.robotec.sk\/welding\/produkt\/zavitove-svorniky-md-ocelove\/","title":{"rendered":"Z\u00e1vitov\u00e9 svorn\u00edky MD, oce\u013eov\u00e9"},"content":{"rendered":"<p><img decoding=\"async\" class=\"alignnone wp-image-1556 size-full\" src=\"https:\/\/www.robotec.sk\/welding\/wp-content\/uploads\/2019\/05\/zdvihove-svorniky-1.jpg\" alt=\" width=\"664\" height=\"270\" srcset=\"https:\/\/www.robotec.sk\/welding\/wp-content\/uploads\/2019\/05\/zdvihove-svorniky-1-200x81.jpg 200w, https:\/\/www.robotec.sk\/welding\/wp-content\/uploads\/2019\/05\/zdvihove-svorniky-1-300x122.jpg 300w, https:\/\/www.robotec.sk\/welding\/wp-content\/uploads\/2019\/05\/zdvihove-svorniky-1-400x163.jpg 400w, https:\/\/www.robotec.sk\/welding\/wp-content\/uploads\/2019\/05\/zdvihove-svorniky-1-500x203.jpg 500w, https:\/\/www.robotec.sk\/welding\/wp-content\/uploads\/2019\/05\/zdvihove-svorniky-1-600x244.jpg 600w, https:\/\/www.robotec.sk\/welding\/wp-content\/uploads\/2019\/05\/zdvihove-svorniky-1.jpg 664w\" sizes=\"(max-width: 664px) 100vw, 664px\" \/><\/p>\n","protected":false},"excerpt":{"rendered":"<p>Svorn\u00edky MD, oce\u013eov\u00e9 \u2013 z\u00e1vitov\u00e9 svorn\u00edky na zdvihov\u00e9 priv\u00e1ranie.<br \/>\nMateri\u00e1l: oce\u013e 4.8<br \/>\nZ\u00e1vit svorn\u00edkov: M6, M8, M10, M12<br \/>\nD\u013a\u017eka svorn\u00edkov: 15 &#8211; 40 mm<\/p>\n","protected":false},"featured_media":1561,"template":"","meta":{"_monsterinsights_skip_tracking":false,"_monsterinsights_sitenote_active":false,"_monsterinsights_sitenote_note":"","_monsterinsights_sitenote_category":0},"product_brand":[],"product_cat":[72],"product_tag":[57],"yst_prominent_words":[],"class_list":{"0":"post-1564","1":"product","2":"type-product","3":"status-publish","4":"has-post-thumbnail","6":"product_cat-zdvihove-svorniky","7":"product_tag-soyer","9":"first","10":"onbackorder","11":"taxable","12":"shipping-taxable","13":"product-type-simple"},"acf":[],"_links":{"self":[{"href":"https:\/\/www.robotec.sk\/welding\/wp-json\/wp\/v2\/product\/1564","targetHints":{"allow":["GET"]}}],"collection":[{"href":"https:\/\/www.robotec.sk\/welding\/wp-json\/wp\/v2\/product"}],"about":[{"href":"https:\/\/www.robotec.sk\/welding\/wp-json\/wp\/v2\/types\/product"}],"wp:featuredmedia":[{"embeddable":true,"href":"https:\/\/www.robotec.sk\/welding\/wp-json\/wp\/v2\/media\/1561"}],"wp:attachment":[{"href":"https:\/\/www.robotec.sk\/welding\/wp-json\/wp\/v2\/media?parent=1564"}],"wp:term":[{"taxonomy":"product_brand","embeddable":true,"href":"https:\/\/www.robotec.sk\/welding\/wp-json\/wp\/v2\/product_brand?post=1564"},{"taxonomy":"product_cat","embeddable":true,"href":"https:\/\/www.robotec.sk\/welding\/wp-json\/wp\/v2\/product_cat?post=1564"},{"taxonomy":"product_tag","embeddable":true,"href":"https:\/\/www.robotec.sk\/welding\/wp-json\/wp\/v2\/product_tag?post=1564"},{"taxonomy":"yst_prominent_words","embeddable":true,"href":"https:\/\/www.robotec.sk\/welding\/wp-json\/wp\/v2\/yst_prominent_words?post=1564"}],"curies":[{"name":"wp","href":"https:\/\/api.w.org\/{rel}","templated":true}]}}