{"id":1536,"date":"2019-05-07T15:10:55","date_gmt":"2019-05-07T13:10:55","guid":{"rendered":"https:\/\/www.robotec.sk\/welding\/?post_type=product&#038;p=1536"},"modified":"2020-05-21T10:03:01","modified_gmt":"2020-05-21T08:03:01","slug":"bmh-30i","status":"publish","type":"product","link":"https:\/\/www.robotec.sk\/welding\/produkt\/bmh-30i\/","title":{"rendered":"BMH-30i"},"content":{"rendered":"<p align=\"justify\">BMH-30i je v\u00fdkonn\u00fd invertorov\u00fd zv\u00e1rac\u00ed zdroj na priv\u00e1ranie svorn\u00edkov so zdvihov\u00fdm zap\u00e1len\u00edm. Zariadenie sa vyzna\u010duje vysok\u00fdm v\u00fdkonom, za\u0165a\u017eovate\u013eom a zv\u00e1racou kapacitou. BMH-30i umo\u017e\u0148uje priv\u00e1ranie svorn\u00edkov met\u00f3dou zdvihov\u00e9ho priv\u00e1rania v rozsahu M8 a\u017e M24.<\/p>\n<ul>\n<li>Maxim\u00e1lny zv\u00e1rac\u00ed pr\u00fad a\u017e 3000 A.<\/li>\n<li>Priv\u00e1ranie svorn\u00edkov M8-M24.<\/li>\n<li>Jednoduch\u00e1 obsluha a nastavenie v\u0161etk\u00fdch zv\u00e1rac\u00edch parametrov.<\/li>\n<li>Variabilne nastavite\u013en\u00e9 parametre predpr\u00fadu a zv\u00e1racieho pr\u00fadu.<\/li>\n<li>Mo\u017enos\u0165 zv\u00e1rania v inertnom plyne.<\/li>\n<li>Opcia poloautomatick\u00e9ho alebo plne automatick\u00e9ho pod\u00e1vania svorn\u00edkov.<\/li>\n<li>Tabu\u013eka so \u0161tandardn\u00fdmi parametrami na prednom paneli zariadenia.<\/li>\n<li>Ochrana pred pre\u0165a\u017een\u00edm a prehriat\u00edm zariadenia.<\/li>\n<li>Interface pre pripojenie k in\u00fdm extern\u00fdm nadriaden\u00fdm syst\u00e9mom.<\/li>\n<\/ul>\n","protected":false},"excerpt":{"rendered":"<p>Zv\u00e1rac\u00ed zdroj ur\u010den\u00fd na priv\u00e1ranie svorn\u00edkov M8 a\u017e M24 so zdvihov\u00fdm zap\u00e1len\u00edm zv\u00e1racieho obl\u00faka.<\/p>\n","protected":false},"featured_media":1513,"template":"","meta":{"_monsterinsights_skip_tracking":false,"_monsterinsights_sitenote_active":false,"_monsterinsights_sitenote_note":"","_monsterinsights_sitenote_category":0},"product_brand":[],"product_cat":[70],"product_tag":[57],"yst_prominent_words":[],"class_list":{"0":"post-1536","1":"product","2":"type-product","3":"status-publish","4":"has-post-thumbnail","6":"product_cat-zdvihove-zvaracie-zdroje","7":"product_tag-soyer","9":"first","10":"onbackorder","11":"taxable","12":"shipping-taxable","13":"product-type-simple"},"acf":[],"_links":{"self":[{"href":"https:\/\/www.robotec.sk\/welding\/wp-json\/wp\/v2\/product\/1536","targetHints":{"allow":["GET"]}}],"collection":[{"href":"https:\/\/www.robotec.sk\/welding\/wp-json\/wp\/v2\/product"}],"about":[{"href":"https:\/\/www.robotec.sk\/welding\/wp-json\/wp\/v2\/types\/product"}],"wp:featuredmedia":[{"embeddable":true,"href":"https:\/\/www.robotec.sk\/welding\/wp-json\/wp\/v2\/media\/1513"}],"wp:attachment":[{"href":"https:\/\/www.robotec.sk\/welding\/wp-json\/wp\/v2\/media?parent=1536"}],"wp:term":[{"taxonomy":"product_brand","embeddable":true,"href":"https:\/\/www.robotec.sk\/welding\/wp-json\/wp\/v2\/product_brand?post=1536"},{"taxonomy":"product_cat","embeddable":true,"href":"https:\/\/www.robotec.sk\/welding\/wp-json\/wp\/v2\/product_cat?post=1536"},{"taxonomy":"product_tag","embeddable":true,"href":"https:\/\/www.robotec.sk\/welding\/wp-json\/wp\/v2\/product_tag?post=1536"},{"taxonomy":"yst_prominent_words","embeddable":true,"href":"https:\/\/www.robotec.sk\/welding\/wp-json\/wp\/v2\/yst_prominent_words?post=1536"}],"curies":[{"name":"wp","href":"https:\/\/api.w.org\/{rel}","templated":true}]}}