{"id":1514,"date":"2019-05-06T13:47:19","date_gmt":"2019-05-06T11:47:19","guid":{"rendered":"https:\/\/www.robotec.sk\/welding\/?post_type=product&#038;p=1514"},"modified":"2020-05-21T10:03:00","modified_gmt":"2020-05-21T08:03:00","slug":"bmk-12w","status":"publish","type":"product","link":"https:\/\/www.robotec.sk\/welding\/produkt\/bmk-12w\/","title":{"rendered":"BMK-12W"},"content":{"rendered":"<p align=\"justify\">BMK-12W je v\u00fdkonn\u00fd zv\u00e1rac\u00ed zdroj, ktor\u00fd umo\u017e\u0148uje zv\u00e1ranie nasledovn\u00fdmi technol\u00f3giami:<\/p>\n<ul>\n<li>zv\u00e1ranie s kr\u00e1tkym zdvihov\u00fdm zapa\u013eovan\u00edm bez ochrann\u00e9ho plynu a s keramick\u00fdmi kr\u00fa\u017ekami<\/li>\n<li>zv\u00e1ranie so zdvihov\u00fdm zapa\u013eovan\u00edm bez ochrann\u00e9ho plynu a s keramick\u00fdmi kr\u00fa\u017ekami<\/li>\n<li>zv\u00e1ranie so zdvihov\u00fdm zapa\u013eovan\u00edm v ochrannom plyne<\/li>\n<\/ul>\n<p align=\"justify\">Jedn\u00e1 sa o osved\u010den\u00fd zv\u00e1rac\u00ed zdroj, ktor\u00fd sa vyzna\u010duje univerz\u00e1lnos\u0165ou a nen\u00e1ro\u010dnou obsluhou. Zariadenie je vybaven\u00e9 displejom a v\u0161etky d\u00f4le\u017eit\u00e9 zv\u00e1racie parametre sa jednoducho nastavia pomocou \u0161tyroch tla\u010didiel. BMK-12W je ure\u010den\u00fd na priv\u00e1ranie svorn\u00edkov v rozsahu M3 &#8211; M12.<\/p>\n<ul>\n<li>Maxim\u00e1lny zv\u00e1rac\u00ed pr\u00fad a\u017e 800 A.<\/li>\n<li>Priv\u00e1ranie svorn\u00edkov M3-M12.<\/li>\n<li>Jednoduch\u00e1 obsluha pomocou 4 tla\u010didiel.<\/li>\n<li>Variabilne nastavite\u013en\u00e9 parametre predpr\u00fadu a zv\u00e1racieho pr\u00fadu.<\/li>\n<li>Mo\u017enos\u0165 zv\u00e1rania v inertnom plyne.<\/li>\n<li>Jednoducho prenosn\u00fd a ide\u00e1lny na mobiln\u00e9 aplik\u00e1cie.<\/li>\n<li>Opcia poloautomatick\u00e9ho alebo plne automatick\u00e9ho pod\u00e1vania svorn\u00edkov.<\/li>\n<li>LED panel displej s ovl\u00e1dac\u00edmi prvkami a inform\u00e1ciami o stave zariadenia.<\/li>\n<li>Tabu\u013eka so \u0161tandardn\u00fdmi parametrami na prednom paneli zariadenia.<\/li>\n<li>Ochrana pred pre\u0165a\u017een\u00edm a prehriat\u00edm zariadenia.<\/li>\n<li>Interface pre pripojenie k in\u00fdm extern\u00fdm nadriaden\u00fdm syst\u00e9mom.<\/li>\n<\/ul>\n<h3>Video<\/h3>\n<p><iframe src=\"\/\/www.youtube.com\/embed\/JpvSbBOZOC0\" width=\"560\" height=\"314\" allowfullscreen=\"allowfullscreen\"><\/iframe><\/p>\n","protected":false},"excerpt":{"rendered":"<p>Zv\u00e1rac\u00ed zdroj ur\u010den\u00fd na priv\u00e1ranie svorn\u00edkov M3 a\u017e M12 so zdvihov\u00fdm zap\u00e1len\u00edm zv\u00e1racieho obl\u00faka.<\/p>\n","protected":false},"featured_media":1509,"template":"","meta":{"_monsterinsights_skip_tracking":false,"_monsterinsights_sitenote_active":false,"_monsterinsights_sitenote_note":"","_monsterinsights_sitenote_category":0},"product_brand":[],"product_cat":[70],"product_tag":[57],"yst_prominent_words":[],"class_list":{"0":"post-1514","1":"product","2":"type-product","3":"status-publish","4":"has-post-thumbnail","6":"product_cat-zdvihove-zvaracie-zdroje","7":"product_tag-soyer","9":"first","10":"onbackorder","11":"taxable","12":"shipping-taxable","13":"product-type-simple"},"acf":[],"_links":{"self":[{"href":"https:\/\/www.robotec.sk\/welding\/wp-json\/wp\/v2\/product\/1514","targetHints":{"allow":["GET"]}}],"collection":[{"href":"https:\/\/www.robotec.sk\/welding\/wp-json\/wp\/v2\/product"}],"about":[{"href":"https:\/\/www.robotec.sk\/welding\/wp-json\/wp\/v2\/types\/product"}],"wp:featuredmedia":[{"embeddable":true,"href":"https:\/\/www.robotec.sk\/welding\/wp-json\/wp\/v2\/media\/1509"}],"wp:attachment":[{"href":"https:\/\/www.robotec.sk\/welding\/wp-json\/wp\/v2\/media?parent=1514"}],"wp:term":[{"taxonomy":"product_brand","embeddable":true,"href":"https:\/\/www.robotec.sk\/welding\/wp-json\/wp\/v2\/product_brand?post=1514"},{"taxonomy":"product_cat","embeddable":true,"href":"https:\/\/www.robotec.sk\/welding\/wp-json\/wp\/v2\/product_cat?post=1514"},{"taxonomy":"product_tag","embeddable":true,"href":"https:\/\/www.robotec.sk\/welding\/wp-json\/wp\/v2\/product_tag?post=1514"},{"taxonomy":"yst_prominent_words","embeddable":true,"href":"https:\/\/www.robotec.sk\/welding\/wp-json\/wp\/v2\/yst_prominent_words?post=1514"}],"curies":[{"name":"wp","href":"https:\/\/api.w.org\/{rel}","templated":true}]}}