{"id":1496,"date":"2019-05-06T11:14:30","date_gmt":"2019-05-06T09:14:30","guid":{"rendered":"https:\/\/www.robotec.sk\/welding\/?post_type=product&#038;p=1496"},"modified":"2020-05-21T10:03:00","modified_gmt":"2020-05-21T08:03:00","slug":"matice-nerezove","status":"publish","type":"product","link":"https:\/\/www.robotec.sk\/welding\/produkt\/matice-nerezove\/","title":{"rendered":"Matice, nerezov\u00e9"},"content":{"rendered":"<p>Matice na priv\u00e1ranie v rotuj\u00facom magnetickom poli. Jednoduch\u00e9 a r\u00fdchle priv\u00e1ranie mat\u00edc priamo na plech alebo dieru.<\/p>\n<p>&nbsp;<\/p>\n","protected":false},"excerpt":{"rendered":"<p>Matice na priv\u00e1ranie v magnetickom poli &#8211; SRM<br \/>\nMateri\u00e1l: nerez, V4a, 1.4571<br \/>\nZ\u00e1vit: M8, M10, M12<\/p>\n","protected":false},"featured_media":1487,"template":"","meta":{"_monsterinsights_skip_tracking":false,"_monsterinsights_sitenote_active":false,"_monsterinsights_sitenote_note":"","_monsterinsights_sitenote_category":0},"product_brand":[],"product_cat":[65,68],"product_tag":[57],"yst_prominent_words":[],"class_list":{"0":"post-1496","1":"product","2":"type-product","3":"status-publish","4":"has-post-thumbnail","6":"product_cat-srm-privaranie-svornikov","7":"product_cat-srm-svorniky","8":"product_tag-soyer","10":"first","11":"onbackorder","12":"taxable","13":"shipping-taxable","14":"product-type-simple"},"acf":[],"_links":{"self":[{"href":"https:\/\/www.robotec.sk\/welding\/wp-json\/wp\/v2\/product\/1496","targetHints":{"allow":["GET"]}}],"collection":[{"href":"https:\/\/www.robotec.sk\/welding\/wp-json\/wp\/v2\/product"}],"about":[{"href":"https:\/\/www.robotec.sk\/welding\/wp-json\/wp\/v2\/types\/product"}],"wp:featuredmedia":[{"embeddable":true,"href":"https:\/\/www.robotec.sk\/welding\/wp-json\/wp\/v2\/media\/1487"}],"wp:attachment":[{"href":"https:\/\/www.robotec.sk\/welding\/wp-json\/wp\/v2\/media?parent=1496"}],"wp:term":[{"taxonomy":"product_brand","embeddable":true,"href":"https:\/\/www.robotec.sk\/welding\/wp-json\/wp\/v2\/product_brand?post=1496"},{"taxonomy":"product_cat","embeddable":true,"href":"https:\/\/www.robotec.sk\/welding\/wp-json\/wp\/v2\/product_cat?post=1496"},{"taxonomy":"product_tag","embeddable":true,"href":"https:\/\/www.robotec.sk\/welding\/wp-json\/wp\/v2\/product_tag?post=1496"},{"taxonomy":"yst_prominent_words","embeddable":true,"href":"https:\/\/www.robotec.sk\/welding\/wp-json\/wp\/v2\/yst_prominent_words?post=1496"}],"curies":[{"name":"wp","href":"https:\/\/api.w.org\/{rel}","templated":true}]}}