{"id":1492,"date":"2019-05-06T10:50:49","date_gmt":"2019-05-06T08:50:49","guid":{"rendered":"https:\/\/www.robotec.sk\/welding\/?post_type=product&#038;p=1492"},"modified":"2020-05-21T10:03:00","modified_gmt":"2020-05-21T08:03:00","slug":"srm-svorniky-hz-1-fe-8-8","status":"publish","type":"product","link":"https:\/\/www.robotec.sk\/welding\/produkt\/srm-svorniky-hz-1-fe-8-8\/","title":{"rendered":"Z\u00e1vitov\u00e9 svorn\u00edky HZ-1, oce\u013eov\u00e9 s vy\u0161\u0161ou pevnos\u0165ou"},"content":{"rendered":"<p><img decoding=\"async\" class=\"alignnone wp-image-1491 size-full\" src=\"https:\/\/www.robotec.sk\/welding\/wp-content\/uploads\/2019\/05\/daten_hz1_bolzen_680.jpg\" alt=\" width=\"664\" height=\"255\" srcset=\"https:\/\/www.robotec.sk\/welding\/wp-content\/uploads\/2019\/05\/daten_hz1_bolzen_680-200x77.jpg 200w, https:\/\/www.robotec.sk\/welding\/wp-content\/uploads\/2019\/05\/daten_hz1_bolzen_680-300x115.jpg 300w, https:\/\/www.robotec.sk\/welding\/wp-content\/uploads\/2019\/05\/daten_hz1_bolzen_680-400x154.jpg 400w, https:\/\/www.robotec.sk\/welding\/wp-content\/uploads\/2019\/05\/daten_hz1_bolzen_680-500x192.jpg 500w, https:\/\/www.robotec.sk\/welding\/wp-content\/uploads\/2019\/05\/daten_hz1_bolzen_680-600x230.jpg 600w, https:\/\/www.robotec.sk\/welding\/wp-content\/uploads\/2019\/05\/daten_hz1_bolzen_680.jpg 664w\" sizes=\"(max-width: 664px) 100vw, 664px\" \/><\/p>\n","protected":false},"excerpt":{"rendered":"<p>Svorn\u00edky HZ-1 oce\u013eov\u00e9 \u2013 univerz\u00e1lne z\u00e1vitov\u00e9 svorn\u00edky s centrovacou \u0161pi\u010dkou pre priv\u00e1ranie v magnetickom poli &#8211; SRM, zdvihov\u00e9 priv\u00e1ranie ako aj kapacitn\u00e9 priv\u00e1ranie.<br \/>\nMateri\u00e1l: oce\u013e 8.8 vhodn\u00e1 pre zv\u00e1ranie<br \/>\nZ\u00e1vit svorn\u00edkov: M8, M10, M12, M16<br \/>\nD\u013a\u017eka svorn\u00edkov: 15 &#8211; 60 mm<\/p>\n","protected":false},"featured_media":1485,"template":"","meta":{"_monsterinsights_skip_tracking":false,"_monsterinsights_sitenote_active":false,"_monsterinsights_sitenote_note":"","_monsterinsights_sitenote_category":0},"product_brand":[],"product_cat":[65,68],"product_tag":[57],"yst_prominent_words":[],"class_list":{"0":"post-1492","1":"product","2":"type-product","3":"status-publish","4":"has-post-thumbnail","6":"product_cat-srm-privaranie-svornikov","7":"product_cat-srm-svorniky","8":"product_tag-soyer","10":"first","11":"onbackorder","12":"taxable","13":"shipping-taxable","14":"product-type-simple"},"acf":[],"_links":{"self":[{"href":"https:\/\/www.robotec.sk\/welding\/wp-json\/wp\/v2\/product\/1492","targetHints":{"allow":["GET"]}}],"collection":[{"href":"https:\/\/www.robotec.sk\/welding\/wp-json\/wp\/v2\/product"}],"about":[{"href":"https:\/\/www.robotec.sk\/welding\/wp-json\/wp\/v2\/types\/product"}],"wp:featuredmedia":[{"embeddable":true,"href":"https:\/\/www.robotec.sk\/welding\/wp-json\/wp\/v2\/media\/1485"}],"wp:attachment":[{"href":"https:\/\/www.robotec.sk\/welding\/wp-json\/wp\/v2\/media?parent=1492"}],"wp:term":[{"taxonomy":"product_brand","embeddable":true,"href":"https:\/\/www.robotec.sk\/welding\/wp-json\/wp\/v2\/product_brand?post=1492"},{"taxonomy":"product_cat","embeddable":true,"href":"https:\/\/www.robotec.sk\/welding\/wp-json\/wp\/v2\/product_cat?post=1492"},{"taxonomy":"product_tag","embeddable":true,"href":"https:\/\/www.robotec.sk\/welding\/wp-json\/wp\/v2\/product_tag?post=1492"},{"taxonomy":"yst_prominent_words","embeddable":true,"href":"https:\/\/www.robotec.sk\/welding\/wp-json\/wp\/v2\/yst_prominent_words?post=1492"}],"curies":[{"name":"wp","href":"https:\/\/api.w.org\/{rel}","templated":true}]}}