{"id":1480,"date":"2019-05-06T09:26:59","date_gmt":"2019-05-06T07:26:59","guid":{"rendered":"https:\/\/www.robotec.sk\/welding\/?post_type=product&#038;p=1480"},"modified":"2020-05-21T10:03:00","modified_gmt":"2020-05-21T08:03:00","slug":"ph-9-srmg","status":"publish","type":"product","link":"https:\/\/www.robotec.sk\/welding\/produkt\/ph-9-srmg\/","title":{"rendered":"PH-9 SRM + G"},"content":{"rendered":"<p>\u013dahk\u00e1 a kompaktn\u00e1 zv\u00e1racia pi\u0161to\u013e. V\u010faka integrovan\u00e9mu uzemneniu do hlavy pi\u0161tole odpad\u00e1 nutnos\u0165 pou\u017e\u00edva\u0165 sp\u00e4tn\u00e9 vedenie pr\u00fadu, \u010do je v\u00fdhodou najm\u00e4 pri mobiln\u00fdch aplik\u00e1ci\u00e1ch.\u00a0 Pi\u0161to\u013e je kompatibiln\u00e1 so v\u0161etk\u00fdmi zv\u00e1rac\u00edmi zdrojmi Soyer ur\u010den\u00fdmi na priv\u00e1ranie svorn\u00edkov v magnetickom poli (SRM). V\u010faka jej mal\u00fdm rozmerom a n\u00edzkej hmotnos\u0165 je ide\u00e1lnou pi\u0161to\u013eou pre zv\u00e1ranie na \u0165a\u017eko dostupn\u00fdch miestach a zv\u00e1ranie v poloh\u00e1ch. Zv\u00e1rac\u00ed rozsah pi\u0161tole je M3-M12.<\/p>\n<table class=\"tg\" style=\"border-collapse: collapse; border-spacing: 0;\">\n<tbody>\n<tr>\n<th style=\"font-family: Arial, sans-serif; font-size: 14px; font-weight: bold; padding: 10px 5px; overflow: hidden; word-break: normal; background-color: #efefef; text-align: left; vertical-align: top; border: 1px solid #c0c0c0;\">Polo\u017eka<\/th>\n<th style=\"font-family: Arial, sans-serif; font-size: 14px; font-weight: bold; padding: 10px 5px; overflow: hidden; word-break: normal; background-color: #efefef; text-align: left; vertical-align: top; border: 1px solid #c0c0c0;\">PH-9 SRM + G<\/th>\n<\/tr>\n<tr>\n<td style=\"font-family: Arial, sans-serif; font-size: 14px; padding: 10px 5px; overflow: hidden; word-break: normal; text-align: left; vertical-align: top; border: 1px solid #c0c0c0;\">Zv\u00e1rac\u00ed rozsah:<\/td>\n<td style=\"font-family: Arial, sans-serif; font-size: 14px; padding: 10px 5px; overflow: hidden; word-break: normal; text-align: left; vertical-align: top; border: 1px solid #c0c0c0;\">M3 &#8211; M12<\/td>\n<\/tr>\n<tr>\n<td style=\"font-family: Arial, sans-serif; font-size: 14px; padding: 10px 5px; overflow: hidden; word-break: normal; text-align: left; vertical-align: top; border: 1px solid #c0c0c0;\">Materi\u00e1l:<\/td>\n<td style=\"font-family: Arial, sans-serif; font-size: 14px; padding: 10px 5px; overflow: hidden; word-break: normal; text-align: left; vertical-align: top; border: 1px solid #c0c0c0;\">oce\u013e, nerez, \u017eiaru vzdorn\u00e1 oce\u013e<\/td>\n<\/tr>\n<tr>\n<td style=\"font-family: Arial, sans-serif; font-size: 14px; padding: 10px 5px; overflow: hidden; word-break: normal; text-align: left; vertical-align: top; border: 1px solid #c0c0c0;\">Hmotnos\u0165:<\/td>\n<td style=\"font-family: Arial, sans-serif; font-size: 14px; padding: 10px 5px; overflow: hidden; word-break: normal; text-align: left; vertical-align: top; border: 1px solid #c0c0c0;\">1,35 kg (bez k\u00e1bla)<\/td>\n<\/tr>\n<\/tbody>\n<\/table>\n","protected":false},"excerpt":{"rendered":"<p>Invat\u00edvna zv\u00e1racia pi\u0161to\u013e s integrovan\u00fdm uzemnen\u00edm. Mal\u00e1 a \u013eahk\u00e1 zv\u00e1racia pi\u0161to\u013e je vhodn\u00e1 pre mobiln\u00e9 aplik\u00e1cie a bola vyvinut\u00e1 pre nov\u00fa gener\u00e1ciu zv\u00e1rac\u00edch zdrojov Soyer s ozna\u010den\u00edm BMK-8i a BMK-12i. Umo\u017e\u0148uje zv\u00e1ranie svorn\u00edkov met\u00f3dou SRM v rozsahu M3 a\u017e M12.<\/p>\n","protected":false},"featured_media":1477,"template":"","meta":{"_monsterinsights_skip_tracking":false,"_monsterinsights_sitenote_active":false,"_monsterinsights_sitenote_note":"","_monsterinsights_sitenote_category":0},"product_brand":[],"product_cat":[67],"product_tag":[57],"yst_prominent_words":[],"class_list":{"0":"post-1480","1":"product","2":"type-product","3":"status-publish","4":"has-post-thumbnail","6":"product_cat-srm-pistole","7":"product_tag-soyer","9":"first","10":"onbackorder","11":"taxable","12":"shipping-taxable","13":"product-type-simple"},"acf":[],"_links":{"self":[{"href":"https:\/\/www.robotec.sk\/welding\/wp-json\/wp\/v2\/product\/1480","targetHints":{"allow":["GET"]}}],"collection":[{"href":"https:\/\/www.robotec.sk\/welding\/wp-json\/wp\/v2\/product"}],"about":[{"href":"https:\/\/www.robotec.sk\/welding\/wp-json\/wp\/v2\/types\/product"}],"wp:featuredmedia":[{"embeddable":true,"href":"https:\/\/www.robotec.sk\/welding\/wp-json\/wp\/v2\/media\/1477"}],"wp:attachment":[{"href":"https:\/\/www.robotec.sk\/welding\/wp-json\/wp\/v2\/media?parent=1480"}],"wp:term":[{"taxonomy":"product_brand","embeddable":true,"href":"https:\/\/www.robotec.sk\/welding\/wp-json\/wp\/v2\/product_brand?post=1480"},{"taxonomy":"product_cat","embeddable":true,"href":"https:\/\/www.robotec.sk\/welding\/wp-json\/wp\/v2\/product_cat?post=1480"},{"taxonomy":"product_tag","embeddable":true,"href":"https:\/\/www.robotec.sk\/welding\/wp-json\/wp\/v2\/product_tag?post=1480"},{"taxonomy":"yst_prominent_words","embeddable":true,"href":"https:\/\/www.robotec.sk\/welding\/wp-json\/wp\/v2\/yst_prominent_words?post=1480"}],"curies":[{"name":"wp","href":"https:\/\/api.w.org\/{rel}","templated":true}]}}