{"id":1479,"date":"2019-05-06T09:08:22","date_gmt":"2019-05-06T07:08:22","guid":{"rendered":"https:\/\/www.robotec.sk\/welding\/?post_type=product&#038;p=1479"},"modified":"2020-05-21T10:02:59","modified_gmt":"2020-05-21T08:02:59","slug":"ph-9-srm","status":"publish","type":"product","link":"https:\/\/www.robotec.sk\/welding\/produkt\/ph-9-srm\/","title":{"rendered":"PH-9 SRM"},"content":{"rendered":"<p>\u013dahk\u00e1 a kompaktn\u00e1 zv\u00e1racia pi\u0161to\u013e, ktor\u00e1 je kompatibiln\u00e1 so v\u0161etk\u00fdmi zv\u00e1rac\u00edmi zdrojmi Soyer ur\u010den\u00fdmi na priv\u00e1ranie svorn\u00edkov v magnetickom poli (SRM). V\u010faka jej mal\u00fdm rozmerom a n\u00edzkej hmotnos\u0165 je ide\u00e1lnou pi\u0161to\u013eou pre zv\u00e1ranie na \u0165a\u017eko dostupn\u00fdch miestach a zv\u00e1ranie v poloh\u00e1ch. Zv\u00e1rac\u00ed rozsah pi\u0161tole je M3-M12.<\/p>\n<table class=\"tg\" style=\"border-collapse: collapse; border-spacing: 0;\">\n<tbody>\n<tr>\n<th style=\"font-family: Arial, sans-serif; font-size: 14px; font-weight: bold; padding: 10px 5px; overflow: hidden; word-break: normal; background-color: #efefef; text-align: left; vertical-align: top; border: 1px solid #c0c0c0;\">Polo\u017eka<\/th>\n<th style=\"font-family: Arial, sans-serif; font-size: 14px; font-weight: bold; padding: 10px 5px; overflow: hidden; word-break: normal; background-color: #efefef; text-align: left; vertical-align: top; border: 1px solid #c0c0c0;\">PH-9 SRM<\/th>\n<\/tr>\n<tr>\n<td style=\"font-family: Arial, sans-serif; font-size: 14px; padding: 10px 5px; overflow: hidden; word-break: normal; text-align: left; vertical-align: top; border: 1px solid #c0c0c0;\">Zv\u00e1rac\u00ed rozsah:<\/td>\n<td style=\"font-family: Arial, sans-serif; font-size: 14px; padding: 10px 5px; overflow: hidden; word-break: normal; text-align: left; vertical-align: top; border: 1px solid #c0c0c0;\">M3 &#8211; M12<\/td>\n<\/tr>\n<tr>\n<td style=\"font-family: Arial, sans-serif; font-size: 14px; padding: 10px 5px; overflow: hidden; word-break: normal; text-align: left; vertical-align: top; border: 1px solid #c0c0c0;\">Materi\u00e1l:<\/td>\n<td style=\"font-family: Arial, sans-serif; font-size: 14px; padding: 10px 5px; overflow: hidden; word-break: normal; text-align: left; vertical-align: top; border: 1px solid #c0c0c0;\">oce\u013e, nerez, \u017eiaru vzdorn\u00e1 oce\u013e<\/td>\n<\/tr>\n<tr>\n<td style=\"font-family: Arial, sans-serif; font-size: 14px; padding: 10px 5px; overflow: hidden; word-break: normal; text-align: left; vertical-align: top; border: 1px solid #c0c0c0;\">Hmotnos\u0165:<\/td>\n<td style=\"font-family: Arial, sans-serif; font-size: 14px; padding: 10px 5px; overflow: hidden; word-break: normal; text-align: left; vertical-align: top; border: 1px solid #c0c0c0;\">1,2 kg (bez k\u00e1bla)<\/td>\n<\/tr>\n<\/tbody>\n<\/table>\n","protected":false},"excerpt":{"rendered":"<p>Mal\u00e1 a \u013eahk\u00e1 zv\u00e1racia pi\u0161to\u013e, ktor\u00e1 bola \u0161peci\u00e1lne vyvinut\u00e1 pre nov\u00fa gener\u00e1ciu zv\u00e1rac\u00edch zdrojov Soyer s ozna\u010den\u00edm BMK-8i a BMK-12i. Umo\u017e\u0148uje zv\u00e1ranie svorn\u00edkov met\u00f3dou SRM v rozsahu M3 a\u017e M12.<\/p>\n","protected":false},"featured_media":1476,"template":"","meta":{"_monsterinsights_skip_tracking":false,"_monsterinsights_sitenote_active":false,"_monsterinsights_sitenote_note":"","_monsterinsights_sitenote_category":0},"product_brand":[],"product_cat":[67],"product_tag":[57],"yst_prominent_words":[],"class_list":{"0":"post-1479","1":"product","2":"type-product","3":"status-publish","4":"has-post-thumbnail","6":"product_cat-srm-pistole","7":"product_tag-soyer","9":"first","10":"onbackorder","11":"taxable","12":"shipping-taxable","13":"product-type-simple"},"acf":[],"_links":{"self":[{"href":"https:\/\/www.robotec.sk\/welding\/wp-json\/wp\/v2\/product\/1479","targetHints":{"allow":["GET"]}}],"collection":[{"href":"https:\/\/www.robotec.sk\/welding\/wp-json\/wp\/v2\/product"}],"about":[{"href":"https:\/\/www.robotec.sk\/welding\/wp-json\/wp\/v2\/types\/product"}],"wp:featuredmedia":[{"embeddable":true,"href":"https:\/\/www.robotec.sk\/welding\/wp-json\/wp\/v2\/media\/1476"}],"wp:attachment":[{"href":"https:\/\/www.robotec.sk\/welding\/wp-json\/wp\/v2\/media?parent=1479"}],"wp:term":[{"taxonomy":"product_brand","embeddable":true,"href":"https:\/\/www.robotec.sk\/welding\/wp-json\/wp\/v2\/product_brand?post=1479"},{"taxonomy":"product_cat","embeddable":true,"href":"https:\/\/www.robotec.sk\/welding\/wp-json\/wp\/v2\/product_cat?post=1479"},{"taxonomy":"product_tag","embeddable":true,"href":"https:\/\/www.robotec.sk\/welding\/wp-json\/wp\/v2\/product_tag?post=1479"},{"taxonomy":"yst_prominent_words","embeddable":true,"href":"https:\/\/www.robotec.sk\/welding\/wp-json\/wp\/v2\/yst_prominent_words?post=1479"}],"curies":[{"name":"wp","href":"https:\/\/api.w.org\/{rel}","templated":true}]}}